{"id":205863,"date":"2025-10-23T07:37:32","date_gmt":"2025-10-23T05:37:32","guid":{"rendered":"https:\/\/www.tendenzeshabbychic.it\/prodotto\/blanc-mariclo-coussin-en-velours-vert-60x40-petals-velvet\/"},"modified":"2025-06-25T11:37:32","modified_gmt":"2025-06-25T09:37:32","slug":"blanc-mariclo-coussin-en-velours-vert-60x40-petals-velvet","status":"publish","type":"product","link":"https:\/\/www.tendenzeshabbychic.it\/fr\/produit\/blanc-mariclo-coussin-en-velours-vert-60x40-petals-velvet\/","title":{"rendered":"Blanc MariCl\u00f2 Coussin en velours vert 60&#215;40 Petals Velvet"},"content":{"rendered":"<p>Le coussin rectangulaire de la collection <em>Petali Velluto<\/em> de Blanc MariCl\u00f2 allie sobri\u00e9t\u00e9 et sophistication dans un design \u00e9l\u00e9gant. Enti\u00e8rement r\u00e9alis\u00e9 en coton effet velours, il s\u00e9duit par sa couleur vert olive profond et son bord festonn\u00e9 raffin\u00e9 qui met en valeur sa forme allong\u00e9e. <\/p>\n<p>Parfaitement assorti \u00e0 un lit ou \u00e0 un canap\u00e9, il cr\u00e9e une base \u00e9l\u00e9gante et sophistiqu\u00e9e, id\u00e9ale pour \u00eatre superpos\u00e9e \u00e0 d&rsquo;autres coussins \u00e0 motifs ou unis de la m\u00eame collection.<\/p>\n<ul>\n<li>Velours 100% coton : doux, durable et naturel<\/li>\n<li>Bord festonn\u00e9, \u00e9l\u00e9gant et d\u00e9coratif<\/li>\n<li>Couleur vert olive intense, adapt\u00e9e aux int\u00e9rieurs classiques ou Country Chic.<\/li>\n<li>Forme rectangulaire polyvalente pour le lit ou le canap\u00e9<\/li>\n<li>Parfait en combinaison avec d&rsquo;autres \u00e9l\u00e9ments P\u00e9tales de velours<\/li>\n<\/ul>\n","protected":false},"excerpt":{"rendered":"<p>Coussin rectangulaire en velours vert olive avec bord festonn\u00e9. \u00c9l\u00e9gance monochrome et finition douce. Collection Velvet Petals.<br \/>\n\ud83d\udccf 60 x 40 cm<\/p>\n","protected":false},"featured_media":216341,"comment_status":"open","ping_status":"closed","template":"","meta":{"_joinchat":[]},"pwb-brand":[1561],"product_brand":[],"product_cat":[1469],"product_tag":[],"class_list":{"0":"post-205863","1":"product","2":"type-product","3":"status-publish","4":"has-post-thumbnail","6":"pwb-brand-blanc-mariclo-fr","7":"product_cat-coussins","9":"first","10":"instock","11":"taxable","12":"shipping-taxable","13":"purchasable","14":"product-type-simple"},"brands":[{"id":1561,"name":"Blanc Mariclo","slug":"blanc-mariclo-fr"}],"_links":{"self":[{"href":"https:\/\/www.tendenzeshabbychic.it\/fr\/wp-json\/wp\/v2\/product\/205863","targetHints":{"allow":["GET"]}}],"collection":[{"href":"https:\/\/www.tendenzeshabbychic.it\/fr\/wp-json\/wp\/v2\/product"}],"about":[{"href":"https:\/\/www.tendenzeshabbychic.it\/fr\/wp-json\/wp\/v2\/types\/product"}],"replies":[{"embeddable":true,"href":"https:\/\/www.tendenzeshabbychic.it\/fr\/wp-json\/wp\/v2\/comments?post=205863"}],"wp:featuredmedia":[{"embeddable":true,"href":"https:\/\/www.tendenzeshabbychic.it\/fr\/wp-json\/wp\/v2\/media\/216341"}],"wp:attachment":[{"href":"https:\/\/www.tendenzeshabbychic.it\/fr\/wp-json\/wp\/v2\/media?parent=205863"}],"wp:term":[{"taxonomy":"pwb-brand","embeddable":true,"href":"https:\/\/www.tendenzeshabbychic.it\/fr\/wp-json\/wp\/v2\/pwb-brand?post=205863"},{"taxonomy":"product_brand","embeddable":true,"href":"https:\/\/www.tendenzeshabbychic.it\/fr\/wp-json\/wp\/v2\/product_brand?post=205863"},{"taxonomy":"product_cat","embeddable":true,"href":"https:\/\/www.tendenzeshabbychic.it\/fr\/wp-json\/wp\/v2\/product_cat?post=205863"},{"taxonomy":"product_tag","embeddable":true,"href":"https:\/\/www.tendenzeshabbychic.it\/fr\/wp-json\/wp\/v2\/product_tag?post=205863"}],"curies":[{"name":"wp","href":"https:\/\/api.w.org\/{rel}","templated":true}]}}