{"id":205753,"date":"2025-08-05T01:00:01","date_gmt":"2025-08-04T23:00:01","guid":{"rendered":"https:\/\/www.tendenzeshabbychic.it\/prodotto\/nuvole-di-dioffa-set-6-soldat-de-the-4h\/"},"modified":"2025-10-16T08:30:43","modified_gmt":"2025-10-16T06:30:43","slug":"nuvole-di-dioffa-set-6-soldat-de-the-4h","status":"publish","type":"product","link":"https:\/\/www.tendenzeshabbychic.it\/fr\/produit\/nuvole-di-dioffa-set-6-soldat-de-the-4h\/","title":{"rendered":"Nuvole di dioffa Set 6 soldat de th\u00e9 4h"},"content":{"rendered":"<p>Le set de 6 bougies chauffe-plat <em>Nuvole di Stoffa<\/em> est un petit bijou d\u00e9coratif pour enrichir de charme et de gaiet\u00e9 la table ou les coins de la maison pendant les f\u00eates de fin d&rsquo;ann\u00e9e. Chaque bougie reproduit le visage d&rsquo;un petit soldat de Casse-Noisette, avec des d\u00e9tails raffin\u00e9s tels que la barbe blanche, le visage ros\u00e9 et le chapeau rouge avec une d\u00e9coration de No\u00ebl verte. Les expressions amusantes et les bordures dor\u00e9es ajoutent une touche ludique mais \u00e9l\u00e9gante.  <\/p>\n<p>D&rsquo;une dur\u00e9e d&rsquo;environ 4 heures, elles sont parfaites pour cr\u00e9er une ambiance lors d&rsquo;un d\u00eener ou pour d\u00e9corer un \u00e9talage. Pr\u00e9sent\u00e9es dans un \u00e9l\u00e9gant emballage transparent avec une base rouge, elles constituent \u00e9galement une id\u00e9e de cadeau originale et impressionnante. <\/p>\n<p><strong>Points forts :<\/strong><\/p>\n<ul>\n<li>Dessin de No\u00ebl soign\u00e9 et d\u00e9taill\u00e9<\/li>\n<li>Bougies en cire avec base en aluminium<\/li>\n<li>Dur\u00e9e d&rsquo;environ 4 heures chacun<\/li>\n<li>Emballage pr\u00eat \u00e0 offrir<\/li>\n<li>Parfait pour d\u00e9corer la table de f\u00eate<\/li>\n<\/ul>\n\n\t<section class=\"section linkified dark\" id=\"section_748469935\">\n\t\t<div class=\"section-bg fill\" >\n\t\t\t<img loading=\"lazy\" decoding=\"async\" width=\"800\" height=\"213\" src=\"https:\/\/www.tendenzeshabbychic.it\/wp-content\/uploads\/2021\/09\/natale-hero-1-800x213.jpg\" class=\"bg attachment-medium size-medium\" alt=\"\" \/>\t\t\t\t\t\t<div class=\"section-bg-overlay absolute fill\"><\/div>\n\t\t\t\n\n\t\t<\/div>\n\n\t\t\n\n\t\t<div class=\"section-content relative\">\n\t\t\t\n\n<div class=\"row\"  id=\"row-896509057\">\n\n\n\t<div id=\"col-1750153490\" class=\"col small-12 large-12\"  >\n\t\t\t\t<div class=\"col-inner text-center\"  >\n\t\t\t\n\t\t\t\n\n<h3><span style=\"font-size: 180%;\">No\u00ebl<\/span><\/h3>\n<p>D\u00e9couvrez la large s\u00e9lection de produits pour d\u00e9corer votre maison pour No\u00ebl.<\/p>\n<a href=\"https:\/\/www.tendenzeshabbychic.it\/fr\/categorie-de-produit\/noel\/\" class=\"button alert is-shade box-shadow-3 box-shadow-5-hover\" style=\"border-radius:5px;\">\n\t\t<span>Cliquez ici<\/span>\n\t<\/a>\n\n\n\n\t\t<\/div>\n\t\t\t\t\t<\/div>\n\n\t\n\n<\/div>\n\n\t\t<\/div>\n\n\t\t\n<style>\n#section_748469935 {\n  padding-top: 12px;\n  padding-bottom: 12px;\n}\n#section_748469935 .section-bg-overlay {\n  background-color: rgba(0, 0, 0, 0.419);\n}\n#section_748469935 .section-bg img {\n  object-position: 21% 51%;\n}\n@media (min-width:550px) {\n  #section_748469935 {\n    padding-top: 57px;\n    padding-bottom: 57px;\n  }\n}\n<\/style>\n\t<\/section>\n\t\n","protected":false},"excerpt":{"rendered":"<p>Lot de 6 bougies chauffe-plat en forme de t\u00eate de soldat de Casse-Noisette, avec des d\u00e9tails peints \u00e0 la main dans les tons rouge, blanc et or. Chaque bougie est contenue dans son propre socle en m\u00e9tal. Pr\u00e9sent\u00e9 dans une \u00e9l\u00e9gante bo\u00eete transparente.  <\/p>\n<p>13,7 x 9 x 6,5 cm &#8211; dur\u00e9e : 4 heures<\/p>\n","protected":false},"featured_media":200275,"comment_status":"open","ping_status":"closed","template":"","meta":{"_joinchat":[]},"pwb-brand":[1563],"product_brand":[],"product_cat":[1460,1503],"product_tag":[2455,1296],"class_list":{"0":"post-205753","1":"product","2":"type-product","3":"status-publish","4":"has-post-thumbnail","6":"pwb-brand-nuvole-di-stoffa-fr","7":"product_cat-bougies","8":"product_cat-noel","9":"product_tag-casse-noisette","10":"product_tag-idee-de-cadeau","12":"first","13":"instock","14":"sale","15":"taxable","16":"shipping-taxable","17":"purchasable","18":"product-type-simple"},"brands":[{"id":1563,"name":"Nuvole di Stoffa","slug":"nuvole-di-stoffa-fr"}],"_links":{"self":[{"href":"https:\/\/www.tendenzeshabbychic.it\/fr\/wp-json\/wp\/v2\/product\/205753","targetHints":{"allow":["GET"]}}],"collection":[{"href":"https:\/\/www.tendenzeshabbychic.it\/fr\/wp-json\/wp\/v2\/product"}],"about":[{"href":"https:\/\/www.tendenzeshabbychic.it\/fr\/wp-json\/wp\/v2\/types\/product"}],"replies":[{"embeddable":true,"href":"https:\/\/www.tendenzeshabbychic.it\/fr\/wp-json\/wp\/v2\/comments?post=205753"}],"wp:featuredmedia":[{"embeddable":true,"href":"https:\/\/www.tendenzeshabbychic.it\/fr\/wp-json\/wp\/v2\/media\/200275"}],"wp:attachment":[{"href":"https:\/\/www.tendenzeshabbychic.it\/fr\/wp-json\/wp\/v2\/media?parent=205753"}],"wp:term":[{"taxonomy":"pwb-brand","embeddable":true,"href":"https:\/\/www.tendenzeshabbychic.it\/fr\/wp-json\/wp\/v2\/pwb-brand?post=205753"},{"taxonomy":"product_brand","embeddable":true,"href":"https:\/\/www.tendenzeshabbychic.it\/fr\/wp-json\/wp\/v2\/product_brand?post=205753"},{"taxonomy":"product_cat","embeddable":true,"href":"https:\/\/www.tendenzeshabbychic.it\/fr\/wp-json\/wp\/v2\/product_cat?post=205753"},{"taxonomy":"product_tag","embeddable":true,"href":"https:\/\/www.tendenzeshabbychic.it\/fr\/wp-json\/wp\/v2\/product_tag?post=205753"}],"curies":[{"name":"wp","href":"https:\/\/api.w.org\/{rel}","templated":true}]}}