{"id":205736,"date":"2025-08-05T01:00:01","date_gmt":"2025-08-04T23:00:01","guid":{"rendered":"https:\/\/www.tendenzeshabbychic.it\/prodotto\/nuvole-di-stoffa-arbre-a-bougies-33-cm\/"},"modified":"2025-10-16T22:28:52","modified_gmt":"2025-10-16T20:28:52","slug":"nuvole-di-stoffa-arbre-a-bougies-33-cm","status":"publish","type":"product","link":"https:\/\/www.tendenzeshabbychic.it\/fr\/produit\/nuvole-di-stoffa-arbre-a-bougies-33-cm\/","title":{"rendered":"Nuvole di Stoffa Arbre \u00e0 bougies 33 cm"},"content":{"rendered":"<p>Une ic\u00f4ne de No\u00ebl r\u00e9interpr\u00e9t\u00e9e dans une cl\u00e9 d\u00e9corative : la bougie <em>Nuvole di Stoffa<\/em> repr\u00e9sente un soldat Casse-Noisette en cire raffin\u00e9, habill\u00e9 dans les tons classiques rouge feu et vert for\u00eat avec des accents dor\u00e9s. La v\u00e9ritable touche sc\u00e9nique se trouve au sommet : au-dessus du chapeau, deux paquets cadeaux empil\u00e9s soutiennent un arbre de No\u00ebl stylis\u00e9, agr\u00e9ment\u00e9 de mini-boules rouges et de paillettes dor\u00e9es \u00e0 l&rsquo;extr\u00e9mit\u00e9. <\/p>\n<p>Parfaite pour cr\u00e9er des atmosph\u00e8res chaleureuses, cette bougie est id\u00e9ale pour d\u00e9corer les buffets, les tables de f\u00eate ou les coins particuliers de la maison. Elle constitue \u00e9galement un cadeau \u00e9l\u00e9gant et original pour les amateurs de No\u00ebl classique. <\/p>\n<p><strong>Id\u00e9es d\u00e9co :<\/strong><br \/>\nCombinez-le avec la version papier cadeau pour un effet jumel\u00e9 sur une \u00e9tag\u00e8re ou comme centre de table. Id\u00e9al pour les d\u00e9corations de style f\u00e9erique ou traditionnel. <\/p>\n<p><strong>Points forts :<\/strong><\/p>\n<ul>\n<li>Bougie en cire d\u00e9taill\u00e9e et peinte \u00e0 la main<\/li>\n<li>Design cr\u00e9atif avec sapin de No\u00ebl paillet\u00e9<\/li>\n<li>Couleurs intenses de No\u00ebl : rouge, vert et or<\/li>\n<li>Parfait comme d\u00e9coration de No\u00ebl ou comme cadeau<\/li>\n<li>Hauteur de 33 cm : pr\u00e9sence sc\u00e9nique m\u00eame seule<\/li>\n<\/ul>\n\n\t<section class=\"section linkified dark\" id=\"section_690726253\">\n\t\t<div class=\"section-bg fill\" >\n\t\t\t<img loading=\"lazy\" decoding=\"async\" width=\"800\" height=\"213\" src=\"https:\/\/www.tendenzeshabbychic.it\/wp-content\/uploads\/2021\/09\/natale-hero-1-800x213.jpg\" class=\"bg attachment-medium size-medium\" alt=\"\" \/>\t\t\t\t\t\t<div class=\"section-bg-overlay absolute fill\"><\/div>\n\t\t\t\n\n\t\t<\/div>\n\n\t\t\n\n\t\t<div class=\"section-content relative\">\n\t\t\t\n\n<div class=\"row\"  id=\"row-1740866875\">\n\n\n\t<div id=\"col-386512957\" class=\"col small-12 large-12\"  >\n\t\t\t\t<div class=\"col-inner text-center\"  >\n\t\t\t\n\t\t\t\n\n<h3><span style=\"font-size: 180%;\">No\u00ebl<\/span><\/h3>\n<p>D\u00e9couvrez la large s\u00e9lection de produits pour d\u00e9corer votre maison pour No\u00ebl.<\/p>\n<a href=\"https:\/\/www.tendenzeshabbychic.it\/fr\/categorie-de-produit\/noel\/\" class=\"button alert is-shade box-shadow-3 box-shadow-5-hover\" style=\"border-radius:5px;\">\n\t\t<span>Cliquez ici<\/span>\n\t<\/a>\n\n\n\n\t\t<\/div>\n\t\t\t\t\t<\/div>\n\n\t\n\n<\/div>\n\n\t\t<\/div>\n\n\t\t\n<style>\n#section_690726253 {\n  padding-top: 12px;\n  padding-bottom: 12px;\n}\n#section_690726253 .section-bg-overlay {\n  background-color: rgba(0, 0, 0, 0.419);\n}\n#section_690726253 .section-bg img {\n  object-position: 21% 51%;\n}\n@media (min-width:550px) {\n  #section_690726253 {\n    padding-top: 57px;\n    padding-bottom: 57px;\n  }\n}\n<\/style>\n\t<\/section>\n\t\n","protected":false},"excerpt":{"rendered":"<p>Bougie d\u00e9corative en cire en forme de casse-noisette de No\u00ebl, avec des d\u00e9tails rouges, verts et dor\u00e9s. Le chapeau est un arbre de No\u00ebl superpos\u00e9 \u00e0 des emballages de cadeaux, le tout agr\u00e9ment\u00e9 de paillettes et de bordures peintes \u00e0 la main. <\/p>\n<p>\ud83d\udccf 33 x 7 x 7 cm<\/p>\n","protected":false},"featured_media":200236,"comment_status":"open","ping_status":"closed","template":"","meta":{"_joinchat":[]},"pwb-brand":[1563],"product_brand":[],"product_cat":[1460,1503],"product_tag":[2455,1296],"class_list":{"0":"post-205736","1":"product","2":"type-product","3":"status-publish","4":"has-post-thumbnail","6":"pwb-brand-nuvole-di-stoffa-fr","7":"product_cat-bougies","8":"product_cat-noel","9":"product_tag-casse-noisette","10":"product_tag-idee-de-cadeau","12":"first","13":"instock","14":"sale","15":"taxable","16":"shipping-taxable","17":"purchasable","18":"product-type-simple"},"brands":[{"id":1563,"name":"Nuvole di Stoffa","slug":"nuvole-di-stoffa-fr"}],"_links":{"self":[{"href":"https:\/\/www.tendenzeshabbychic.it\/fr\/wp-json\/wp\/v2\/product\/205736","targetHints":{"allow":["GET"]}}],"collection":[{"href":"https:\/\/www.tendenzeshabbychic.it\/fr\/wp-json\/wp\/v2\/product"}],"about":[{"href":"https:\/\/www.tendenzeshabbychic.it\/fr\/wp-json\/wp\/v2\/types\/product"}],"replies":[{"embeddable":true,"href":"https:\/\/www.tendenzeshabbychic.it\/fr\/wp-json\/wp\/v2\/comments?post=205736"}],"wp:featuredmedia":[{"embeddable":true,"href":"https:\/\/www.tendenzeshabbychic.it\/fr\/wp-json\/wp\/v2\/media\/200236"}],"wp:attachment":[{"href":"https:\/\/www.tendenzeshabbychic.it\/fr\/wp-json\/wp\/v2\/media?parent=205736"}],"wp:term":[{"taxonomy":"pwb-brand","embeddable":true,"href":"https:\/\/www.tendenzeshabbychic.it\/fr\/wp-json\/wp\/v2\/pwb-brand?post=205736"},{"taxonomy":"product_brand","embeddable":true,"href":"https:\/\/www.tendenzeshabbychic.it\/fr\/wp-json\/wp\/v2\/product_brand?post=205736"},{"taxonomy":"product_cat","embeddable":true,"href":"https:\/\/www.tendenzeshabbychic.it\/fr\/wp-json\/wp\/v2\/product_cat?post=205736"},{"taxonomy":"product_tag","embeddable":true,"href":"https:\/\/www.tendenzeshabbychic.it\/fr\/wp-json\/wp\/v2\/product_tag?post=205736"}],"curies":[{"name":"wp","href":"https:\/\/api.w.org\/{rel}","templated":true}]}}