{"id":205729,"date":"2025-08-05T01:00:01","date_gmt":"2025-08-04T23:00:01","guid":{"rendered":"https:\/\/www.tendenzeshabbychic.it\/prodotto\/nuvole-di-stoffa-arbre-a-bougies-avec-baies-h-22-cm\/"},"modified":"2026-01-26T20:56:45","modified_gmt":"2026-01-26T19:56:45","slug":"nuvole-di-stoffa-arbre-a-bougies-avec-baies-h-22-cm","status":"publish","type":"product","link":"https:\/\/www.tendenzeshabbychic.it\/fr\/produit\/nuvole-di-stoffa-arbre-a-bougies-avec-baies-h-22-cm\/","title":{"rendered":"Nuvole di Stoffa Arbre \u00e0 bougies avec baies H 22 cm"},"content":{"rendered":"<p>La bougie <em>Nuvole di Stoffa<\/em> en forme de sapin avec baies est un petit chef-d&rsquo;\u0153uvre d\u00e9coratif alliant r\u00e9alisme et po\u00e9sie de No\u00ebl. R\u00e9alis\u00e9e en cire avec un grand souci du d\u00e9tail, elle reproduit un sapin stylis\u00e9 aux branches richement sculpt\u00e9es et orn\u00e9es de baies gaufr\u00e9es rouge vif. La surface est l\u00e9g\u00e8rement vaporis\u00e9e de paillettes \u00e0 effet de neige pour une touche lumineuse et festive.  <\/p>\n<p>Avec sa forme \u00e9lanc\u00e9e et ses dimensions compactes, il est parfait pour orner les \u00e9tag\u00e8res, les tables d&rsquo;appoint ou les centres de table de No\u00ebl, seul ou en combinaison avec la version plus haute de 26 cm, cr\u00e9ant ainsi une composition \u00e9l\u00e9gante et naturelle.<\/p>\n<p><strong>Points forts :<\/strong><\/p>\n<ul>\n<li>Conception r\u00e9aliste et traitement d\u00e9taill\u00e9 des branches<\/li>\n<li>Baies gaufr\u00e9es rouges et effet de neige paillet\u00e9<\/li>\n<li>Style naturel parfait pour les environnements shabby ou rustiques<\/li>\n<li>Facile \u00e0 combiner avec d&rsquo;autres d\u00e9corations de No\u00ebl<\/li>\n<li>Excellente id\u00e9e de cadeau de No\u00ebl<\/li>\n<\/ul>\n\n\t<section class=\"section linkified dark\" id=\"section_613104953\">\n\t\t<div class=\"section-bg fill\" >\n\t\t\t<img loading=\"lazy\" decoding=\"async\" width=\"800\" height=\"213\" src=\"https:\/\/www.tendenzeshabbychic.it\/wp-content\/uploads\/2021\/09\/natale-hero-1-800x213.jpg\" class=\"bg attachment-medium size-medium\" alt=\"\" \/>\t\t\t\t\t\t<div class=\"section-bg-overlay absolute fill\"><\/div>\n\t\t\t\n\n\t\t<\/div>\n\n\t\t\n\n\t\t<div class=\"section-content relative\">\n\t\t\t\n\n<div class=\"row\"  id=\"row-178471411\">\n\n\n\t<div id=\"col-1718682784\" class=\"col small-12 large-12\"  >\n\t\t\t\t<div class=\"col-inner text-center\"  >\n\t\t\t\n\t\t\t\n\n<h3><span style=\"font-size: 180%;\">No\u00ebl<\/span><\/h3>\n<p>D\u00e9couvrez la large s\u00e9lection de produits pour d\u00e9corer votre maison pour No\u00ebl.<\/p>\n<a href=\"https:\/\/www.tendenzeshabbychic.it\/fr\/categorie-de-produit\/noel\/\" class=\"button alert is-shade box-shadow-3 box-shadow-5-hover\" style=\"border-radius:5px;\">\n\t\t<span>Cliquez ici<\/span>\n\t<\/a>\n\n\n\n\t\t<\/div>\n\t\t\t\t\t<\/div>\n\n\t\n\n<\/div>\n\n\t\t<\/div>\n\n\t\t\n<style>\n#section_613104953 {\n  padding-top: 12px;\n  padding-bottom: 12px;\n}\n#section_613104953 .section-bg-overlay {\n  background-color: rgba(0, 0, 0, 0.419);\n}\n#section_613104953 .section-bg img {\n  object-position: 21% 51%;\n}\n@media (min-width:550px) {\n  #section_613104953 {\n    padding-top: 57px;\n    padding-bottom: 57px;\n  }\n}\n<\/style>\n\t<\/section>\n\t\n","protected":false},"excerpt":{"rendered":"<p>Bougie en cire moul\u00e9e en forme d&rsquo;arbre de No\u00ebl, avec des branches cisel\u00e9es et des baies rouges en relief. Teinte vert sapin avec des d\u00e9tails r\u00e9alistes et une l\u00e9g\u00e8re finition paillet\u00e9e. Parfaite pour d\u00e9corer la maison avec go\u00fbt pendant les f\u00eates de fin d&rsquo;ann\u00e9e.  <\/p>\n<p>\ud83d\udccf 22 x 8,5 x 8,5 cm<\/p>\n","protected":false},"featured_media":200245,"comment_status":"open","ping_status":"closed","template":"","meta":{"_joinchat":[]},"pwb-brand":[1563],"product_brand":[],"product_cat":[1460,1503],"product_tag":[2455,1296],"class_list":{"0":"post-205729","1":"product","2":"type-product","3":"status-publish","4":"has-post-thumbnail","6":"pwb-brand-nuvole-di-stoffa-fr","7":"product_cat-bougies","8":"product_cat-noel","9":"product_tag-casse-noisette","10":"product_tag-idee-de-cadeau","12":"first","13":"instock","14":"sale","15":"taxable","16":"shipping-taxable","17":"purchasable","18":"product-type-simple"},"brands":[{"id":1563,"name":"Nuvole di Stoffa","slug":"nuvole-di-stoffa-fr"}],"_links":{"self":[{"href":"https:\/\/www.tendenzeshabbychic.it\/fr\/wp-json\/wp\/v2\/product\/205729","targetHints":{"allow":["GET"]}}],"collection":[{"href":"https:\/\/www.tendenzeshabbychic.it\/fr\/wp-json\/wp\/v2\/product"}],"about":[{"href":"https:\/\/www.tendenzeshabbychic.it\/fr\/wp-json\/wp\/v2\/types\/product"}],"replies":[{"embeddable":true,"href":"https:\/\/www.tendenzeshabbychic.it\/fr\/wp-json\/wp\/v2\/comments?post=205729"}],"wp:featuredmedia":[{"embeddable":true,"href":"https:\/\/www.tendenzeshabbychic.it\/fr\/wp-json\/wp\/v2\/media\/200245"}],"wp:attachment":[{"href":"https:\/\/www.tendenzeshabbychic.it\/fr\/wp-json\/wp\/v2\/media?parent=205729"}],"wp:term":[{"taxonomy":"pwb-brand","embeddable":true,"href":"https:\/\/www.tendenzeshabbychic.it\/fr\/wp-json\/wp\/v2\/pwb-brand?post=205729"},{"taxonomy":"product_brand","embeddable":true,"href":"https:\/\/www.tendenzeshabbychic.it\/fr\/wp-json\/wp\/v2\/product_brand?post=205729"},{"taxonomy":"product_cat","embeddable":true,"href":"https:\/\/www.tendenzeshabbychic.it\/fr\/wp-json\/wp\/v2\/product_cat?post=205729"},{"taxonomy":"product_tag","embeddable":true,"href":"https:\/\/www.tendenzeshabbychic.it\/fr\/wp-json\/wp\/v2\/product_tag?post=205729"}],"curies":[{"name":"wp","href":"https:\/\/api.w.org\/{rel}","templated":true}]}}