{"id":205618,"date":"2025-12-16T20:45:53","date_gmt":"2025-12-16T19:45:53","guid":{"rendered":"https:\/\/www.tendenzeshabbychic.it\/prodotto\/coeur-blanchi-avec-base-en-bois-h-150-cm-bosco-incantato\/"},"modified":"2025-11-04T10:25:14","modified_gmt":"2025-11-04T09:25:14","slug":"coeur-blanchi-avec-base-en-bois-h-150-cm-bosco-incantato","status":"publish","type":"product","link":"https:\/\/www.tendenzeshabbychic.it\/fr\/produit\/coeur-blanchi-avec-base-en-bois-h-150-cm-bosco-incantato\/","title":{"rendered":"Coeur blanchi avec base en bois &#8211; H 150 cm &#8211; Bosco Incantato"},"content":{"rendered":"<p>Le <strong>c\u0153ur blanchi avec base en bois de<\/strong> 150 cm de la ligne <em>Bosco Incantato<\/em> est une d\u00e9coration sc\u00e9nique \u00e0 fort impact visuel. R\u00e9alis\u00e9 en bois avec une finition blanchie et mont\u00e9 sur une tige m\u00e9tallique avec une base stable, il est parfaitement adapt\u00e9 aux grands espaces, aux entr\u00e9es, aux locaux commerciaux ou aux vitrines. <\/p>\n<p>Son design simple mais \u00e9mouvant en fait un meuble polyvalent, id\u00e9al pour les ambiances chaleureuses.<\/p>\n<ul>\n<li>Hauteur totale : 150 cm<\/li>\n<li>Mat\u00e9riau : bois naturel et m\u00e9tal<\/li>\n<li>Finition blanchie \u00e0 effet vintage<\/li>\n<li>Socle en bois robuste<\/li>\n<li>Pr\u00e9parations sc\u00e9nographiques<\/li>\n<li>D\u00e9corations saisonni\u00e8res ou romantiques<\/li>\n<li>Vitrines et espaces commerciaux<\/li>\n<li>Environnements rustiques ou Shabby Chic<\/li>\n<\/ul>\n\n\t<section class=\"section linkified dark\" id=\"section_1367709734\">\n\t\t<div class=\"section-bg fill\" >\n\t\t\t<img loading=\"lazy\" decoding=\"async\" width=\"800\" height=\"213\" src=\"https:\/\/www.tendenzeshabbychic.it\/wp-content\/uploads\/2021\/09\/natale-hero-1-800x213.jpg\" class=\"bg attachment-medium size-medium\" alt=\"\" \/>\t\t\t\t\t\t<div class=\"section-bg-overlay absolute fill\"><\/div>\n\t\t\t\n\n\t\t<\/div>\n\n\t\t\n\n\t\t<div class=\"section-content relative\">\n\t\t\t\n\n<div class=\"row\"  id=\"row-61747488\">\n\n\n\t<div id=\"col-1716106525\" class=\"col small-12 large-12\"  >\n\t\t\t\t<div class=\"col-inner text-center\"  >\n\t\t\t\n\t\t\t\n\n<h3><span style=\"font-size: 180%;\">No\u00ebl<\/span><\/h3>\n<p>D\u00e9couvrez la large s\u00e9lection de produits pour d\u00e9corer votre maison pour No\u00ebl.<\/p>\n<a href=\"https:\/\/www.tendenzeshabbychic.it\/fr\/categorie-de-produit\/noel\/\" class=\"button alert is-shade box-shadow-3 box-shadow-5-hover\" style=\"border-radius:5px;\">\n\t\t<span>Cliquez ici<\/span>\n\t<\/a>\n\n\n\n\t\t<\/div>\n\t\t\t\t\t<\/div>\n\n\t\n\n<\/div>\n\n\t\t<\/div>\n\n\t\t\n<style>\n#section_1367709734 {\n  padding-top: 12px;\n  padding-bottom: 12px;\n}\n#section_1367709734 .section-bg-overlay {\n  background-color: rgba(0, 0, 0, 0.419);\n}\n#section_1367709734 .section-bg img {\n  object-position: 21% 51%;\n}\n@media (min-width:550px) {\n  #section_1367709734 {\n    padding-top: 57px;\n    padding-bottom: 57px;\n  }\n}\n<\/style>\n\t<\/section>\n\t\n","protected":false},"excerpt":{"rendered":"<p>Coeur d\u00e9coratif en bois blanchi sur une tige de 150 cm de haut. Une touche \u00e9l\u00e9gante et naturelle pour les d\u00e9cors rustiques et romantiques. <\/p>\n<p>\u2764\ufe0f Coeur d\u00e9coratif sur la base<br \/>\n\ud83d\udccf Hauteur : 150 cm<br \/>\n\ud83e\udeb5 Bois blanchi<br \/>\n\ud83c\udfe1 Parfait pour l&rsquo;int\u00e9rieur ou les vitrines.<\/p>\n","protected":false},"featured_media":200164,"comment_status":"open","ping_status":"closed","template":"","meta":{"_joinchat":[]},"pwb-brand":[1563],"product_brand":[],"product_cat":[1505],"product_tag":[1296,3134],"class_list":{"0":"post-205618","1":"product","2":"type-product","3":"status-publish","4":"has-post-thumbnail","6":"pwb-brand-nuvole-di-stoffa-fr","7":"product_cat-objets","8":"product_tag-idee-de-cadeau","9":"product_tag-saint-valentin","11":"first","12":"instock","13":"taxable","14":"shipping-taxable","15":"purchasable","16":"product-type-simple"},"brands":[{"id":1563,"name":"Nuvole di Stoffa","slug":"nuvole-di-stoffa-fr"}],"_links":{"self":[{"href":"https:\/\/www.tendenzeshabbychic.it\/fr\/wp-json\/wp\/v2\/product\/205618","targetHints":{"allow":["GET"]}}],"collection":[{"href":"https:\/\/www.tendenzeshabbychic.it\/fr\/wp-json\/wp\/v2\/product"}],"about":[{"href":"https:\/\/www.tendenzeshabbychic.it\/fr\/wp-json\/wp\/v2\/types\/product"}],"replies":[{"embeddable":true,"href":"https:\/\/www.tendenzeshabbychic.it\/fr\/wp-json\/wp\/v2\/comments?post=205618"}],"wp:featuredmedia":[{"embeddable":true,"href":"https:\/\/www.tendenzeshabbychic.it\/fr\/wp-json\/wp\/v2\/media\/200164"}],"wp:attachment":[{"href":"https:\/\/www.tendenzeshabbychic.it\/fr\/wp-json\/wp\/v2\/media?parent=205618"}],"wp:term":[{"taxonomy":"pwb-brand","embeddable":true,"href":"https:\/\/www.tendenzeshabbychic.it\/fr\/wp-json\/wp\/v2\/pwb-brand?post=205618"},{"taxonomy":"product_brand","embeddable":true,"href":"https:\/\/www.tendenzeshabbychic.it\/fr\/wp-json\/wp\/v2\/product_brand?post=205618"},{"taxonomy":"product_cat","embeddable":true,"href":"https:\/\/www.tendenzeshabbychic.it\/fr\/wp-json\/wp\/v2\/product_cat?post=205618"},{"taxonomy":"product_tag","embeddable":true,"href":"https:\/\/www.tendenzeshabbychic.it\/fr\/wp-json\/wp\/v2\/product_tag?post=205618"}],"curies":[{"name":"wp","href":"https:\/\/api.w.org\/{rel}","templated":true}]}}