{"id":205478,"date":"2025-10-12T00:00:01","date_gmt":"2025-10-11T22:00:01","guid":{"rendered":"https:\/\/www.tendenzeshabbychic.it\/prodotto\/essenza-di-sole-stick-diffuseur-250-ml\/"},"modified":"2025-10-16T22:42:29","modified_gmt":"2025-10-16T20:42:29","slug":"essenza-di-sole-stick-diffuseur-250-ml","status":"publish","type":"product","link":"https:\/\/www.tendenzeshabbychic.it\/fr\/produit\/essenza-di-sole-stick-diffuseur-250-ml\/","title":{"rendered":"Essenza di Sole &#8211; Stick Diffuseur 250 ml"},"content":{"rendered":"<p>Essenza di Sole est une essence d&rsquo;\u00e9l\u00e9gance pure. Un parfum qui r\u00e9chauffe l&rsquo;\u00e2me avec la douceur de la figue et la sensualit\u00e9 de la rose. Parfait pour ceux qui aiment les atmosph\u00e8res ensoleill\u00e9es, sophistiqu\u00e9es et raffin\u00e9es.  <\/p>\n<p>Id\u00e9al pour ceux qui aiment la beaut\u00e9 intemporelle et le raffinement des essences les plus exclusives.<\/p>\n","protected":false},"excerpt":{"rendered":"<p>Un diffuseur \u00e0 b\u00e2tonnets de 250 ml con\u00e7u pour transformer n&rsquo;importe quelle pi\u00e8ce en un espace intime et s\u00e9duisant gr\u00e2ce \u00e0 huit b\u00e2tonnets de 27 cm. Un parfum enveloppant et sensuel de figue et de rose. Parfait pour les environnements chics.  <\/p>\n<p><strong>Pyramide olfactive :<\/strong><\/p>\n<ul>\n<li>Notes de t\u00eate : Figue verte, feuilles de citron<\/li>\n<li>Notes de c\u0153ur : p\u00e9tales de rose, muguet<\/li>\n<li>Notes de fond : Bois l\u00e9ger, Musc blanc<\/li>\n<\/ul>\n","protected":false},"featured_media":205433,"comment_status":"open","ping_status":"closed","template":"","meta":{"_joinchat":[]},"pwb-brand":[1576],"product_brand":[],"product_cat":[1517,1515],"product_tag":[1296,1298],"class_list":{"0":"post-205478","1":"product","2":"type-product","3":"status-publish","4":"has-post-thumbnail","6":"pwb-brand-tendenze-shabby-chic-fr","7":"product_cat-diffuseurs-en-baton","8":"product_cat-parfumeurs","9":"product_tag-idee-de-cadeau","10":"product_tag-made-in-italy-fr","12":"first","13":"instock","14":"taxable","15":"shipping-taxable","16":"purchasable","17":"product-type-simple"},"brands":[{"id":1576,"name":"Tendenze Shabby Chic","slug":"tendenze-shabby-chic-fr"}],"_links":{"self":[{"href":"https:\/\/www.tendenzeshabbychic.it\/fr\/wp-json\/wp\/v2\/product\/205478","targetHints":{"allow":["GET"]}}],"collection":[{"href":"https:\/\/www.tendenzeshabbychic.it\/fr\/wp-json\/wp\/v2\/product"}],"about":[{"href":"https:\/\/www.tendenzeshabbychic.it\/fr\/wp-json\/wp\/v2\/types\/product"}],"replies":[{"embeddable":true,"href":"https:\/\/www.tendenzeshabbychic.it\/fr\/wp-json\/wp\/v2\/comments?post=205478"}],"wp:featuredmedia":[{"embeddable":true,"href":"https:\/\/www.tendenzeshabbychic.it\/fr\/wp-json\/wp\/v2\/media\/205433"}],"wp:attachment":[{"href":"https:\/\/www.tendenzeshabbychic.it\/fr\/wp-json\/wp\/v2\/media?parent=205478"}],"wp:term":[{"taxonomy":"pwb-brand","embeddable":true,"href":"https:\/\/www.tendenzeshabbychic.it\/fr\/wp-json\/wp\/v2\/pwb-brand?post=205478"},{"taxonomy":"product_brand","embeddable":true,"href":"https:\/\/www.tendenzeshabbychic.it\/fr\/wp-json\/wp\/v2\/product_brand?post=205478"},{"taxonomy":"product_cat","embeddable":true,"href":"https:\/\/www.tendenzeshabbychic.it\/fr\/wp-json\/wp\/v2\/product_cat?post=205478"},{"taxonomy":"product_tag","embeddable":true,"href":"https:\/\/www.tendenzeshabbychic.it\/fr\/wp-json\/wp\/v2\/product_tag?post=205478"}],"curies":[{"name":"wp","href":"https:\/\/api.w.org\/{rel}","templated":true}]}}