{"id":205474,"date":"2025-10-12T00:00:01","date_gmt":"2025-10-11T22:00:01","guid":{"rendered":"https:\/\/www.tendenzeshabbychic.it\/prodotto\/bianca-spray-pour-sac-a-main-10-ml\/"},"modified":"2025-10-17T00:06:54","modified_gmt":"2025-10-16T22:06:54","slug":"bianca-spray-pour-sac-a-main-10-ml","status":"publish","type":"product","link":"https:\/\/www.tendenzeshabbychic.it\/fr\/produit\/bianca-spray-pour-sac-a-main-10-ml\/","title":{"rendered":"Bianca &#8211; Spray pour sac \u00e0 main 10 ml"},"content":{"rendered":"<p>Bianca est une essence d&rsquo;\u00e9l\u00e9gance pure.<br \/>\nUn parfum intense, lumineux et enveloppant. Le bois de rose r\u00e9v\u00e8le toute son \u00e2me \u00e9l\u00e9gante et profonde dans un parfum qui est une d\u00e9claration de style et de pr\u00e9sence. <\/p>\n<p>Vaporisateur de sac \u00e0 main con\u00e7u pour envelopper les espaces de charme et de sensualit\u00e9.<br \/>\nId\u00e9al pour ceux qui souhaitent laisser une impression olfactive raffin\u00e9e et d\u00e9cisive.<\/p>\n","protected":false},"excerpt":{"rendered":"<table style=\"border-collapse: collapse; width: 71.3699%; height: 11px;\" border=\"1\">\n<tbody>\n<tr>\n<td style=\"width: 100%;\">\u2728 Le parfum comme forme d&rsquo;art, n\u00e9 du c\u0153ur de l&rsquo;artisanat italien.<\/td>\n<\/tr>\n<\/tbody>\n<\/table>\n<p>Un parfum de bois de rose \u00e9l\u00e9gant et enveloppant. Pour des environnements sophistiqu\u00e9s et intemporels. Id\u00e9al \u00e9galement comme testeur de 10 ml.  <\/p>\n<p><strong>Pyramide olfactive<\/strong><\/p>\n<ul>\n<li>Notes de t\u00eate : Poivre rose, Bergamote<\/li>\n<li>Notes de c\u0153ur : bois de rose, iris velout\u00e9<\/li>\n<li>Notes de fond : ambre, bois de santal, musc<\/li>\n<\/ul>\n","protected":false},"featured_media":205430,"comment_status":"open","ping_status":"closed","template":"","meta":{"_joinchat":[]},"pwb-brand":[1576],"product_brand":[],"product_cat":[1518,1515],"product_tag":[1296,1298],"class_list":{"0":"post-205474","1":"product","2":"type-product","3":"status-publish","4":"has-post-thumbnail","6":"pwb-brand-tendenze-shabby-chic-fr","7":"product_cat-spray-fr","8":"product_cat-parfumeurs","9":"product_tag-idee-de-cadeau","10":"product_tag-made-in-italy-fr","12":"first","13":"instock","14":"taxable","15":"shipping-taxable","16":"purchasable","17":"product-type-simple"},"brands":[{"id":1576,"name":"Tendenze Shabby Chic","slug":"tendenze-shabby-chic-fr"}],"_links":{"self":[{"href":"https:\/\/www.tendenzeshabbychic.it\/fr\/wp-json\/wp\/v2\/product\/205474","targetHints":{"allow":["GET"]}}],"collection":[{"href":"https:\/\/www.tendenzeshabbychic.it\/fr\/wp-json\/wp\/v2\/product"}],"about":[{"href":"https:\/\/www.tendenzeshabbychic.it\/fr\/wp-json\/wp\/v2\/types\/product"}],"replies":[{"embeddable":true,"href":"https:\/\/www.tendenzeshabbychic.it\/fr\/wp-json\/wp\/v2\/comments?post=205474"}],"wp:featuredmedia":[{"embeddable":true,"href":"https:\/\/www.tendenzeshabbychic.it\/fr\/wp-json\/wp\/v2\/media\/205430"}],"wp:attachment":[{"href":"https:\/\/www.tendenzeshabbychic.it\/fr\/wp-json\/wp\/v2\/media?parent=205474"}],"wp:term":[{"taxonomy":"pwb-brand","embeddable":true,"href":"https:\/\/www.tendenzeshabbychic.it\/fr\/wp-json\/wp\/v2\/pwb-brand?post=205474"},{"taxonomy":"product_brand","embeddable":true,"href":"https:\/\/www.tendenzeshabbychic.it\/fr\/wp-json\/wp\/v2\/product_brand?post=205474"},{"taxonomy":"product_cat","embeddable":true,"href":"https:\/\/www.tendenzeshabbychic.it\/fr\/wp-json\/wp\/v2\/product_cat?post=205474"},{"taxonomy":"product_tag","embeddable":true,"href":"https:\/\/www.tendenzeshabbychic.it\/fr\/wp-json\/wp\/v2\/product_tag?post=205474"}],"curies":[{"name":"wp","href":"https:\/\/api.w.org\/{rel}","templated":true}]}}