{"id":205095,"date":"2025-08-06T01:00:01","date_gmt":"2025-08-05T23:00:01","guid":{"rendered":"https:\/\/www.tendenzeshabbychic.it\/prodotto\/bougie-parfumee-edg-arbre-vert-foret-h20-cm\/"},"modified":"2025-10-13T15:21:26","modified_gmt":"2025-10-13T13:21:26","slug":"bougie-parfumee-edg-arbre-vert-foret-h20-cm","status":"publish","type":"product","link":"https:\/\/www.tendenzeshabbychic.it\/fr\/produit\/bougie-parfumee-edg-arbre-vert-foret-h20-cm\/","title":{"rendered":"Bougie parfum\u00e9e EDG Arbre Vert For\u00eat H20 cm"},"content":{"rendered":"<p>La bougie EDG Nordic Forest est un objet de d\u00e9coration raffin\u00e9 en verre \u00e0 effet m\u00e9tallique vert, model\u00e9 comme un \u00e9l\u00e9gant sapin stylis\u00e9. A l&rsquo;int\u00e9rieur, un parfum enveloppant de figue et de jasmin (Mission Fig &amp; Jasmine) diffuse une atmosph\u00e8re cosy et sophistiqu\u00e9e. Parfait pour rehausser l&rsquo;ambiance pendant les f\u00eates de fin d&rsquo;ann\u00e9e, il est pr\u00e9sent\u00e9 dans un coffret d\u00e9cor\u00e9 de fa\u00e7on th\u00e9matique, ce qui en fait un cadeau id\u00e9al.  <\/p>\n<ul>\n<li>\u00c9l\u00e9gant motif de No\u00ebl en verre souffl\u00e9<\/li>\n<li>Parfum intense et enveloppant de Mission Figue &amp; Jasmin<\/li>\n<li>Finition m\u00e9tallique vert brillant<\/li>\n<li>Bo\u00eete cadeau d\u00e9corative parfaite<\/li>\n<li>Id\u00e9al comme \u00e9l\u00e9ment d\u00e9coratif et sensoriel<\/li>\n<\/ul>\n\n\t<section class=\"section linkified dark\" id=\"section_1876047200\">\n\t\t<div class=\"section-bg fill\" >\n\t\t\t<img loading=\"lazy\" decoding=\"async\" width=\"800\" height=\"213\" src=\"https:\/\/www.tendenzeshabbychic.it\/wp-content\/uploads\/2021\/09\/natale-hero-1-800x213.jpg\" class=\"bg attachment-medium size-medium\" alt=\"\" \/>\t\t\t\t\t\t<div class=\"section-bg-overlay absolute fill\"><\/div>\n\t\t\t\n\n\t\t<\/div>\n\n\t\t\n\n\t\t<div class=\"section-content relative\">\n\t\t\t\n\n<div class=\"row\"  id=\"row-2058921240\">\n\n\n\t<div id=\"col-932867303\" class=\"col small-12 large-12\"  >\n\t\t\t\t<div class=\"col-inner text-center\"  >\n\t\t\t\n\t\t\t\n\n<h3><span style=\"font-size: 180%;\">No\u00ebl<\/span><\/h3>\n<p>D\u00e9couvrez la large s\u00e9lection de produits pour d\u00e9corer votre maison pour No\u00ebl.<\/p>\n<a href=\"https:\/\/www.tendenzeshabbychic.it\/fr\/categorie-de-produit\/noel\/\" class=\"button alert is-shade box-shadow-3 box-shadow-5-hover\" style=\"border-radius:5px;\">\n\t\t<span>Cliquez ici<\/span>\n\t<\/a>\n\n\n\n\t\t<\/div>\n\t\t\t\t\t<\/div>\n\n\t\n\n<\/div>\n\n\t\t<\/div>\n\n\t\t\n<style>\n#section_1876047200 {\n  padding-top: 12px;\n  padding-bottom: 12px;\n}\n#section_1876047200 .section-bg-overlay {\n  background-color: rgba(0, 0, 0, 0.419);\n}\n#section_1876047200 .section-bg img {\n  object-position: 21% 51%;\n}\n@media (min-width:550px) {\n  #section_1876047200 {\n    padding-top: 57px;\n    padding-bottom: 57px;\n  }\n}\n<\/style>\n\t<\/section>\n\t\n","protected":false},"excerpt":{"rendered":"<p>Bougie parfum\u00e9e en forme d&rsquo;arbre en verre vert m\u00e9tallique, avec le parfum Mission Figue &amp; Jasmin. \u00c9l\u00e9gant coffret cadeau. <\/p>\n<p>\ud83d\udccf H 20 x L 13 x P 8 cm- 230 GR &#8211; dur\u00e9e 45H<\/p>\n<p>&nbsp;<\/p>\n","protected":false},"featured_media":189976,"comment_status":"open","ping_status":"closed","template":"","meta":{"_joinchat":[]},"pwb-brand":[1564],"product_brand":[],"product_cat":[1460,1516,1459,1503],"product_tag":[1296],"class_list":{"0":"post-205095","1":"product","2":"type-product","3":"status-publish","4":"has-post-thumbnail","6":"pwb-brand-edg-fr","7":"product_cat-bougies","8":"product_cat-bougies-parfumees","9":"product_cat-chandeliers-et-bougeoirs","10":"product_cat-noel","11":"product_tag-idee-de-cadeau","13":"first","14":"instock","15":"sale","16":"taxable","17":"shipping-taxable","18":"purchasable","19":"product-type-simple"},"brands":[{"id":1564,"name":"EDG \u2013 Enzo De Gasperi","slug":"edg-fr"}],"_links":{"self":[{"href":"https:\/\/www.tendenzeshabbychic.it\/fr\/wp-json\/wp\/v2\/product\/205095","targetHints":{"allow":["GET"]}}],"collection":[{"href":"https:\/\/www.tendenzeshabbychic.it\/fr\/wp-json\/wp\/v2\/product"}],"about":[{"href":"https:\/\/www.tendenzeshabbychic.it\/fr\/wp-json\/wp\/v2\/types\/product"}],"replies":[{"embeddable":true,"href":"https:\/\/www.tendenzeshabbychic.it\/fr\/wp-json\/wp\/v2\/comments?post=205095"}],"wp:featuredmedia":[{"embeddable":true,"href":"https:\/\/www.tendenzeshabbychic.it\/fr\/wp-json\/wp\/v2\/media\/189976"}],"wp:attachment":[{"href":"https:\/\/www.tendenzeshabbychic.it\/fr\/wp-json\/wp\/v2\/media?parent=205095"}],"wp:term":[{"taxonomy":"pwb-brand","embeddable":true,"href":"https:\/\/www.tendenzeshabbychic.it\/fr\/wp-json\/wp\/v2\/pwb-brand?post=205095"},{"taxonomy":"product_brand","embeddable":true,"href":"https:\/\/www.tendenzeshabbychic.it\/fr\/wp-json\/wp\/v2\/product_brand?post=205095"},{"taxonomy":"product_cat","embeddable":true,"href":"https:\/\/www.tendenzeshabbychic.it\/fr\/wp-json\/wp\/v2\/product_cat?post=205095"},{"taxonomy":"product_tag","embeddable":true,"href":"https:\/\/www.tendenzeshabbychic.it\/fr\/wp-json\/wp\/v2\/product_tag?post=205095"}],"curies":[{"name":"wp","href":"https:\/\/api.w.org\/{rel}","templated":true}]}}