{"id":205093,"date":"2025-08-06T01:00:01","date_gmt":"2025-08-05T23:00:01","guid":{"rendered":"https:\/\/www.tendenzeshabbychic.it\/prodotto\/edg-arbre-a-bougies-rouge-foret-nordique-h20-cm\/"},"modified":"2025-12-07T18:20:59","modified_gmt":"2025-12-07T17:20:59","slug":"edg-arbre-a-bougies-rouge-foret-nordique-h20-cm","status":"publish","type":"product","link":"https:\/\/www.tendenzeshabbychic.it\/fr\/produit\/edg-arbre-a-bougies-rouge-foret-nordique-h20-cm\/","title":{"rendered":"EDG Arbre \u00e0 bougies rouge for\u00eat nordique H20 cm"},"content":{"rendered":"<p>La bougie parfum\u00e9e EDG de la collection Nordic Forest se distingue par son \u00e9l\u00e9gante forme de sapin stylis\u00e9 en verre rouge bordeaux brillant avec un effet pliss\u00e9. Le r\u00e9cipient r\u00e9utilisable contient une bougie aromatique au parfum Cranberry &amp; Pomegranate, id\u00e9ale pour diffuser une atmosph\u00e8re de No\u00ebl chaleureuse. Parfait pour d\u00e9corer les buffets, les tables ou les chemin\u00e9es avec une touche raffin\u00e9e et festive.  <\/p>\n<ul>\n<li>\u00c9l\u00e9gant motif de No\u00ebl dans un verre pliss\u00e9 rouge<\/li>\n<li>Parfum intense de canneberge et de grenade<\/li>\n<li>Dur\u00e9e 45 heures &#8211; 230 g de cire<\/li>\n<li>R\u00e9cipient d\u00e9coratif r\u00e9utilisable<\/li>\n<li>Un emballage id\u00e9al pour les cadeaux<\/li>\n<\/ul>\n\n\t<section class=\"section linkified dark\" id=\"section_1179957545\">\n\t\t<div class=\"section-bg fill\" >\n\t\t\t<img loading=\"lazy\" decoding=\"async\" width=\"800\" height=\"213\" src=\"https:\/\/www.tendenzeshabbychic.it\/wp-content\/uploads\/2021\/09\/natale-hero-1-800x213.jpg\" class=\"bg attachment-medium size-medium\" alt=\"\" \/>\t\t\t\t\t\t<div class=\"section-bg-overlay absolute fill\"><\/div>\n\t\t\t\n\n\t\t<\/div>\n\n\t\t\n\n\t\t<div class=\"section-content relative\">\n\t\t\t\n\n<div class=\"row\"  id=\"row-874464069\">\n\n\n\t<div id=\"col-1268568508\" class=\"col small-12 large-12\"  >\n\t\t\t\t<div class=\"col-inner text-center\"  >\n\t\t\t\n\t\t\t\n\n<h3><span style=\"font-size: 180%;\">No\u00ebl<\/span><\/h3>\n<p>D\u00e9couvrez la large s\u00e9lection de produits pour d\u00e9corer votre maison pour No\u00ebl.<\/p>\n<a href=\"https:\/\/www.tendenzeshabbychic.it\/fr\/categorie-de-produit\/noel\/\" class=\"button alert is-shade box-shadow-3 box-shadow-5-hover\" style=\"border-radius:5px;\">\n\t\t<span>Cliquez ici<\/span>\n\t<\/a>\n\n\n\n\t\t<\/div>\n\t\t\t\t\t<\/div>\n\n\t\n\n<\/div>\n\n\t\t<\/div>\n\n\t\t\n<style>\n#section_1179957545 {\n  padding-top: 12px;\n  padding-bottom: 12px;\n}\n#section_1179957545 .section-bg-overlay {\n  background-color: rgba(0, 0, 0, 0.419);\n}\n#section_1179957545 .section-bg img {\n  object-position: 21% 51%;\n}\n@media (min-width:550px) {\n  #section_1179957545 {\n    padding-top: 57px;\n    padding-bottom: 57px;\n  }\n}\n<\/style>\n\t<\/section>\n\t\n","protected":false},"excerpt":{"rendered":"<p>Bougie parfum\u00e9e en forme d&rsquo;arbre dans un verre rouge bordeaux avec une finition polie et pliss\u00e9e. \u00c9l\u00e9gant coffret cadeau. <\/p>\n<p>\ud83d\udccf H 20 x L 13 x P 8 cm &#8211; 230 GR &#8211; 45H durabilit\u00e9<\/p>\n<p>&nbsp;<\/p>\n","protected":false},"featured_media":189963,"comment_status":"open","ping_status":"closed","template":"","meta":{"_joinchat":[]},"pwb-brand":[1564],"product_brand":[],"product_cat":[1460,1516,1459,1503],"product_tag":[1296],"class_list":{"0":"post-205093","1":"product","2":"type-product","3":"status-publish","4":"has-post-thumbnail","6":"pwb-brand-edg-fr","7":"product_cat-bougies","8":"product_cat-bougies-parfumees","9":"product_cat-chandeliers-et-bougeoirs","10":"product_cat-noel","11":"product_tag-idee-de-cadeau","13":"first","14":"instock","15":"sale","16":"taxable","17":"shipping-taxable","18":"purchasable","19":"product-type-simple"},"brands":[{"id":1564,"name":"EDG \u2013 Enzo De Gasperi","slug":"edg-fr"}],"_links":{"self":[{"href":"https:\/\/www.tendenzeshabbychic.it\/fr\/wp-json\/wp\/v2\/product\/205093","targetHints":{"allow":["GET"]}}],"collection":[{"href":"https:\/\/www.tendenzeshabbychic.it\/fr\/wp-json\/wp\/v2\/product"}],"about":[{"href":"https:\/\/www.tendenzeshabbychic.it\/fr\/wp-json\/wp\/v2\/types\/product"}],"replies":[{"embeddable":true,"href":"https:\/\/www.tendenzeshabbychic.it\/fr\/wp-json\/wp\/v2\/comments?post=205093"}],"wp:featuredmedia":[{"embeddable":true,"href":"https:\/\/www.tendenzeshabbychic.it\/fr\/wp-json\/wp\/v2\/media\/189963"}],"wp:attachment":[{"href":"https:\/\/www.tendenzeshabbychic.it\/fr\/wp-json\/wp\/v2\/media?parent=205093"}],"wp:term":[{"taxonomy":"pwb-brand","embeddable":true,"href":"https:\/\/www.tendenzeshabbychic.it\/fr\/wp-json\/wp\/v2\/pwb-brand?post=205093"},{"taxonomy":"product_brand","embeddable":true,"href":"https:\/\/www.tendenzeshabbychic.it\/fr\/wp-json\/wp\/v2\/product_brand?post=205093"},{"taxonomy":"product_cat","embeddable":true,"href":"https:\/\/www.tendenzeshabbychic.it\/fr\/wp-json\/wp\/v2\/product_cat?post=205093"},{"taxonomy":"product_tag","embeddable":true,"href":"https:\/\/www.tendenzeshabbychic.it\/fr\/wp-json\/wp\/v2\/product_tag?post=205093"}],"curies":[{"name":"wp","href":"https:\/\/api.w.org\/{rel}","templated":true}]}}