{"id":204631,"date":"2025-10-06T12:54:46","date_gmt":"2025-10-06T10:54:46","guid":{"rendered":"https:\/\/www.tendenzeshabbychic.it\/prodotto\/blanc-mariclo-buste-femme-en-resine-h-61-cm\/"},"modified":"2025-10-12T22:19:52","modified_gmt":"2025-10-12T20:19:52","slug":"blanc-mariclo-buste-femme-en-resine-h-61-cm","status":"publish","type":"product","link":"https:\/\/www.tendenzeshabbychic.it\/fr\/produit\/blanc-mariclo-buste-femme-en-resine-h-61-cm\/","title":{"rendered":"Blanc MariClo&rsquo; Buste Femme en r\u00e9sine h 61 cm"},"content":{"rendered":"<p>Ce buste d\u00e9coratif de Blanc MariClo&rsquo; repr\u00e9sente une figure f\u00e9minine envelopp\u00e9e dans un doux drap\u00e9, avec une couronne de feuilles sur la t\u00eate qui rappelle les symboles de la nature et de l&rsquo;antiquit\u00e9. R\u00e9alis\u00e9 en r\u00e9sine avec une finition vieillie effet pierre, cette pi\u00e8ce conf\u00e8re \u00e9l\u00e9gance et personnalit\u00e9 \u00e0 n&rsquo;importe quelle pi\u00e8ce, de l&rsquo;entr\u00e9e \u00e0 la biblioth\u00e8que en passant par le jardin d&rsquo;hiver. Un rappel de la beaut\u00e9 sculpturale classique r\u00e9interpr\u00e9t\u00e9e dans une touche Shabby Chic.  <\/p>\n<p><strong>Points forts :<\/strong><\/p>\n<ul>\n<li>D\u00e9tails sculpt\u00e9s avec une expression sereine et r\u00e9aliste<\/li>\n<li>Finition effet pierre avec un aspect antique<\/li>\n<li>Mat\u00e9riau durable et l\u00e9ger<\/li>\n<li>Style d\u00e9coratif parfait pour l&rsquo;int\u00e9rieur ou la maison<\/li>\n<li>Id\u00e9al comme point de mire sur une console ou une biblioth\u00e8que<\/li>\n<\/ul>\n","protected":false},"excerpt":{"rendered":"<p>Buste d\u00e9coratif en r\u00e9sine \u00e0 effet de pierre avec figure f\u00e9minine drap\u00e9e et couronne de feuilles, de style classique.<\/p>\n<p>\ud83d\udccf 61 x 37 x 21 cm<\/p>\n","protected":false},"featured_media":194357,"comment_status":"open","ping_status":"closed","template":"","meta":{"_joinchat":[]},"pwb-brand":[2076],"product_brand":[],"product_cat":[1505],"product_tag":[3277,2283,2205,2254],"class_list":{"0":"post-204631","1":"product","2":"type-product","3":"status-publish","4":"has-post-thumbnail","6":"pwb-brand-blanc-mariclo-es","7":"product_cat-objets","8":"product_tag-antiqua-domus-es","9":"product_tag-idea-de-regalo","10":"product_tag-patina-vintage-es","11":"product_tag-vintage-es","13":"first","14":"instock","15":"taxable","16":"shipping-taxable","17":"purchasable","18":"product-type-simple"},"brands":[{"id":1561,"name":"Blanc Mariclo","slug":"blanc-mariclo-fr"}],"_links":{"self":[{"href":"https:\/\/www.tendenzeshabbychic.it\/fr\/wp-json\/wp\/v2\/product\/204631","targetHints":{"allow":["GET"]}}],"collection":[{"href":"https:\/\/www.tendenzeshabbychic.it\/fr\/wp-json\/wp\/v2\/product"}],"about":[{"href":"https:\/\/www.tendenzeshabbychic.it\/fr\/wp-json\/wp\/v2\/types\/product"}],"replies":[{"embeddable":true,"href":"https:\/\/www.tendenzeshabbychic.it\/fr\/wp-json\/wp\/v2\/comments?post=204631"}],"wp:featuredmedia":[{"embeddable":true,"href":"https:\/\/www.tendenzeshabbychic.it\/fr\/wp-json\/wp\/v2\/media\/194357"}],"wp:attachment":[{"href":"https:\/\/www.tendenzeshabbychic.it\/fr\/wp-json\/wp\/v2\/media?parent=204631"}],"wp:term":[{"taxonomy":"pwb-brand","embeddable":true,"href":"https:\/\/www.tendenzeshabbychic.it\/fr\/wp-json\/wp\/v2\/pwb-brand?post=204631"},{"taxonomy":"product_brand","embeddable":true,"href":"https:\/\/www.tendenzeshabbychic.it\/fr\/wp-json\/wp\/v2\/product_brand?post=204631"},{"taxonomy":"product_cat","embeddable":true,"href":"https:\/\/www.tendenzeshabbychic.it\/fr\/wp-json\/wp\/v2\/product_cat?post=204631"},{"taxonomy":"product_tag","embeddable":true,"href":"https:\/\/www.tendenzeshabbychic.it\/fr\/wp-json\/wp\/v2\/product_tag?post=204631"}],"curies":[{"name":"wp","href":"https:\/\/api.w.org\/{rel}","templated":true}]}}