{"id":203858,"date":"2025-08-08T01:00:01","date_gmt":"2025-08-07T23:00:01","guid":{"rendered":"https:\/\/www.tendenzeshabbychic.it\/prodotto\/edg-corona-lumiere-75-cm-1800-microled\/"},"modified":"2025-10-30T00:19:30","modified_gmt":"2025-10-29T23:19:30","slug":"edg-corona-lumiere-75-cm-1800-microled","status":"publish","type":"product","link":"https:\/\/www.tendenzeshabbychic.it\/fr\/produit\/edg-corona-lumiere-75-cm-1800-microled\/","title":{"rendered":"EDG Corona Lumiere 75 cm 1800 Microled"},"content":{"rendered":"<p>La couronne LED <em>Lumiere<\/em> d&rsquo;EDG est un impressionnant luminaire d\u00e9coratif, parfait pour ajouter une touche dramatique et \u00e9l\u00e9gante \u00e0 n&rsquo;importe quelle pi\u00e8ce. Fabriqu\u00e9e en m\u00e9tal dor\u00e9, elle pr\u00e9sente une structure tiss\u00e9e avec des fils flexibles qui s&rsquo;ouvrent de mani\u00e8re dynamique, \u00e9clair\u00e9s par pas moins de 1800 sources lumineuses fixes microled. La disposition des fils cr\u00e9e un effet sophistiqu\u00e9 et contemporain de \u00ab\u00a0branches lumineuses\u00a0\u00bb, id\u00e9al pour \u00eatre accroch\u00e9 aux portes, aux murs ou aux vitrines.  <\/p>\n<p>Son style moderne convient parfaitement aux environnements minimalistes, tandis que la lumi\u00e8re chaude contribue \u00e0 cr\u00e9er une atmosph\u00e8re chaleureuse et festive.<\/p>\n<ul>\n<li>1800 microleds \u00e0 lumi\u00e8re fixe pour une luminosit\u00e9 intense<\/li>\n<li>Design artistique et a\u00e9r\u00e9 avec des c\u00e2bles lumineux flottants<\/li>\n<li>Cadre en m\u00e9tal dor\u00e9 \u00e9l\u00e9gant et durable<\/li>\n<li>Facile \u00e0 suspendre, avec un c\u00e2ble de 5 m\u00e8tres de long<\/li>\n<li>Convient \u00e9galement pour une utilisation ext\u00e9rieure couverte (IP44)<\/li>\n<\/ul>\n\n\t<section class=\"section linkified dark\" id=\"section_2119405134\">\n\t\t<div class=\"section-bg fill\" >\n\t\t\t<img loading=\"lazy\" decoding=\"async\" width=\"800\" height=\"213\" src=\"https:\/\/www.tendenzeshabbychic.it\/wp-content\/uploads\/2021\/09\/natale-hero-1-800x213.jpg\" class=\"bg attachment-medium size-medium\" alt=\"\" \/>\t\t\t\t\t\t<div class=\"section-bg-overlay absolute fill\"><\/div>\n\t\t\t\n\n\t\t<\/div>\n\n\t\t\n\n\t\t<div class=\"section-content relative\">\n\t\t\t\n\n<div class=\"row\"  id=\"row-1850248853\">\n\n\n\t<div id=\"col-1941242911\" class=\"col small-12 large-12\"  >\n\t\t\t\t<div class=\"col-inner text-center\"  >\n\t\t\t\n\t\t\t\n\n<h3><span style=\"font-size: 180%;\">No\u00ebl<\/span><\/h3>\n<p>D\u00e9couvrez la large s\u00e9lection de produits pour d\u00e9corer votre maison pour No\u00ebl.<\/p>\n<a href=\"https:\/\/www.tendenzeshabbychic.it\/fr\/categorie-de-produit\/noel\/\" class=\"button alert is-shade box-shadow-3 box-shadow-5-hover\" style=\"border-radius:5px;\">\n\t\t<span>Cliquez ici<\/span>\n\t<\/a>\n\n\n\n\t\t<\/div>\n\t\t\t\t\t<\/div>\n\n\t\n\n<\/div>\n\n\t\t<\/div>\n\n\t\t\n<style>\n#section_2119405134 {\n  padding-top: 12px;\n  padding-bottom: 12px;\n}\n#section_2119405134 .section-bg-overlay {\n  background-color: rgba(0, 0, 0, 0.419);\n}\n#section_2119405134 .section-bg img {\n  object-position: 21% 51%;\n}\n@media (min-width:550px) {\n  #section_2119405134 {\n    padding-top: 57px;\n    padding-bottom: 57px;\n  }\n}\n<\/style>\n\t<\/section>\n\t\n","protected":false},"excerpt":{"rendered":"<p>Guirlande lumineuse en m\u00e9tal dor\u00e9, avec c\u00e2bles tress\u00e9s et 1800 microlumi\u00e8res fixes. Design sc\u00e9nique et raffin\u00e9 \u00e0 suspendre. <\/p>\n<p>\ud83d\udccf Diam\u00e8tre 75 cm<\/p>\n<p><iframe loading=\"lazy\" title=\"Corona di LED Lumiere\" src=\"https:\/\/www.youtube.com\/embed\/URIr6lBfyI4\" width=\"458\" height=\"815\" frameborder=\"0\" allowfullscreen=\"allowfullscreen\"><\/iframe><\/p>\n","protected":false},"featured_media":190142,"comment_status":"open","ping_status":"closed","template":"","meta":{"_joinchat":[]},"pwb-brand":[1564],"product_brand":[],"product_cat":[3352,1503],"product_tag":[3137,2940],"class_list":{"0":"post-203858","1":"product","2":"type-product","3":"status-publish","4":"has-post-thumbnail","6":"pwb-brand-edg-fr","7":"product_cat-decorations-de-noel-lumineuses","8":"product_cat-noel","9":"product_tag-festons-et-guirlandes","10":"product_tag-jardin","12":"first","13":"instock","14":"sale","15":"taxable","16":"shipping-taxable","17":"purchasable","18":"product-type-simple"},"brands":[{"id":1564,"name":"EDG \u2013 Enzo De Gasperi","slug":"edg-fr"}],"_links":{"self":[{"href":"https:\/\/www.tendenzeshabbychic.it\/fr\/wp-json\/wp\/v2\/product\/203858","targetHints":{"allow":["GET"]}}],"collection":[{"href":"https:\/\/www.tendenzeshabbychic.it\/fr\/wp-json\/wp\/v2\/product"}],"about":[{"href":"https:\/\/www.tendenzeshabbychic.it\/fr\/wp-json\/wp\/v2\/types\/product"}],"replies":[{"embeddable":true,"href":"https:\/\/www.tendenzeshabbychic.it\/fr\/wp-json\/wp\/v2\/comments?post=203858"}],"wp:featuredmedia":[{"embeddable":true,"href":"https:\/\/www.tendenzeshabbychic.it\/fr\/wp-json\/wp\/v2\/media\/190142"}],"wp:attachment":[{"href":"https:\/\/www.tendenzeshabbychic.it\/fr\/wp-json\/wp\/v2\/media?parent=203858"}],"wp:term":[{"taxonomy":"pwb-brand","embeddable":true,"href":"https:\/\/www.tendenzeshabbychic.it\/fr\/wp-json\/wp\/v2\/pwb-brand?post=203858"},{"taxonomy":"product_brand","embeddable":true,"href":"https:\/\/www.tendenzeshabbychic.it\/fr\/wp-json\/wp\/v2\/product_brand?post=203858"},{"taxonomy":"product_cat","embeddable":true,"href":"https:\/\/www.tendenzeshabbychic.it\/fr\/wp-json\/wp\/v2\/product_cat?post=203858"},{"taxonomy":"product_tag","embeddable":true,"href":"https:\/\/www.tendenzeshabbychic.it\/fr\/wp-json\/wp\/v2\/product_tag?post=203858"}],"curies":[{"name":"wp","href":"https:\/\/api.w.org\/{rel}","templated":true}]}}