{"id":203848,"date":"2025-08-07T01:00:01","date_gmt":"2025-08-06T23:00:01","guid":{"rendered":"https:\/\/www.tendenzeshabbychic.it\/prodotto\/edg-paire-de-boules-de-noel-en-tissu-d-105-cm\/"},"modified":"2025-06-29T21:45:54","modified_gmt":"2025-06-29T20:45:54","slug":"edg-paire-de-boules-de-noel-en-tissu-d-105-cm","status":"publish","type":"product","link":"https:\/\/www.tendenzeshabbychic.it\/fr\/produit\/edg-paire-de-boules-de-noel-en-tissu-d-105-cm\/","title":{"rendered":"EDG Paire de boules de No\u00ebl en tissu D.10,5 cm"},"content":{"rendered":"<p>Le set EDG &lsquo;Xmas&rsquo; est compos\u00e9 d&rsquo;une paire de boules au charme nordique et douillet. Chaque boule est d\u00e9cor\u00e9e d&rsquo;une base en tissu jacquard tricot\u00e9, associ\u00e9e \u00e0 une coiffe en velours blanc avec des baies paillet\u00e9es et des feuilles en feutre. La bordure est termin\u00e9e par un ruban rouge et des garnitures blanches pour un effet raffin\u00e9 et traditionnel. Parfait pour ceux qui aiment les d\u00e9corations de No\u00ebl artisanales au style chaleureux et festif.   <\/p>\n<ul>\n<li>Lot de 2 boules en tissu avec finition mixte<\/li>\n<li>Motif inspir\u00e9 des pulls de No\u00ebl<\/li>\n<li>D\u00e9tails en trois dimensions : baies et feuilles en feutre<\/li>\n<li>Couleurs traditionnelles : rouge, vert et blanc<\/li>\n<li>Id\u00e9al pour les d\u00e9corations classiques et chaleureuses<\/li>\n<\/ul>\n\n\t<section class=\"section linkified dark\" id=\"section_1421174026\">\n\t\t<div class=\"section-bg fill\" >\n\t\t\t<img loading=\"lazy\" decoding=\"async\" width=\"800\" height=\"213\" src=\"https:\/\/www.tendenzeshabbychic.it\/wp-content\/uploads\/2021\/09\/natale-hero-1-800x213.jpg\" class=\"bg attachment-medium size-medium\" alt=\"\" \/>\t\t\t\t\t\t<div class=\"section-bg-overlay absolute fill\"><\/div>\n\t\t\t\n\n\t\t<\/div>\n\n\t\t\n\n\t\t<div class=\"section-content relative\">\n\t\t\t\n\n<div class=\"row\"  id=\"row-1853220755\">\n\n\n\t<div id=\"col-333086296\" class=\"col small-12 large-12\"  >\n\t\t\t\t<div class=\"col-inner text-center\"  >\n\t\t\t\n\t\t\t\n\n<h3><span style=\"font-size: 180%;\">No\u00ebl<\/span><\/h3>\n<p>D\u00e9couvrez la large s\u00e9lection de produits pour d\u00e9corer votre maison pour No\u00ebl.<\/p>\n<a href=\"https:\/\/www.tendenzeshabbychic.it\/fr\/categorie-de-produit\/noel\/\" class=\"button alert is-shade box-shadow-3 box-shadow-5-hover\" style=\"border-radius:5px;\">\n\t\t<span>Cliquez ici<\/span>\n\t<\/a>\n\n\n\n\t\t<\/div>\n\t\t\t\t\t<\/div>\n\n\t\n\n<\/div>\n\n\t\t<\/div>\n\n\t\t\n<style>\n#section_1421174026 {\n  padding-top: 12px;\n  padding-bottom: 12px;\n}\n#section_1421174026 .section-bg-overlay {\n  background-color: rgba(0, 0, 0, 0.419);\n}\n#section_1421174026 .section-bg img {\n  object-position: 21% 51%;\n}\n@media (min-width:550px) {\n  #section_1421174026 {\n    padding-top: 57px;\n    padding-bottom: 57px;\n  }\n}\n<\/style>\n\t<\/section>\n\t\n","protected":false},"excerpt":{"rendered":"<p>Lot de 2 boules recouvertes de tissu avec des d\u00e9tails de tricot et de paillettes, des baies et des feuilles en feutre. Un look de No\u00ebl dans un style douillet parfait. <\/p>\n<p>\ud83d\udccf D 10,5 cm<\/p>\n","protected":false},"featured_media":190432,"comment_status":"open","ping_status":"closed","template":"","meta":{"_joinchat":[]},"pwb-brand":[1564],"product_brand":[],"product_cat":[2465,1503],"product_tag":[],"class_list":{"0":"post-203848","1":"product","2":"type-product","3":"status-publish","4":"has-post-thumbnail","6":"pwb-brand-edg-fr","7":"product_cat-boules-et-decorations-de-sapin-de-noel","8":"product_cat-noel","10":"first","11":"instock","12":"sale","13":"taxable","14":"shipping-taxable","15":"purchasable","16":"product-type-simple"},"brands":[{"id":1564,"name":"EDG \u2013 Enzo De Gasperi","slug":"edg-fr"}],"_links":{"self":[{"href":"https:\/\/www.tendenzeshabbychic.it\/fr\/wp-json\/wp\/v2\/product\/203848","targetHints":{"allow":["GET"]}}],"collection":[{"href":"https:\/\/www.tendenzeshabbychic.it\/fr\/wp-json\/wp\/v2\/product"}],"about":[{"href":"https:\/\/www.tendenzeshabbychic.it\/fr\/wp-json\/wp\/v2\/types\/product"}],"replies":[{"embeddable":true,"href":"https:\/\/www.tendenzeshabbychic.it\/fr\/wp-json\/wp\/v2\/comments?post=203848"}],"wp:featuredmedia":[{"embeddable":true,"href":"https:\/\/www.tendenzeshabbychic.it\/fr\/wp-json\/wp\/v2\/media\/190432"}],"wp:attachment":[{"href":"https:\/\/www.tendenzeshabbychic.it\/fr\/wp-json\/wp\/v2\/media?parent=203848"}],"wp:term":[{"taxonomy":"pwb-brand","embeddable":true,"href":"https:\/\/www.tendenzeshabbychic.it\/fr\/wp-json\/wp\/v2\/pwb-brand?post=203848"},{"taxonomy":"product_brand","embeddable":true,"href":"https:\/\/www.tendenzeshabbychic.it\/fr\/wp-json\/wp\/v2\/product_brand?post=203848"},{"taxonomy":"product_cat","embeddable":true,"href":"https:\/\/www.tendenzeshabbychic.it\/fr\/wp-json\/wp\/v2\/product_cat?post=203848"},{"taxonomy":"product_tag","embeddable":true,"href":"https:\/\/www.tendenzeshabbychic.it\/fr\/wp-json\/wp\/v2\/product_tag?post=203848"}],"curies":[{"name":"wp","href":"https:\/\/api.w.org\/{rel}","templated":true}]}}