{"id":203699,"date":"2025-09-22T07:48:55","date_gmt":"2025-09-22T06:48:55","guid":{"rendered":"https:\/\/www.tendenzeshabbychic.it\/prodotto\/latelier-17-capodimonte-housse-de-table-150x150-cm\/"},"modified":"2025-09-20T07:48:55","modified_gmt":"2025-09-20T06:48:55","slug":"latelier-17-capodimonte-housse-de-table-150x150-cm","status":"publish","type":"product","link":"https:\/\/www.tendenzeshabbychic.it\/fr\/produit\/latelier-17-capodimonte-housse-de-table-150x150-cm\/","title":{"rendered":"L&rsquo;Atelier 17 Capodimonte Housse de table 150&#215;150 cm"},"content":{"rendered":"<p>Cette <strong>nappe carr\u00e9e de L&rsquo;Atelier 17<\/strong> est une expression \u00e9l\u00e9gante du style Shabby Chic de la collection <strong>Capodimonte<\/strong>. R\u00e9alis\u00e9e en <strong>coton beige<\/strong> doux, elle est orn\u00e9e au centre d&rsquo;<strong>un riche appliqu\u00e9 floral blanc<\/strong> sculpt\u00e9 qui donne du caract\u00e8re et de la lumi\u00e8re \u00e0 la surface. Le bord inf\u00e9rieur est orn\u00e9 d&rsquo;un <strong>volant pliss\u00e9 blanc<\/strong>, qui cr\u00e9e un agr\u00e9able contraste de couleurs et ajoute du mouvement au tissu.  <\/p>\n<p>Parfaite pour les tables rondes ou carr\u00e9es, cette housse de table est id\u00e9ale pour enrichir les d\u00e9cors rustiques, romantiques ou d&rsquo;inspiration fran\u00e7aise. Elle se pr\u00eate \u00e0 des arrangements raffin\u00e9s pour les repas sous la v\u00e9randa, les d\u00eeners sp\u00e9ciaux ou simplement pour d\u00e9corer avec go\u00fbt l&rsquo;espace quotidien. <\/p>\n<p><strong>Points forts :<\/strong><\/p>\n<ul>\n<li>100% coton beige doux et durable<\/li>\n<li>\u00c9l\u00e9gants appliqu\u00e9s floraux centraux blancs<\/li>\n<li>Volant pliss\u00e9 d\u00e9coratif pour une touche romantique<\/li>\n<li>Parfait pour les d\u00e9cors shabby, campagnards ou classiques<\/li>\n<li>Peut \u00eatre coordonn\u00e9 avec d&rsquo;autres articles de la collection Capodimonte<\/li>\n<\/ul>\n","protected":false},"excerpt":{"rendered":"<p>Magnifique nappe beige 100% coton avec des applications florales blanches et des volants raffin\u00e9s. Collection Capodimonte. <\/p>\n<p>\ud83d\udccf 150 x 150 cm<\/p>\n","protected":false},"featured_media":203658,"comment_status":"open","ping_status":"closed","template":"","meta":{"_joinchat":[]},"pwb-brand":[1560],"product_brand":[],"product_cat":[1491,1486],"product_tag":[],"class_list":{"0":"post-203699","1":"product","2":"type-product","3":"status-publish","4":"has-post-thumbnail","6":"pwb-brand-atelier-17-fr","7":"product_cat-nappes","8":"product_cat-la-table","10":"first","11":"instock","12":"taxable","13":"shipping-taxable","14":"purchasable","15":"product-type-simple"},"brands":[{"id":1560,"name":"L\u2019Atelier 17","slug":"atelier-17-fr"}],"_links":{"self":[{"href":"https:\/\/www.tendenzeshabbychic.it\/fr\/wp-json\/wp\/v2\/product\/203699","targetHints":{"allow":["GET"]}}],"collection":[{"href":"https:\/\/www.tendenzeshabbychic.it\/fr\/wp-json\/wp\/v2\/product"}],"about":[{"href":"https:\/\/www.tendenzeshabbychic.it\/fr\/wp-json\/wp\/v2\/types\/product"}],"replies":[{"embeddable":true,"href":"https:\/\/www.tendenzeshabbychic.it\/fr\/wp-json\/wp\/v2\/comments?post=203699"}],"wp:featuredmedia":[{"embeddable":true,"href":"https:\/\/www.tendenzeshabbychic.it\/fr\/wp-json\/wp\/v2\/media\/203658"}],"wp:attachment":[{"href":"https:\/\/www.tendenzeshabbychic.it\/fr\/wp-json\/wp\/v2\/media?parent=203699"}],"wp:term":[{"taxonomy":"pwb-brand","embeddable":true,"href":"https:\/\/www.tendenzeshabbychic.it\/fr\/wp-json\/wp\/v2\/pwb-brand?post=203699"},{"taxonomy":"product_brand","embeddable":true,"href":"https:\/\/www.tendenzeshabbychic.it\/fr\/wp-json\/wp\/v2\/product_brand?post=203699"},{"taxonomy":"product_cat","embeddable":true,"href":"https:\/\/www.tendenzeshabbychic.it\/fr\/wp-json\/wp\/v2\/product_cat?post=203699"},{"taxonomy":"product_tag","embeddable":true,"href":"https:\/\/www.tendenzeshabbychic.it\/fr\/wp-json\/wp\/v2\/product_tag?post=203699"}],"curies":[{"name":"wp","href":"https:\/\/api.w.org\/{rel}","templated":true}]}}