{"id":203693,"date":"2025-09-22T07:37:44","date_gmt":"2025-09-22T06:37:44","guid":{"rendered":"https:\/\/www.tendenzeshabbychic.it\/prodotto\/latelier-17-capodimonte-housse-de-coussin-blanc-40x40-cm\/"},"modified":"2025-09-20T07:37:44","modified_gmt":"2025-09-20T06:37:44","slug":"latelier-17-capodimonte-housse-de-coussin-blanc-40x40-cm","status":"publish","type":"product","link":"https:\/\/www.tendenzeshabbychic.it\/fr\/produit\/latelier-17-capodimonte-housse-de-coussin-blanc-40x40-cm\/","title":{"rendered":"L&rsquo;Atelier 17 Capodimonte housse de coussin blanc 40&#215;40 cm"},"content":{"rendered":"<p>R\u00e9alis\u00e9e en doux coton blanc, cette housse de coussin de <em>L&rsquo;Atelier 17<\/em> incarne le style intemporel de la collection <strong>Capodimonte<\/strong>. La broderie centrale ton sur ton repr\u00e9sente un motif floral raffin\u00e9 en relief, ce qui conf\u00e8re au tissu une valeur tridimensionnelle. Le volant fronc\u00e9, appliqu\u00e9 sur tout le bord, ajoute une touche romantique et Shabby Chic, parfaite pour des ambiances d\u00e9licates et f\u00e9minines.  <\/p>\n<p>Id\u00e9ale pour r\u00e9nover avec \u00e9l\u00e9gance le salon ou la chambre \u00e0 coucher, cette housse se marie parfaitement avec les fauteuils rembourr\u00e9s, les canap\u00e9s aux lignes douces ou les lits en fer forg\u00e9. Un meuble qui allie l&rsquo;esth\u00e9tique et l&rsquo;artisanat, donnant une impression d&rsquo;harmonie et de l\u00e9g\u00e8ret\u00e9. <\/p>\n<p><strong>Points forts :<\/strong><\/p>\n<ul>\n<li>100% coton de haute qualit\u00e9, doux et durable<\/li>\n<li>Broderie florale ton sur ton, \u00e9l\u00e9gante et raffin\u00e9e<\/li>\n<li>Volant pliss\u00e9 pour un effet romantique et d\u00e9coratif<\/li>\n<li>Facile \u00e0 assortir aux int\u00e9rieurs shabby, classiques ou proven\u00e7aux.<\/li>\n<li>Produit exclusif de la collection Capodimonte<\/li>\n<\/ul>\n","protected":false},"excerpt":{"rendered":"<p>Une charmante doublure en pur coton blanc avec une d\u00e9licate broderie florale en relief, termin\u00e9e par un volant pliss\u00e9 romantique. Collection Capodimonte. <\/p>\n<p>\ud83d\udccf 40 x 40 cm<\/p>\n","protected":false},"featured_media":203640,"comment_status":"open","ping_status":"closed","template":"","meta":{"_joinchat":[]},"pwb-brand":[1560],"product_brand":[],"product_cat":[1469],"product_tag":[],"class_list":{"0":"post-203693","1":"product","2":"type-product","3":"status-publish","4":"has-post-thumbnail","6":"pwb-brand-atelier-17-fr","7":"product_cat-coussins","9":"first","10":"instock","11":"taxable","12":"shipping-taxable","13":"purchasable","14":"product-type-simple"},"brands":[{"id":1560,"name":"L\u2019Atelier 17","slug":"atelier-17-fr"}],"_links":{"self":[{"href":"https:\/\/www.tendenzeshabbychic.it\/fr\/wp-json\/wp\/v2\/product\/203693","targetHints":{"allow":["GET"]}}],"collection":[{"href":"https:\/\/www.tendenzeshabbychic.it\/fr\/wp-json\/wp\/v2\/product"}],"about":[{"href":"https:\/\/www.tendenzeshabbychic.it\/fr\/wp-json\/wp\/v2\/types\/product"}],"replies":[{"embeddable":true,"href":"https:\/\/www.tendenzeshabbychic.it\/fr\/wp-json\/wp\/v2\/comments?post=203693"}],"wp:featuredmedia":[{"embeddable":true,"href":"https:\/\/www.tendenzeshabbychic.it\/fr\/wp-json\/wp\/v2\/media\/203640"}],"wp:attachment":[{"href":"https:\/\/www.tendenzeshabbychic.it\/fr\/wp-json\/wp\/v2\/media?parent=203693"}],"wp:term":[{"taxonomy":"pwb-brand","embeddable":true,"href":"https:\/\/www.tendenzeshabbychic.it\/fr\/wp-json\/wp\/v2\/pwb-brand?post=203693"},{"taxonomy":"product_brand","embeddable":true,"href":"https:\/\/www.tendenzeshabbychic.it\/fr\/wp-json\/wp\/v2\/product_brand?post=203693"},{"taxonomy":"product_cat","embeddable":true,"href":"https:\/\/www.tendenzeshabbychic.it\/fr\/wp-json\/wp\/v2\/product_cat?post=203693"},{"taxonomy":"product_tag","embeddable":true,"href":"https:\/\/www.tendenzeshabbychic.it\/fr\/wp-json\/wp\/v2\/product_tag?post=203693"}],"curies":[{"name":"wp","href":"https:\/\/api.w.org\/{rel}","templated":true}]}}