{"id":203503,"date":"2025-09-23T15:06:13","date_gmt":"2025-09-23T14:06:13","guid":{"rendered":"https:\/\/www.tendenzeshabbychic.it\/prodotto\/mathilde-m-spray-the-de-fete-90ml-fete-nacree\/"},"modified":"2025-07-29T11:06:13","modified_gmt":"2025-07-29T10:06:13","slug":"mathilde-m-spray-the-de-fete-90ml-fete-nacree","status":"publish","type":"product","link":"https:\/\/www.tendenzeshabbychic.it\/fr\/produit\/mathilde-m-spray-the-de-fete-90ml-fete-nacree\/","title":{"rendered":"Mathilde M Spray Th\u00e9 de F\u00eate 90ml &#8211; F\u00eate Nacr\u00e9e"},"content":{"rendered":"<p><strong>Le<\/strong> spray d&rsquo;ambiance <strong>Th\u00e9 de F\u00eate<\/strong> de la collection <strong>F\u00eate Nacr\u00e9e<\/strong> est un geste parfum\u00e9 raffin\u00e9 qui transforme tout espace en une ambiance enveloppante et sophistiqu\u00e9e. Le flacon en verre, d\u00e9cor\u00e9 d&rsquo;un d\u00e9licat motif dans les tons rose poudr\u00e9 et blanc perle, est compl\u00e9t\u00e9 par un \u00e9l\u00e9gant bouchon en m\u00e9tal chrom\u00e9. <\/p>\n<p>Le parfum Th\u00e9 de F\u00eate est un hymne \u00e0 la convivialit\u00e9 de No\u00ebl : les notes \u00e9pic\u00e9es du th\u00e9 et de la cardamome se m\u00ealent \u00e0 la fra\u00eecheur du gingembre et \u00e0 la douceur du miel, envelopp\u00e9es dans un sillage chaleureux de vanille et de bois de ga\u00efac. Id\u00e9al pour le salon, l&rsquo;entr\u00e9e ou la chambre, il apporte imm\u00e9diatement une touche festive et cosy. <\/p>\n<ul>\n<li>Parfum intense et durable, parfait pour les f\u00eates de fin d&rsquo;ann\u00e9e<\/li>\n<li>Parfum Th\u00e9 de F\u00eate chaud, \u00e9pic\u00e9 et sucr\u00e9<\/li>\n<li>Bouteille d\u00e9corative en verre avec d\u00e9tails m\u00e9talliques<\/li>\n<li>Id\u00e9al \u00e9galement comme petit cadeau \u00e9l\u00e9gant<\/li>\n<li>Collection <strong>F\u00eate Nacr\u00e9e<\/strong> &#8211; \u00e9dition limit\u00e9e<\/li>\n<\/ul>\n","protected":false},"excerpt":{"rendered":"<p>Vaporisateur d&rsquo;ambiance dans un \u00e9l\u00e9gant flacon en verre avec un bouchon en m\u00e9tal chrom\u00e9. D\u00e9cor\u00e9 d&rsquo;une \u00e9tiquette nacr\u00e9e dans les tons rose et blanc, il contient la fragrance Th\u00e9 de F\u00eate : un parfum \u00e9pic\u00e9 et enveloppant aux notes de th\u00e9, de cardamome et de vanille. <\/p>\n<p>\ud83d\udccf \u00f8 4 x H 14,7 cm<\/p>\n<div class=\"row row-solid\"  id=\"row-450304530\">\n\n\n\t<div id=\"col-1767159123\" class=\"col small-12 large-12\"  >\n\t\t\t\t<div class=\"col-inner\"  >\n\t\t\t\n\t\t\t\n\n\n\t\t<div class=\"icon-box featured-box icon-box-center text-center\"  >\n\t\t\t\t<div class=\"icon-box-text last-reset\">\n\t\t\t<h5 class=\"uppercase\">Th\u00e9 de F\u00eate<\/h5>\t\t\t\t\t\t\n\n<p>Les f\u00eates de No\u00ebl qui rassemblent, les moments de partage o\u00f9 le monde s'installe autour d'une tasse de th\u00e9...<\/p>\n<p>Revivez ces moments pr\u00e9cieux avec le d\u00e9licieux parfum <strong>Th\u00e9 de F\u00eate<\/strong> .<\/p>\n<p>Laissez-vous emporter par les ar\u00f4mes \u00e9pic\u00e9s du th\u00e9 et de la cardamome, avec une touche p\u00e9tillante de gingembre. Le miel enveloppant fait alors son entr\u00e9e, rejoignant la vanille dans un sillage sucr\u00e9 exquis. <\/p>\n\n\t\t<\/div>\n\t<\/div>\n\t\n\t\n\n\t\t<\/div>\n\t\t\t\t\t<\/div>\n\n\t\n\n\t<div id=\"col-1523234206\" class=\"col small-12 large-12\"  >\n\t\t\t\t<div class=\"col-inner\"  >\n\t\t\t\n\t\t\t\n\n\n\t\t<div class=\"icon-box featured-box icon-box-left text-left\"  >\n\t\t\t\t\t<div class=\"icon-box-img\" style=\"width: 60px\">\n\t\t\t\t<div class=\"icon\">\n\t\t\t\t\t<div class=\"icon-inner\" style=\"color:rgb(235, 212, 178);\">\n\t\t\t\t\t\t<?xml version=\"1.0\" encoding=\"utf-8\"?><!-- Uploaded to: SVG Repo, www.svgrepo.com, Generator: SVG Repo Mixer Tools -->\r\n<svg fill=\"#000000\" width=\"800px\" height=\"800px\" viewBox=\"0 0 32 32\" xmlns=\"http:\/\/www.w3.org\/2000\/svg\">\r\n    <circle cx=\"16\" cy=\"16\" r=\"16\"\/>\r\n<\/svg>\t\t\t\t\t<\/div>\n\t\t\t\t<\/div>\n\t\t\t<\/div>\n\t\t\t\t<div class=\"icon-box-text last-reset\">\n\t\t\t\t\t\t\t\t\t\n\n\t<div id=\"text-603740869\" class=\"text\">\n\t\t\n\n<h3>Notes de t\u00eate<\/h3>  Toi et Cardamome\n\t\t\n<style>\n#text-603740869 {\n  line-height: 1;\n}\n<\/style>\n\t<\/div>\n\t\n\n\t\t<\/div>\n\t<\/div>\n\t\n\t\n\n\t\t<div class=\"icon-box featured-box icon-box-left text-left\"  >\n\t\t\t\t\t<div class=\"icon-box-img\" style=\"width: 60px\">\n\t\t\t\t<div class=\"icon\">\n\t\t\t\t\t<div class=\"icon-inner\" style=\"color:rgb(235, 212, 178);\">\n\t\t\t\t\t\t<?xml version=\"1.0\" encoding=\"utf-8\"?><!-- Uploaded to: SVG Repo, www.svgrepo.com, Generator: SVG Repo Mixer Tools -->\r\n<svg width=\"800px\" height=\"800px\" viewBox=\"0 0 24 24\" fill=\"none\" xmlns=\"http:\/\/www.w3.org\/2000\/svg\">\r\n<path d=\"M2 9.1371C2 14 6.01943 16.5914 8.96173 18.9109C10 19.7294 11 20.5 12 20.5C13 20.5 14 19.7294 15.0383 18.9109C17.9806 16.5914 22 14 22 9.1371C22 4.27416 16.4998 0.825464 12 5.50063C7.50016 0.825464 2 4.27416 2 9.1371Z\" fill=\"#1C274C\"\/>\r\n<\/svg>\t\t\t\t\t<\/div>\n\t\t\t\t<\/div>\n\t\t\t<\/div>\n\t\t\t\t<div class=\"icon-box-text last-reset\">\n\t\t\t\t\t\t\t\t\t\n\n\t<div id=\"text-1852257366\" class=\"text\">\n\t\t\n\n<h3>Notes de coeur<\/h3>  Gingembre et Miel\n\t\t\n<style>\n#text-1852257366 {\n  line-height: 1;\n}\n<\/style>\n\t<\/div>\n\t\n\n\t\t<\/div>\n\t<\/div>\n\t\n\t\n\n\t\t<div class=\"icon-box featured-box icon-box-left text-left\"  >\n\t\t\t\t\t<div class=\"icon-box-img\" style=\"width: 60px\">\n\t\t\t\t<div class=\"icon\">\n\t\t\t\t\t<div class=\"icon-inner\" style=\"color:rgb(235, 212, 178);\">\n\t\t\t\t\t\t<?xml version=\"1.0\" encoding=\"UTF-8\" standalone=\"no\"?>\r\n<!-- Uploaded to: SVG Repo, www.svgrepo.com, Generator: SVG Repo Mixer Tools -->\r\n<svg width=\"800px\" height=\"800px\" viewBox=\"0 -12 32 32\" version=\"1.1\" xmlns=\"http:\/\/www.w3.org\/2000\/svg\" xmlns:xlink=\"http:\/\/www.w3.org\/1999\/xlink\" xmlns:sketch=\"http:\/\/www.bohemiancoding.com\/sketch\/ns\">\r\n    \r\n    <title>minus<\/title>\r\n    <desc>Created with Sketch Beta.<\/desc>\r\n    <defs>\r\n\r\n<\/defs>\r\n    <g id=\"Page-1\" stroke=\"none\" stroke-width=\"1\" fill=\"none\" fill-rule=\"evenodd\" sketch:type=\"MSPage\">\r\n        <g id=\"Icon-Set-Filled\" sketch:type=\"MSLayerGroup\" transform=\"translate(-414.000000, -1049.000000)\" fill=\"#000000\">\r\n            <path d=\"M442,1049 L418,1049 C415.791,1049 414,1050.79 414,1053 C414,1055.21 415.791,1057 418,1057 L442,1057 C444.209,1057 446,1055.21 446,1053 C446,1050.79 444.209,1049 442,1049\" id=\"minus\" sketch:type=\"MSShapeGroup\">\r\n\r\n<\/path>\r\n        <\/g>\r\n    <\/g>\r\n<\/svg>\t\t\t\t\t<\/div>\n\t\t\t\t<\/div>\n\t\t\t<\/div>\n\t\t\t\t<div class=\"icon-box-text last-reset\">\n\t\t\t\t\t\t\t\t\t\n\n\t<div id=\"text-4159040191\" class=\"text\">\n\t\t\n\n<h3>Notes de fond<\/h3>  Vanille et bois de ga\u00efac\n\t\t\n<style>\n#text-4159040191 {\n  line-height: 1;\n}\n<\/style>\n\t<\/div>\n\t\n\n\t\t<\/div>\n\t<\/div>\n\t\n\t\n\n\t\t<\/div>\n\t\t\t\t\t<\/div>\n\n\t\n\n\t<div id=\"col-1680395841\" class=\"col small-12 large-12\"  >\n\t\t\t\t<div class=\"col-inner text-center\"  >\n\t\t\t\n\t\t\t\n\n<p style=\"text-align: center;\"><span style=\"font-size: 120%;\"><em>D\u00e9couvrez tous les produits avec l'essence Th\u00e9 de F\u00eate<\/em><\/span><\/p>\n<a href=\"https:\/\/www.tendenzeshabbychic.it\/fr\/Etiquette-produit\/the-de-fete-fr\/\" class=\"button white is-gloss box-shadow-2\" >\n\t\t<span>Th\u00e9 de F\u00eate<\/span>\n\t<\/a>\n\n\n\n\t\t<\/div>\n\t\t\t\t\t<\/div>\n\n\t\n\n<\/div>\n","protected":false},"featured_media":196267,"comment_status":"open","ping_status":"closed","template":"","meta":{"_joinchat":[]},"pwb-brand":[621],"product_brand":[],"product_cat":[626,903],"product_tag":[1003,523,3055],"class_list":{"0":"post-203503","1":"product","2":"type-product","3":"status-publish","4":"has-post-thumbnail","6":"pwb-brand-mathilde-m","7":"product_cat-profumatori","8":"product_cat-spray","9":"product_tag-edizione-limitata","10":"product_tag-idea-regalo","11":"product_tag-the-de-fete","13":"first","14":"instock","15":"taxable","16":"shipping-taxable","17":"purchasable","18":"product-type-simple"},"brands":[{"id":1562,"name":"Mathilde M.","slug":"mathilde-m-fr"}],"_links":{"self":[{"href":"https:\/\/www.tendenzeshabbychic.it\/fr\/wp-json\/wp\/v2\/product\/203503","targetHints":{"allow":["GET"]}}],"collection":[{"href":"https:\/\/www.tendenzeshabbychic.it\/fr\/wp-json\/wp\/v2\/product"}],"about":[{"href":"https:\/\/www.tendenzeshabbychic.it\/fr\/wp-json\/wp\/v2\/types\/product"}],"replies":[{"embeddable":true,"href":"https:\/\/www.tendenzeshabbychic.it\/fr\/wp-json\/wp\/v2\/comments?post=203503"}],"wp:featuredmedia":[{"embeddable":true,"href":"https:\/\/www.tendenzeshabbychic.it\/fr\/wp-json\/wp\/v2\/media\/196267"}],"wp:attachment":[{"href":"https:\/\/www.tendenzeshabbychic.it\/fr\/wp-json\/wp\/v2\/media?parent=203503"}],"wp:term":[{"taxonomy":"pwb-brand","embeddable":true,"href":"https:\/\/www.tendenzeshabbychic.it\/fr\/wp-json\/wp\/v2\/pwb-brand?post=203503"},{"taxonomy":"product_brand","embeddable":true,"href":"https:\/\/www.tendenzeshabbychic.it\/fr\/wp-json\/wp\/v2\/product_brand?post=203503"},{"taxonomy":"product_cat","embeddable":true,"href":"https:\/\/www.tendenzeshabbychic.it\/fr\/wp-json\/wp\/v2\/product_cat?post=203503"},{"taxonomy":"product_tag","embeddable":true,"href":"https:\/\/www.tendenzeshabbychic.it\/fr\/wp-json\/wp\/v2\/product_tag?post=203503"}],"curies":[{"name":"wp","href":"https:\/\/api.w.org\/{rel}","templated":true}]}}