{"id":203457,"date":"2025-08-08T01:00:01","date_gmt":"2025-08-07T23:00:01","guid":{"rendered":"https:\/\/www.tendenzeshabbychic.it\/prodotto\/edg-helicoptere-de-noel-a-led-avec-musique-h23-cm\/"},"modified":"2025-09-16T22:46:03","modified_gmt":"2025-09-16T21:46:03","slug":"edg-helicoptere-de-noel-a-led-avec-musique-h23-cm","status":"publish","type":"product","link":"https:\/\/www.tendenzeshabbychic.it\/fr\/produit\/edg-helicoptere-de-noel-a-led-avec-musique-h23-cm\/","title":{"rendered":"EDG H\u00e9licopt\u00e8re de No\u00ebl \u00e0 LED avec musique H23 cm"},"content":{"rendered":"<p>H\u00e9licopt\u00e8re d\u00e9coratif de No\u00ebl original d&rsquo;Enzo de Gasperi, en finition rouge mat avec des d\u00e9tails en argent satin\u00e9. \u00c0 l&rsquo;int\u00e9rieur de la cabine transparente se trouvent le P\u00e8re No\u00ebl, un lutin et un sapin de No\u00ebl illumin\u00e9, immerg\u00e9 dans une cascade de paillettes en mouvement qui cr\u00e9ent un effet de neige. <\/p>\n<p>Cette bo\u00eete \u00e0 musique sc\u00e9nique \u00e9met des sons et des lumi\u00e8res de No\u00ebl, avec trois modes s\u00e9lectionnables : lumi\u00e8res seules, lumi\u00e8res et mouvement, ou lumi\u00e8res, mouvement et musique. Parfaite comme pi\u00e8ce ma\u00eetresse sc\u00e9nique ou pour enrichir les vitrines et les coins th\u00e9matiques pendant la saison des f\u00eates. <\/p>\n<p>Fonctionne avec des piles (3x AA non incluses).<\/p>\n<ul>\n<li>Design exclusif avec des personnages en 3D et des d\u00e9tails de No\u00ebl<\/li>\n<li>Lumi\u00e8res LED int\u00e9rieures \u00e9clairant la sc\u00e8ne<\/li>\n<li>Mouvement de paillettes pour un effet de neige r\u00e9aliste<\/li>\n<li>Fonction musicale avec carillon de No\u00ebl<\/li>\n<li>Id\u00e9al pour les d\u00e9corations sc\u00e9niques ou de collection<\/li>\n<\/ul>\n\n\t<section class=\"section linkified dark\" id=\"section_1904738989\">\n\t\t<div class=\"section-bg fill\" >\n\t\t\t<img loading=\"lazy\" decoding=\"async\" width=\"800\" height=\"213\" src=\"https:\/\/www.tendenzeshabbychic.it\/wp-content\/uploads\/2021\/09\/natale-hero-1-800x213.jpg\" class=\"bg attachment-medium size-medium\" alt=\"\" \/>\t\t\t\t\t\t<div class=\"section-bg-overlay absolute fill\"><\/div>\n\t\t\t\n\n\t\t<\/div>\n\n\t\t\n\n\t\t<div class=\"section-content relative\">\n\t\t\t\n\n<div class=\"row\"  id=\"row-138739613\">\n\n\n\t<div id=\"col-1368291882\" class=\"col small-12 large-12\"  >\n\t\t\t\t<div class=\"col-inner text-center\"  >\n\t\t\t\n\t\t\t\n\n<h3><span style=\"font-size: 180%;\">No\u00ebl<\/span><\/h3>\n<p>D\u00e9couvrez la large s\u00e9lection de produits pour d\u00e9corer votre maison pour No\u00ebl.<\/p>\n<a href=\"https:\/\/www.tendenzeshabbychic.it\/fr\/categorie-de-produit\/noel\/\" class=\"button alert is-shade box-shadow-3 box-shadow-5-hover\" style=\"border-radius:5px;\">\n\t\t<span>Cliquez ici<\/span>\n\t<\/a>\n\n\n\n\t\t<\/div>\n\t\t\t\t\t<\/div>\n\n\t\n\n<\/div>\n\n\t\t<\/div>\n\n\t\t\n<style>\n#section_1904738989 {\n  padding-top: 12px;\n  padding-bottom: 12px;\n}\n#section_1904738989 .section-bg-overlay {\n  background-color: rgba(0, 0, 0, 0.419);\n}\n#section_1904738989 .section-bg img {\n  object-position: 21% 51%;\n}\n@media (min-width:550px) {\n  #section_1904738989 {\n    padding-top: 57px;\n    padding-bottom: 57px;\n  }\n}\n<\/style>\n\t<\/section>\n\t\n","protected":false},"excerpt":{"rendered":"<p>H\u00e9licopt\u00e8re rouge avec le P\u00e8re No\u00ebl, un sapin d\u00e9cor\u00e9 et un lutin. Lumi\u00e8res LED, paillettes en mouvement et musique de No\u00ebl. 3 modes. Fonctionne sur piles.   <\/p>\n<p>\ud83d\udccf H 23 x L 47 x P 10,5 cm<\/p>\n","protected":false},"featured_media":203449,"comment_status":"open","ping_status":"closed","template":"","meta":{"_joinchat":[]},"pwb-brand":[1564],"product_brand":[],"product_cat":[1503,1505],"product_tag":[2612,1296],"class_list":{"0":"post-203457","1":"product","2":"type-product","3":"status-publish","4":"has-post-thumbnail","6":"pwb-brand-edg-fr","7":"product_cat-noel","8":"product_cat-objets","9":"product_tag-boite-a-musique","10":"product_tag-idee-de-cadeau","12":"first","13":"instock","14":"sale","15":"taxable","16":"shipping-taxable","17":"purchasable","18":"product-type-simple"},"brands":[{"id":1564,"name":"EDG \u2013 Enzo De Gasperi","slug":"edg-fr"}],"_links":{"self":[{"href":"https:\/\/www.tendenzeshabbychic.it\/fr\/wp-json\/wp\/v2\/product\/203457","targetHints":{"allow":["GET"]}}],"collection":[{"href":"https:\/\/www.tendenzeshabbychic.it\/fr\/wp-json\/wp\/v2\/product"}],"about":[{"href":"https:\/\/www.tendenzeshabbychic.it\/fr\/wp-json\/wp\/v2\/types\/product"}],"replies":[{"embeddable":true,"href":"https:\/\/www.tendenzeshabbychic.it\/fr\/wp-json\/wp\/v2\/comments?post=203457"}],"wp:featuredmedia":[{"embeddable":true,"href":"https:\/\/www.tendenzeshabbychic.it\/fr\/wp-json\/wp\/v2\/media\/203449"}],"wp:attachment":[{"href":"https:\/\/www.tendenzeshabbychic.it\/fr\/wp-json\/wp\/v2\/media?parent=203457"}],"wp:term":[{"taxonomy":"pwb-brand","embeddable":true,"href":"https:\/\/www.tendenzeshabbychic.it\/fr\/wp-json\/wp\/v2\/pwb-brand?post=203457"},{"taxonomy":"product_brand","embeddable":true,"href":"https:\/\/www.tendenzeshabbychic.it\/fr\/wp-json\/wp\/v2\/product_brand?post=203457"},{"taxonomy":"product_cat","embeddable":true,"href":"https:\/\/www.tendenzeshabbychic.it\/fr\/wp-json\/wp\/v2\/product_cat?post=203457"},{"taxonomy":"product_tag","embeddable":true,"href":"https:\/\/www.tendenzeshabbychic.it\/fr\/wp-json\/wp\/v2\/product_tag?post=203457"}],"curies":[{"name":"wp","href":"https:\/\/api.w.org\/{rel}","templated":true}]}}