{"id":203446,"date":"2025-08-08T01:00:01","date_gmt":"2025-08-07T23:00:01","guid":{"rendered":"https:\/\/www.tendenzeshabbychic.it\/prodotto\/edg-pull-de-noel-poivre-et-sel-h7-cm\/"},"modified":"2025-07-02T15:10:53","modified_gmt":"2025-07-02T14:10:53","slug":"edg-pull-de-noel-poivre-et-sel-h7-cm","status":"publish","type":"product","link":"https:\/\/www.tendenzeshabbychic.it\/fr\/produit\/edg-pull-de-noel-poivre-et-sel-h7-cm\/","title":{"rendered":"EDG Pull de No\u00ebl poivre et sel H7 cm"},"content":{"rendered":"<p>Cette jolie paire de sali\u00e8res et poivri\u00e8res d&rsquo;Enzo de Gasperi apporte une touche d&rsquo;originalit\u00e9 \u00e0 la table de No\u00ebl. Les deux \u00e9l\u00e9ments, en c\u00e9ramique \u00e9maill\u00e9e polie, repr\u00e9sentent deux petits sauteurs dans les couleurs classiques rouge et vert, agr\u00e9ment\u00e9s d&rsquo;\u00e9toiles dor\u00e9es en relief. Les ouvertures sup\u00e9rieures permettent une distribution pr\u00e9cise, tandis que la base plate garantit la stabilit\u00e9.  <\/p>\n<p>Parfaites comme compl\u00e9ment d\u00e9coratif ou comme id\u00e9e de cadeau pleine d&rsquo;esprit, elles sont livr\u00e9es dans une \u00e9l\u00e9gante bo\u00eete blanche avec le logo EDG.<\/p>\n<ul>\n<li>Design de pull-over de No\u00ebl<\/li>\n<li>D\u00e9corations dor\u00e9es et couleurs vives<\/li>\n<li>C\u00e9ramique polie de haute qualit\u00e9<\/li>\n<li>Id\u00e9al comme id\u00e9e de cadeau ou comme \u00e9l\u00e9ment d\u00e9coratif<\/li>\n<li>Emballage \u00e9l\u00e9gant inclus<\/li>\n<\/ul>\n\n\t<section class=\"section linkified dark\" id=\"section_764077289\">\n\t\t<div class=\"section-bg fill\" >\n\t\t\t<img loading=\"lazy\" decoding=\"async\" width=\"800\" height=\"213\" src=\"https:\/\/www.tendenzeshabbychic.it\/wp-content\/uploads\/2021\/09\/natale-hero-1-800x213.jpg\" class=\"bg attachment-medium size-medium\" alt=\"\" \/>\t\t\t\t\t\t<div class=\"section-bg-overlay absolute fill\"><\/div>\n\t\t\t\n\n\t\t<\/div>\n\n\t\t\n\n\t\t<div class=\"section-content relative\">\n\t\t\t\n\n<div class=\"row\"  id=\"row-923971641\">\n\n\n\t<div id=\"col-988923923\" class=\"col small-12 large-12\"  >\n\t\t\t\t<div class=\"col-inner text-center\"  >\n\t\t\t\n\t\t\t\n\n<h3><span style=\"font-size: 180%;\">No\u00ebl<\/span><\/h3>\n<p>D\u00e9couvrez la large s\u00e9lection de produits pour d\u00e9corer votre maison pour No\u00ebl.<\/p>\n<a href=\"https:\/\/www.tendenzeshabbychic.it\/fr\/categorie-de-produit\/noel\/\" class=\"button alert is-shade box-shadow-3 box-shadow-5-hover\" style=\"border-radius:5px;\">\n\t\t<span>Cliquez ici<\/span>\n\t<\/a>\n\n\n\n\t\t<\/div>\n\t\t\t\t\t<\/div>\n\n\t\n\n<\/div>\n\n\t\t<\/div>\n\n\t\t\n<style>\n#section_764077289 {\n  padding-top: 12px;\n  padding-bottom: 12px;\n}\n#section_764077289 .section-bg-overlay {\n  background-color: rgba(0, 0, 0, 0.419);\n}\n#section_764077289 .section-bg img {\n  object-position: 21% 51%;\n}\n@media (min-width:550px) {\n  #section_764077289 {\n    padding-top: 57px;\n    padding-bottom: 57px;\n  }\n}\n<\/style>\n\t<\/section>\n\t\n","protected":false},"excerpt":{"rendered":"<p>Set sel et poivre en c\u00e9ramique en forme de pull-over de No\u00ebl rouge et vert avec des d\u00e9corations dor\u00e9es. Emballage avec logo inclus. <\/p>\n<p>\ud83d\udccf H 7 cm<\/p>\n","protected":false},"featured_media":191275,"comment_status":"open","ping_status":"closed","template":"","meta":{"_joinchat":[]},"pwb-brand":[1564],"product_brand":[],"product_cat":[1471,1503],"product_tag":[2916],"class_list":{"0":"post-203446","1":"product","2":"type-product","3":"status-publish","4":"has-post-thumbnail","6":"pwb-brand-edg-fr","7":"product_cat-accessoires-de-cuisine","8":"product_cat-noel","9":"product_tag-ceramique-et-porcelaine","11":"first","12":"instock","13":"sale","14":"taxable","15":"shipping-taxable","16":"purchasable","17":"product-type-simple"},"brands":[{"id":1564,"name":"EDG \u2013 Enzo De Gasperi","slug":"edg-fr"}],"_links":{"self":[{"href":"https:\/\/www.tendenzeshabbychic.it\/fr\/wp-json\/wp\/v2\/product\/203446","targetHints":{"allow":["GET"]}}],"collection":[{"href":"https:\/\/www.tendenzeshabbychic.it\/fr\/wp-json\/wp\/v2\/product"}],"about":[{"href":"https:\/\/www.tendenzeshabbychic.it\/fr\/wp-json\/wp\/v2\/types\/product"}],"replies":[{"embeddable":true,"href":"https:\/\/www.tendenzeshabbychic.it\/fr\/wp-json\/wp\/v2\/comments?post=203446"}],"wp:featuredmedia":[{"embeddable":true,"href":"https:\/\/www.tendenzeshabbychic.it\/fr\/wp-json\/wp\/v2\/media\/191275"}],"wp:attachment":[{"href":"https:\/\/www.tendenzeshabbychic.it\/fr\/wp-json\/wp\/v2\/media?parent=203446"}],"wp:term":[{"taxonomy":"pwb-brand","embeddable":true,"href":"https:\/\/www.tendenzeshabbychic.it\/fr\/wp-json\/wp\/v2\/pwb-brand?post=203446"},{"taxonomy":"product_brand","embeddable":true,"href":"https:\/\/www.tendenzeshabbychic.it\/fr\/wp-json\/wp\/v2\/product_brand?post=203446"},{"taxonomy":"product_cat","embeddable":true,"href":"https:\/\/www.tendenzeshabbychic.it\/fr\/wp-json\/wp\/v2\/product_cat?post=203446"},{"taxonomy":"product_tag","embeddable":true,"href":"https:\/\/www.tendenzeshabbychic.it\/fr\/wp-json\/wp\/v2\/product_tag?post=203446"}],"curies":[{"name":"wp","href":"https:\/\/api.w.org\/{rel}","templated":true}]}}