{"id":203442,"date":"2025-08-08T01:00:01","date_gmt":"2025-08-07T23:00:01","guid":{"rendered":"https:\/\/www.tendenzeshabbychic.it\/prodotto\/edg-plateau-a-pulls-de-noel-29x24-cm-2-couleurs\/"},"modified":"2025-09-16T22:36:36","modified_gmt":"2025-09-16T21:36:36","slug":"edg-plateau-a-pulls-de-noel-29x24-cm-2-couleurs","status":"publish","type":"product","link":"https:\/\/www.tendenzeshabbychic.it\/fr\/produit\/edg-plateau-a-pulls-de-noel-29x24-cm-2-couleurs\/","title":{"rendered":"EDG Plateau \u00e0 pulls de No\u00ebl 29&#215;24 cm &#8211; 2 couleurs"},"content":{"rendered":"<p>Le plateau de No\u00ebl Enzo de Gasperi est une pi\u00e8ce originale et vivante, parfaite pour d\u00e9corer la table de f\u00eate. R\u00e9alis\u00e9 en c\u00e9ramique \u00e9maill\u00e9e polie, il est disponible en deux variantes : l&rsquo;une avec un flocon de neige dor\u00e9 et des manches vertes, l&rsquo;autre avec un arbre de No\u00ebl et des manches rouges. Les d\u00e9tails d\u00e9coratifs sont finement peints, avec de petits \u00e9l\u00e9ments de No\u00ebl en relief, ce qui en fait un objet \u00e0 la fois \u00e9l\u00e9gant et ludique. Id\u00e9al pour servir des g\u00e2teaux, des biscuits ou comme plateau d\u00e9coratif. Ne passe pas au micro-ondes, mais au lave-vaisselle.    <\/p>\n<ul>\n<li>Design original en forme de pull de No\u00ebl<\/li>\n<li>D\u00e9tails dor\u00e9s et \u00e9mail brillant pour un effet pr\u00e9cieux<\/li>\n<li>Deux d\u00e9cors diff\u00e9rents vendus individuellement<\/li>\n<li>Lavable au lave-vaisselle<\/li>\n<li>Parfait comme id\u00e9e de cadeau ou comme centre de table<\/li>\n<\/ul>\n\n\t<section class=\"section linkified dark\" id=\"section_1537408619\">\n\t\t<div class=\"section-bg fill\" >\n\t\t\t<img loading=\"lazy\" decoding=\"async\" width=\"800\" height=\"213\" src=\"https:\/\/www.tendenzeshabbychic.it\/wp-content\/uploads\/2021\/09\/natale-hero-1-800x213.jpg\" class=\"bg attachment-medium size-medium\" alt=\"\" \/>\t\t\t\t\t\t<div class=\"section-bg-overlay absolute fill\"><\/div>\n\t\t\t\n\n\t\t<\/div>\n\n\t\t\n\n\t\t<div class=\"section-content relative\">\n\t\t\t\n\n<div class=\"row\"  id=\"row-428705467\">\n\n\n\t<div id=\"col-1443823192\" class=\"col small-12 large-12\"  >\n\t\t\t\t<div class=\"col-inner text-center\"  >\n\t\t\t\n\t\t\t\n\n<h3><span style=\"font-size: 180%;\">No\u00ebl<\/span><\/h3>\n<p>D\u00e9couvrez la large s\u00e9lection de produits pour d\u00e9corer votre maison pour No\u00ebl.<\/p>\n<a href=\"https:\/\/www.tendenzeshabbychic.it\/fr\/categorie-de-produit\/noel\/\" class=\"button alert is-shade box-shadow-3 box-shadow-5-hover\" style=\"border-radius:5px;\">\n\t\t<span>Cliquez ici<\/span>\n\t<\/a>\n\n\n\n\t\t<\/div>\n\t\t\t\t\t<\/div>\n\n\t\n\n<\/div>\n\n\t\t<\/div>\n\n\t\t\n<style>\n#section_1537408619 {\n  padding-top: 12px;\n  padding-bottom: 12px;\n}\n#section_1537408619 .section-bg-overlay {\n  background-color: rgba(0, 0, 0, 0.419);\n}\n#section_1537408619 .section-bg img {\n  object-position: 21% 51%;\n}\n@media (min-width:550px) {\n  #section_1537408619 {\n    padding-top: 57px;\n    padding-bottom: 57px;\n  }\n}\n<\/style>\n\t<\/section>\n\t\n","protected":false},"excerpt":{"rendered":"<p>Plateau en c\u00e9ramique en forme de pull de No\u00ebl, \u00e9mail poli avec d\u00e9corations dor\u00e9es. Deux variantes : flocon de neige ou arbre de No\u00ebl. <\/p>\n<p>\ud83d\udccf H 3 x L 29 x P 24 cm<\/p>\n","protected":false},"featured_media":191226,"comment_status":"open","ping_status":"closed","template":"","meta":{"_joinchat":[]},"pwb-brand":[1564],"product_brand":[],"product_cat":[1527,1503],"product_tag":[2916],"class_list":{"0":"post-203442","1":"product","2":"type-product","3":"status-publish","4":"has-post-thumbnail","6":"pwb-brand-edg-fr","7":"product_cat-plateaux","8":"product_cat-noel","9":"product_tag-ceramique-et-porcelaine","11":"first","12":"instock","13":"sale","14":"taxable","15":"shipping-taxable","16":"purchasable","17":"product-type-variable"},"brands":[{"id":1564,"name":"EDG \u2013 Enzo De Gasperi","slug":"edg-fr"}],"_links":{"self":[{"href":"https:\/\/www.tendenzeshabbychic.it\/fr\/wp-json\/wp\/v2\/product\/203442","targetHints":{"allow":["GET"]}}],"collection":[{"href":"https:\/\/www.tendenzeshabbychic.it\/fr\/wp-json\/wp\/v2\/product"}],"about":[{"href":"https:\/\/www.tendenzeshabbychic.it\/fr\/wp-json\/wp\/v2\/types\/product"}],"replies":[{"embeddable":true,"href":"https:\/\/www.tendenzeshabbychic.it\/fr\/wp-json\/wp\/v2\/comments?post=203442"}],"wp:featuredmedia":[{"embeddable":true,"href":"https:\/\/www.tendenzeshabbychic.it\/fr\/wp-json\/wp\/v2\/media\/191226"}],"wp:attachment":[{"href":"https:\/\/www.tendenzeshabbychic.it\/fr\/wp-json\/wp\/v2\/media?parent=203442"}],"wp:term":[{"taxonomy":"pwb-brand","embeddable":true,"href":"https:\/\/www.tendenzeshabbychic.it\/fr\/wp-json\/wp\/v2\/pwb-brand?post=203442"},{"taxonomy":"product_brand","embeddable":true,"href":"https:\/\/www.tendenzeshabbychic.it\/fr\/wp-json\/wp\/v2\/product_brand?post=203442"},{"taxonomy":"product_cat","embeddable":true,"href":"https:\/\/www.tendenzeshabbychic.it\/fr\/wp-json\/wp\/v2\/product_cat?post=203442"},{"taxonomy":"product_tag","embeddable":true,"href":"https:\/\/www.tendenzeshabbychic.it\/fr\/wp-json\/wp\/v2\/product_tag?post=203442"}],"curies":[{"name":"wp","href":"https:\/\/api.w.org\/{rel}","templated":true}]}}