{"id":203435,"date":"2025-08-08T01:00:01","date_gmt":"2025-08-07T23:00:01","guid":{"rendered":"https:\/\/www.tendenzeshabbychic.it\/prodotto\/boite-a-chandails-de-noel-edg-h235-cm-2-modeles\/"},"modified":"2025-07-02T14:54:43","modified_gmt":"2025-07-02T13:54:43","slug":"boite-a-chandails-de-noel-edg-h235-cm-2-modeles","status":"publish","type":"product","link":"https:\/\/www.tendenzeshabbychic.it\/fr\/produit\/boite-a-chandails-de-noel-edg-h235-cm-2-modeles\/","title":{"rendered":"Bo\u00eete \u00e0 chandails de No\u00ebl EDG H23,5 cm &#8211; 2 mod\u00e8les"},"content":{"rendered":"<p>Ce r\u00e9cipient de No\u00ebl original d&rsquo;Enzo De Gasperi allie esprit de f\u00eate et praticit\u00e9. R\u00e9alis\u00e9 en c\u00e9ramique \u00e9maill\u00e9e, il a la forme d&rsquo;un pull de No\u00ebl tridimensionnel avec des d\u00e9tails d\u00e9coratifs en relief : il est disponible en deux versions, l&rsquo;une avec un arbre de No\u00ebl et l&rsquo;autre avec un renne. Les manches et le col sont de couleur verte contrastante, avec des d\u00e9tails grav\u00e9s sur le th\u00e8me de la neige. La partie sup\u00e9rieure se soul\u00e8ve pour r\u00e9v\u00e9ler un grand compartiment de rangement id\u00e9al pour les bonbons, les biscuits ou les petits objets. Une proposition ludique et raffin\u00e9e pour d\u00e9corer la cuisine ou le salon pendant les f\u00eates.    <\/p>\n<ul>\n<li>C\u00e9ramique \u00e9maill\u00e9e polie avec reliefs d\u00e9coratifs<\/li>\n<li>Pull de No\u00ebl au design unique<\/li>\n<li>Couvercle amovible \u00e0 large ouverture<\/li>\n<li>Deux sujets assortis : arbre ou renne<\/li>\n<li>Passe au lave-vaisselle, pas au micro-ondes<\/li>\n<\/ul>\n\n\t<section class=\"section linkified dark\" id=\"section_103540491\">\n\t\t<div class=\"section-bg fill\" >\n\t\t\t<img loading=\"lazy\" decoding=\"async\" width=\"800\" height=\"213\" src=\"https:\/\/www.tendenzeshabbychic.it\/wp-content\/uploads\/2021\/09\/natale-hero-1-800x213.jpg\" class=\"bg attachment-medium size-medium\" alt=\"\" \/>\t\t\t\t\t\t<div class=\"section-bg-overlay absolute fill\"><\/div>\n\t\t\t\n\n\t\t<\/div>\n\n\t\t\n\n\t\t<div class=\"section-content relative\">\n\t\t\t\n\n<div class=\"row\"  id=\"row-1283388629\">\n\n\n\t<div id=\"col-1516214742\" class=\"col small-12 large-12\"  >\n\t\t\t\t<div class=\"col-inner text-center\"  >\n\t\t\t\n\t\t\t\n\n<h3><span style=\"font-size: 180%;\">No\u00ebl<\/span><\/h3>\n<p>D\u00e9couvrez la large s\u00e9lection de produits pour d\u00e9corer votre maison pour No\u00ebl.<\/p>\n<a href=\"https:\/\/www.tendenzeshabbychic.it\/fr\/categorie-de-produit\/noel\/\" class=\"button alert is-shade box-shadow-3 box-shadow-5-hover\" style=\"border-radius:5px;\">\n\t\t<span>Cliquez ici<\/span>\n\t<\/a>\n\n\n\n\t\t<\/div>\n\t\t\t\t\t<\/div>\n\n\t\n\n<\/div>\n\n\t\t<\/div>\n\n\t\t\n<style>\n#section_103540491 {\n  padding-top: 12px;\n  padding-bottom: 12px;\n}\n#section_103540491 .section-bg-overlay {\n  background-color: rgba(0, 0, 0, 0.419);\n}\n#section_103540491 .section-bg img {\n  object-position: 21% 51%;\n}\n@media (min-width:550px) {\n  #section_103540491 {\n    padding-top: 57px;\n    padding-bottom: 57px;\n  }\n}\n<\/style>\n\t<\/section>\n\t\n","protected":false},"excerpt":{"rendered":"<p>R\u00e9cipient de No\u00ebl en c\u00e9ramique \u00e9maill\u00e9e en forme de pull-over avec des d\u00e9tails en relief : arbre ou renne. Deux sujets assortis vendus individuellement. <\/p>\n<p>\ud83d\udccf H 23,5 x L 21,5 x P 13 cm<\/p>\n","protected":false},"featured_media":191232,"comment_status":"open","ping_status":"closed","template":"","meta":{"_joinchat":[]},"pwb-brand":[1564],"product_brand":[],"product_cat":[1471,1503],"product_tag":[2916],"class_list":{"0":"post-203435","1":"product","2":"type-product","3":"status-publish","4":"has-post-thumbnail","6":"pwb-brand-edg-fr","7":"product_cat-accessoires-de-cuisine","8":"product_cat-noel","9":"product_tag-ceramique-et-porcelaine","11":"first","12":"instock","13":"sale","14":"taxable","15":"shipping-taxable","16":"purchasable","17":"product-type-variable"},"brands":[{"id":1564,"name":"EDG \u2013 Enzo De Gasperi","slug":"edg-fr"}],"_links":{"self":[{"href":"https:\/\/www.tendenzeshabbychic.it\/fr\/wp-json\/wp\/v2\/product\/203435","targetHints":{"allow":["GET"]}}],"collection":[{"href":"https:\/\/www.tendenzeshabbychic.it\/fr\/wp-json\/wp\/v2\/product"}],"about":[{"href":"https:\/\/www.tendenzeshabbychic.it\/fr\/wp-json\/wp\/v2\/types\/product"}],"replies":[{"embeddable":true,"href":"https:\/\/www.tendenzeshabbychic.it\/fr\/wp-json\/wp\/v2\/comments?post=203435"}],"wp:featuredmedia":[{"embeddable":true,"href":"https:\/\/www.tendenzeshabbychic.it\/fr\/wp-json\/wp\/v2\/media\/191232"}],"wp:attachment":[{"href":"https:\/\/www.tendenzeshabbychic.it\/fr\/wp-json\/wp\/v2\/media?parent=203435"}],"wp:term":[{"taxonomy":"pwb-brand","embeddable":true,"href":"https:\/\/www.tendenzeshabbychic.it\/fr\/wp-json\/wp\/v2\/pwb-brand?post=203435"},{"taxonomy":"product_brand","embeddable":true,"href":"https:\/\/www.tendenzeshabbychic.it\/fr\/wp-json\/wp\/v2\/product_brand?post=203435"},{"taxonomy":"product_cat","embeddable":true,"href":"https:\/\/www.tendenzeshabbychic.it\/fr\/wp-json\/wp\/v2\/product_cat?post=203435"},{"taxonomy":"product_tag","embeddable":true,"href":"https:\/\/www.tendenzeshabbychic.it\/fr\/wp-json\/wp\/v2\/product_tag?post=203435"}],"curies":[{"name":"wp","href":"https:\/\/api.w.org\/{rel}","templated":true}]}}