{"id":202770,"date":"2025-08-08T01:00:01","date_gmt":"2025-08-07T23:00:01","guid":{"rendered":"https:\/\/www.tendenzeshabbychic.it\/prodotto\/edg-base-shaft-slide-with-gifts-h39\/"},"modified":"2025-06-29T09:26:19","modified_gmt":"2025-06-29T08:26:19","slug":"edg-base-shaft-slide-with-gifts-h39","status":"publish","type":"product","link":"https:\/\/www.tendenzeshabbychic.it\/fr\/produit\/edg-base-shaft-slide-with-gifts-h39\/","title":{"rendered":"EDG Base Shaft Slide with Gifts H39"},"content":{"rendered":"<p>Apportez l&rsquo;\u00e9l\u00e9gance de No\u00ebl sous votre sapin avec la base &lsquo;Tra\u00eeneau avec cadeaux&rsquo; d&rsquo;EDG. Un tra\u00eeneau en polyr\u00e9sine rouge brillant, agr\u00e9ment\u00e9 de d\u00e9tails dor\u00e9s tels que des rubans, des frises baroques et des skis antiques. \u00c0 l&rsquo;int\u00e9rieur, un emballage cadeau color\u00e9 et d\u00e9coratif dissimule le tube m\u00e9tallique dor\u00e9 avec des vis papillon, con\u00e7u pour fixer l&rsquo;arbre de mani\u00e8re s\u00fbre et stable. Un \u00e9l\u00e9ment sc\u00e9nique parfait pour les d\u00e9cors raffin\u00e9s et les f\u00eates \u00e9l\u00e9gantes.   <\/p>\n<ul>\n<li>\u00c9l\u00e9gant design de No\u00ebl en forme de tra\u00eeneau<\/li>\n<li>Mat\u00e9riau : polyr\u00e9sine avec d\u00e9tails peints \u00e0 la main<\/li>\n<li>Support m\u00e9tallique int\u00e9gr\u00e9 de couleur or<\/li>\n<li>D\u00e9corations en relief et couleurs vives<\/li>\n<li>Id\u00e9al pour les salons, les vitrines ou les entr\u00e9es<\/li>\n<\/ul>\n\n\t<section class=\"section linkified dark\" id=\"section_1135974310\">\n\t\t<div class=\"section-bg fill\" >\n\t\t\t<img loading=\"lazy\" decoding=\"async\" width=\"800\" height=\"213\" src=\"https:\/\/www.tendenzeshabbychic.it\/wp-content\/uploads\/2021\/09\/natale-hero-1-800x213.jpg\" class=\"bg attachment-medium size-medium\" alt=\"\" \/>\t\t\t\t\t\t<div class=\"section-bg-overlay absolute fill\"><\/div>\n\t\t\t\n\n\t\t<\/div>\n\n\t\t\n\n\t\t<div class=\"section-content relative\">\n\t\t\t\n\n<div class=\"row\"  id=\"row-819485948\">\n\n\n\t<div id=\"col-1190115065\" class=\"col small-12 large-12\"  >\n\t\t\t\t<div class=\"col-inner text-center\"  >\n\t\t\t\n\t\t\t\n\n<h3><span style=\"font-size: 180%;\">No\u00ebl<\/span><\/h3>\n<p>D\u00e9couvrez la large s\u00e9lection de produits pour d\u00e9corer votre maison pour No\u00ebl.<\/p>\n<a href=\"https:\/\/www.tendenzeshabbychic.it\/fr\/categorie-de-produit\/noel\/\" class=\"button alert is-shade box-shadow-3 box-shadow-5-hover\" style=\"border-radius:5px;\">\n\t\t<span>Cliquez ici<\/span>\n\t<\/a>\n\n\n\n\t\t<\/div>\n\t\t\t\t\t<\/div>\n\n\t\n\n<\/div>\n\n\t\t<\/div>\n\n\t\t\n<style>\n#section_1135974310 {\n  padding-top: 12px;\n  padding-bottom: 12px;\n}\n#section_1135974310 .section-bg-overlay {\n  background-color: rgba(0, 0, 0, 0.419);\n}\n#section_1135974310 .section-bg img {\n  object-position: 21% 51%;\n}\n@media (min-width:550px) {\n  #section_1135974310 {\n    padding-top: 57px;\n    padding-bottom: 57px;\n  }\n}\n<\/style>\n\t<\/section>\n\t\n","protected":false},"excerpt":{"rendered":"<p>Base de sapin rouge en forme de tra\u00eeneau avec d\u00e9corations dor\u00e9es, emballage cadeau color\u00e9 et pied en m\u00e9tal dor\u00e9 int\u00e9gr\u00e9.<\/p>\n<p>\ud83d\udccf H 39 x L 43 x P 22 cm<\/p>\n","protected":false},"featured_media":190349,"comment_status":"open","ping_status":"closed","template":"","meta":{"_joinchat":[]},"pwb-brand":[1564],"product_brand":[],"product_cat":[3098,1503],"product_tag":[],"class_list":{"0":"post-202770","1":"product","2":"type-product","3":"status-publish","4":"has-post-thumbnail","6":"pwb-brand-edg-fr","7":"product_cat-supports-pour-arbres-de-noel","8":"product_cat-noel","10":"first","11":"instock","12":"sale","13":"taxable","14":"shipping-taxable","15":"purchasable","16":"product-type-simple"},"brands":[{"id":1564,"name":"EDG \u2013 Enzo De Gasperi","slug":"edg-fr"}],"_links":{"self":[{"href":"https:\/\/www.tendenzeshabbychic.it\/fr\/wp-json\/wp\/v2\/product\/202770","targetHints":{"allow":["GET"]}}],"collection":[{"href":"https:\/\/www.tendenzeshabbychic.it\/fr\/wp-json\/wp\/v2\/product"}],"about":[{"href":"https:\/\/www.tendenzeshabbychic.it\/fr\/wp-json\/wp\/v2\/types\/product"}],"replies":[{"embeddable":true,"href":"https:\/\/www.tendenzeshabbychic.it\/fr\/wp-json\/wp\/v2\/comments?post=202770"}],"wp:featuredmedia":[{"embeddable":true,"href":"https:\/\/www.tendenzeshabbychic.it\/fr\/wp-json\/wp\/v2\/media\/190349"}],"wp:attachment":[{"href":"https:\/\/www.tendenzeshabbychic.it\/fr\/wp-json\/wp\/v2\/media?parent=202770"}],"wp:term":[{"taxonomy":"pwb-brand","embeddable":true,"href":"https:\/\/www.tendenzeshabbychic.it\/fr\/wp-json\/wp\/v2\/pwb-brand?post=202770"},{"taxonomy":"product_brand","embeddable":true,"href":"https:\/\/www.tendenzeshabbychic.it\/fr\/wp-json\/wp\/v2\/product_brand?post=202770"},{"taxonomy":"product_cat","embeddable":true,"href":"https:\/\/www.tendenzeshabbychic.it\/fr\/wp-json\/wp\/v2\/product_cat?post=202770"},{"taxonomy":"product_tag","embeddable":true,"href":"https:\/\/www.tendenzeshabbychic.it\/fr\/wp-json\/wp\/v2\/product_tag?post=202770"}],"curies":[{"name":"wp","href":"https:\/\/api.w.org\/{rel}","templated":true}]}}