{"id":202752,"date":"2025-08-08T01:00:01","date_gmt":"2025-08-07T23:00:01","guid":{"rendered":"https:\/\/www.tendenzeshabbychic.it\/prodotto\/edg-coussin-brode-saison-joyeuse-45x45-cm\/"},"modified":"2025-07-02T14:03:50","modified_gmt":"2025-07-02T13:03:50","slug":"edg-coussin-brode-saison-joyeuse-45x45-cm","status":"publish","type":"product","link":"https:\/\/www.tendenzeshabbychic.it\/fr\/produit\/edg-coussin-brode-saison-joyeuse-45x45-cm\/","title":{"rendered":"EDG Coussin brod\u00e9 Saison joyeuse 45&#215;45 cm"},"content":{"rendered":"<p>Le coussin \u00ab\u00a0Joyful Season\u00a0\u00bb d&rsquo;Enzo de Gasperi est un accessoire de No\u00ebl raffin\u00e9 en velours ivoire. La broderie comprend l&rsquo;inscription festive en \u00e9l\u00e9gante cursive rouge bordeaux, accompagn\u00e9e de brins de gui stylis\u00e9s en vert olive et de baies rouges. Pratique et d\u00e9coratif, il est enti\u00e8rement d\u00e9houssable et lavable, id\u00e9al pour enrichir canap\u00e9s, fauteuils ou lits pendant les f\u00eates de fin d&rsquo;ann\u00e9e d&rsquo;une touche joyeuse et raffin\u00e9e.  <\/p>\n<ul>\n<li>Broderie festive avec lettres et d\u00e9tails naturels<\/li>\n<li>Velours ivoire de haute qualit\u00e9<\/li>\n<li>Amovible gr\u00e2ce \u00e0 une fermeture \u00e9clair dissimul\u00e9e<\/li>\n<li>Lavable pour une utilisation pratique<\/li>\n<li>Parfait pour les ambiances \u00e9l\u00e9gantes de No\u00ebl<\/li>\n<\/ul>\n\n\t<section class=\"section linkified dark\" id=\"section_857409252\">\n\t\t<div class=\"section-bg fill\" >\n\t\t\t<img loading=\"lazy\" decoding=\"async\" width=\"800\" height=\"213\" src=\"https:\/\/www.tendenzeshabbychic.it\/wp-content\/uploads\/2021\/09\/natale-hero-1-800x213.jpg\" class=\"bg attachment-medium size-medium\" alt=\"\" \/>\t\t\t\t\t\t<div class=\"section-bg-overlay absolute fill\"><\/div>\n\t\t\t\n\n\t\t<\/div>\n\n\t\t\n\n\t\t<div class=\"section-content relative\">\n\t\t\t\n\n<div class=\"row\"  id=\"row-1358142283\">\n\n\n\t<div id=\"col-1736346873\" class=\"col small-12 large-12\"  >\n\t\t\t\t<div class=\"col-inner text-center\"  >\n\t\t\t\n\t\t\t\n\n<h3><span style=\"font-size: 180%;\">No\u00ebl<\/span><\/h3>\n<p>D\u00e9couvrez la large s\u00e9lection de produits pour d\u00e9corer votre maison pour No\u00ebl.<\/p>\n<a href=\"https:\/\/www.tendenzeshabbychic.it\/fr\/categorie-de-produit\/noel\/\" class=\"button alert is-shade box-shadow-3 box-shadow-5-hover\" style=\"border-radius:5px;\">\n\t\t<span>Cliquez ici<\/span>\n\t<\/a>\n\n\n\n\t\t<\/div>\n\t\t\t\t\t<\/div>\n\n\t\n\n<\/div>\n\n\t\t<\/div>\n\n\t\t\n<style>\n#section_857409252 {\n  padding-top: 12px;\n  padding-bottom: 12px;\n}\n#section_857409252 .section-bg-overlay {\n  background-color: rgba(0, 0, 0, 0.419);\n}\n#section_857409252 .section-bg img {\n  object-position: 21% 51%;\n}\n@media (min-width:550px) {\n  #section_857409252 {\n    padding-top: 57px;\n    padding-bottom: 57px;\n  }\n}\n<\/style>\n\t<\/section>\n\t\n","protected":false},"excerpt":{"rendered":"<p>Coussin en velours ivoire avec inscription \u00ab\u00a0Joyeuse saison\u00a0\u00bb et brins brod\u00e9s. El\u00e9gant, d\u00e9houssable et lavable. <\/p>\n<p>\ud83d\udccf 45 x 45 cm<\/p>\n","protected":false},"featured_media":191142,"comment_status":"open","ping_status":"closed","template":"","meta":{"_joinchat":[]},"pwb-brand":[1564],"product_brand":[],"product_cat":[1469,1503],"product_tag":[],"class_list":{"0":"post-202752","1":"product","2":"type-product","3":"status-publish","4":"has-post-thumbnail","6":"pwb-brand-edg-fr","7":"product_cat-coussins","8":"product_cat-noel","10":"first","11":"instock","12":"sale","13":"taxable","14":"shipping-taxable","15":"purchasable","16":"product-type-simple"},"brands":[{"id":1564,"name":"EDG \u2013 Enzo De Gasperi","slug":"edg-fr"}],"_links":{"self":[{"href":"https:\/\/www.tendenzeshabbychic.it\/fr\/wp-json\/wp\/v2\/product\/202752","targetHints":{"allow":["GET"]}}],"collection":[{"href":"https:\/\/www.tendenzeshabbychic.it\/fr\/wp-json\/wp\/v2\/product"}],"about":[{"href":"https:\/\/www.tendenzeshabbychic.it\/fr\/wp-json\/wp\/v2\/types\/product"}],"replies":[{"embeddable":true,"href":"https:\/\/www.tendenzeshabbychic.it\/fr\/wp-json\/wp\/v2\/comments?post=202752"}],"wp:featuredmedia":[{"embeddable":true,"href":"https:\/\/www.tendenzeshabbychic.it\/fr\/wp-json\/wp\/v2\/media\/191142"}],"wp:attachment":[{"href":"https:\/\/www.tendenzeshabbychic.it\/fr\/wp-json\/wp\/v2\/media?parent=202752"}],"wp:term":[{"taxonomy":"pwb-brand","embeddable":true,"href":"https:\/\/www.tendenzeshabbychic.it\/fr\/wp-json\/wp\/v2\/pwb-brand?post=202752"},{"taxonomy":"product_brand","embeddable":true,"href":"https:\/\/www.tendenzeshabbychic.it\/fr\/wp-json\/wp\/v2\/product_brand?post=202752"},{"taxonomy":"product_cat","embeddable":true,"href":"https:\/\/www.tendenzeshabbychic.it\/fr\/wp-json\/wp\/v2\/product_cat?post=202752"},{"taxonomy":"product_tag","embeddable":true,"href":"https:\/\/www.tendenzeshabbychic.it\/fr\/wp-json\/wp\/v2\/product_tag?post=202752"}],"curies":[{"name":"wp","href":"https:\/\/api.w.org\/{rel}","templated":true}]}}