{"id":202362,"date":"2025-09-08T15:40:45","date_gmt":"2025-09-08T14:40:45","guid":{"rendered":"https:\/\/www.tendenzeshabbychic.it\/prodotto\/blanc-mariclo-coussin-herisson-eco-fourrure-45x45-cm\/"},"modified":"2025-07-14T15:40:45","modified_gmt":"2025-07-14T14:40:45","slug":"blanc-mariclo-coussin-herisson-eco-fourrure-45x45-cm","status":"publish","type":"product","link":"https:\/\/www.tendenzeshabbychic.it\/fr\/produit\/blanc-mariclo-coussin-herisson-eco-fourrure-45x45-cm\/","title":{"rendered":"Blanc MariCl\u00f2 Coussin H\u00e9risson Eco Fourrure 45&#215;45 cm"},"content":{"rendered":"<p>Ce coussin de Blanc MariCl\u00f2 allie douceur et design avec un imprim\u00e9 hyperr\u00e9aliste d&rsquo;un chiot boucl\u00e9 beige. La bordure en fausse fourrure marron ajoute une touche de chaleur et de confort, parfaite pour les d\u00e9cors Country Chic ou Shabby Chic. Id\u00e9al sur les canap\u00e9s, les fauteuils ou dans les chambres \u00e0 coucher, ce coussin fait partie de la tendre collection <em>Amici Animale<\/em>, con\u00e7ue pour ceux qui aiment faire des c\u00e2lins avec style.  <\/p>\n<ul>\n<li>Impression haute d\u00e9finition d&rsquo;un chiot beige fris\u00e9<\/li>\n<li>Garniture en fausse fourrure douce<\/li>\n<li>100% polyester, facile \u00e0 nettoyer<\/li>\n<li>Meubles avec une touche chaleureuse et accueillante<\/li>\n<li>Parfait aussi comme id\u00e9e de cadeau d\u00e9coratif<\/li>\n<\/ul>\n","protected":false},"excerpt":{"rendered":"<p>Coussin carr\u00e9 en polyester avec impression r\u00e9aliste d&rsquo;un chiot fris\u00e9 beige et bordure en fausse fourrure. Collection Animal Friends. <\/p>\n<p>\ud83d\udccf 45 x 45 cm<\/p>\n","protected":false},"featured_media":194466,"comment_status":"open","ping_status":"closed","template":"","meta":{"_joinchat":[]},"pwb-brand":[1561],"product_brand":[],"product_cat":[1469],"product_tag":[2883],"class_list":{"0":"post-202362","1":"product","2":"type-product","3":"status-publish","4":"has-post-thumbnail","6":"pwb-brand-blanc-mariclo-fr","7":"product_cat-coussins","8":"product_tag-amis-animaux","10":"first","11":"instock","12":"taxable","13":"shipping-taxable","14":"purchasable","15":"product-type-simple"},"brands":[{"id":1561,"name":"Blanc Mariclo","slug":"blanc-mariclo-fr"}],"_links":{"self":[{"href":"https:\/\/www.tendenzeshabbychic.it\/fr\/wp-json\/wp\/v2\/product\/202362","targetHints":{"allow":["GET"]}}],"collection":[{"href":"https:\/\/www.tendenzeshabbychic.it\/fr\/wp-json\/wp\/v2\/product"}],"about":[{"href":"https:\/\/www.tendenzeshabbychic.it\/fr\/wp-json\/wp\/v2\/types\/product"}],"replies":[{"embeddable":true,"href":"https:\/\/www.tendenzeshabbychic.it\/fr\/wp-json\/wp\/v2\/comments?post=202362"}],"wp:featuredmedia":[{"embeddable":true,"href":"https:\/\/www.tendenzeshabbychic.it\/fr\/wp-json\/wp\/v2\/media\/194466"}],"wp:attachment":[{"href":"https:\/\/www.tendenzeshabbychic.it\/fr\/wp-json\/wp\/v2\/media?parent=202362"}],"wp:term":[{"taxonomy":"pwb-brand","embeddable":true,"href":"https:\/\/www.tendenzeshabbychic.it\/fr\/wp-json\/wp\/v2\/pwb-brand?post=202362"},{"taxonomy":"product_brand","embeddable":true,"href":"https:\/\/www.tendenzeshabbychic.it\/fr\/wp-json\/wp\/v2\/product_brand?post=202362"},{"taxonomy":"product_cat","embeddable":true,"href":"https:\/\/www.tendenzeshabbychic.it\/fr\/wp-json\/wp\/v2\/product_cat?post=202362"},{"taxonomy":"product_tag","embeddable":true,"href":"https:\/\/www.tendenzeshabbychic.it\/fr\/wp-json\/wp\/v2\/product_tag?post=202362"}],"curies":[{"name":"wp","href":"https:\/\/api.w.org\/{rel}","templated":true}]}}