{"id":202336,"date":"2025-08-08T01:00:01","date_gmt":"2025-08-07T23:00:01","guid":{"rendered":"https:\/\/www.tendenzeshabbychic.it\/prodotto\/blanc-mariclo-lanterne-en-bois-et-verre-9x12-cm\/"},"modified":"2025-07-16T10:06:24","modified_gmt":"2025-07-16T09:06:24","slug":"blanc-mariclo-lanterne-en-bois-et-verre-9x12-cm","status":"publish","type":"product","link":"https:\/\/www.tendenzeshabbychic.it\/fr\/produit\/blanc-mariclo-lanterne-en-bois-et-verre-9x12-cm\/","title":{"rendered":"Blanc MariClo Lanterne en bois et verre 9&#215;12 cm"},"content":{"rendered":"<p>Cette jolie lanterne Blanc MariClo en forme de petite maison est fabriqu\u00e9e en bois de manguier avec une finition effet blanchi, ce qui lui donne un aspect naturel et habit\u00e9.<\/p>\n<p>Les murs sont sculpt\u00e9s de fen\u00eatres et de c\u0153urs, et un bougeoir en verre se trouve \u00e0 l&rsquo;int\u00e9rieur.<\/p>\n<p>Parfait pour cr\u00e9er des ambiances douillettes et chaleureuses pendant l&rsquo;hiver ou la p\u00e9riode de No\u00ebl, il convient aux styles rustique, shabby et nordique.<\/p>\n<ul>\n<li>Fabriqu\u00e9 en bois de manguier naturel<\/li>\n<li>D\u00e9tails sculpt\u00e9s en forme de fen\u00eatres et de c\u0153urs<\/li>\n<li>B\u00e9cher int\u00e9rieur en verre pour les bougies<\/li>\n<li>Id\u00e9al pour les environnements shabby, rustiques ou de No\u00ebl<\/li>\n<li>Objet d\u00e9coratif unique et remarquable<\/li>\n<\/ul>\n\n\t<section class=\"section linkified dark\" id=\"section_2062712210\">\n\t\t<div class=\"section-bg fill\" >\n\t\t\t<img loading=\"lazy\" decoding=\"async\" width=\"800\" height=\"213\" src=\"https:\/\/www.tendenzeshabbychic.it\/wp-content\/uploads\/2021\/09\/natale-hero-1-800x213.jpg\" class=\"bg attachment-medium size-medium\" alt=\"\" \/>\t\t\t\t\t\t<div class=\"section-bg-overlay absolute fill\"><\/div>\n\t\t\t\n\n\t\t<\/div>\n\n\t\t\n\n\t\t<div class=\"section-content relative\">\n\t\t\t\n\n<div class=\"row\"  id=\"row-82698522\">\n\n\n\t<div id=\"col-1967130488\" class=\"col small-12 large-12\"  >\n\t\t\t\t<div class=\"col-inner text-center\"  >\n\t\t\t\n\t\t\t\n\n<h3><span style=\"font-size: 180%;\">No\u00ebl<\/span><\/h3>\n<p>D\u00e9couvrez la large s\u00e9lection de produits pour d\u00e9corer votre maison pour No\u00ebl.<\/p>\n<a href=\"https:\/\/www.tendenzeshabbychic.it\/fr\/categorie-de-produit\/noel\/\" class=\"button alert is-shade box-shadow-3 box-shadow-5-hover\" style=\"border-radius:5px;\">\n\t\t<span>Cliquez ici<\/span>\n\t<\/a>\n\n\n\n\t\t<\/div>\n\t\t\t\t\t<\/div>\n\n\t\n\n<\/div>\n\n\t\t<\/div>\n\n\t\t\n<style>\n#section_2062712210 {\n  padding-top: 12px;\n  padding-bottom: 12px;\n}\n#section_2062712210 .section-bg-overlay {\n  background-color: rgba(0, 0, 0, 0.419);\n}\n#section_2062712210 .section-bg img {\n  object-position: 21% 51%;\n}\n@media (min-width:550px) {\n  #section_2062712210 {\n    padding-top: 57px;\n    padding-bottom: 57px;\n  }\n}\n<\/style>\n\t<\/section>\n\t\n","protected":false},"excerpt":{"rendered":"<p>Lanterne d\u00e9corative en bois blanchi en forme de petite maison avec bougeoir int\u00e9rieur en verre.<\/p>\n<p>\ud83d\udccf 9 x 9 x 12 cm<\/p>\n","protected":false},"featured_media":194891,"comment_status":"open","ping_status":"closed","template":"","meta":{"_joinchat":[]},"pwb-brand":[1561],"product_brand":[],"product_cat":[1461,1459,1503],"product_tag":[1394,1296],"class_list":{"0":"post-202336","1":"product","2":"type-product","3":"status-publish","4":"has-post-thumbnail","6":"pwb-brand-blanc-mariclo-fr","7":"product_cat-lanternes","8":"product_cat-chandeliers-et-bougeoirs","9":"product_cat-noel","10":"product_tag-fleche","11":"product_tag-idee-de-cadeau","12":"pa_colore-naturel","14":"first","15":"instock","16":"sale","17":"taxable","18":"shipping-taxable","19":"purchasable","20":"product-type-simple"},"brands":[{"id":1561,"name":"Blanc Mariclo","slug":"blanc-mariclo-fr"}],"_links":{"self":[{"href":"https:\/\/www.tendenzeshabbychic.it\/fr\/wp-json\/wp\/v2\/product\/202336","targetHints":{"allow":["GET"]}}],"collection":[{"href":"https:\/\/www.tendenzeshabbychic.it\/fr\/wp-json\/wp\/v2\/product"}],"about":[{"href":"https:\/\/www.tendenzeshabbychic.it\/fr\/wp-json\/wp\/v2\/types\/product"}],"replies":[{"embeddable":true,"href":"https:\/\/www.tendenzeshabbychic.it\/fr\/wp-json\/wp\/v2\/comments?post=202336"}],"wp:featuredmedia":[{"embeddable":true,"href":"https:\/\/www.tendenzeshabbychic.it\/fr\/wp-json\/wp\/v2\/media\/194891"}],"wp:attachment":[{"href":"https:\/\/www.tendenzeshabbychic.it\/fr\/wp-json\/wp\/v2\/media?parent=202336"}],"wp:term":[{"taxonomy":"pwb-brand","embeddable":true,"href":"https:\/\/www.tendenzeshabbychic.it\/fr\/wp-json\/wp\/v2\/pwb-brand?post=202336"},{"taxonomy":"product_brand","embeddable":true,"href":"https:\/\/www.tendenzeshabbychic.it\/fr\/wp-json\/wp\/v2\/product_brand?post=202336"},{"taxonomy":"product_cat","embeddable":true,"href":"https:\/\/www.tendenzeshabbychic.it\/fr\/wp-json\/wp\/v2\/product_cat?post=202336"},{"taxonomy":"product_tag","embeddable":true,"href":"https:\/\/www.tendenzeshabbychic.it\/fr\/wp-json\/wp\/v2\/product_tag?post=202336"}],"curies":[{"name":"wp","href":"https:\/\/api.w.org\/{rel}","templated":true}]}}