{"id":202332,"date":"2025-08-08T01:00:01","date_gmt":"2025-08-07T23:00:01","guid":{"rendered":"https:\/\/www.tendenzeshabbychic.it\/prodotto\/blanc-mariclo-set-3-maisons-lanternes-bois-21x21x41-cm\/"},"modified":"2025-07-16T10:15:25","modified_gmt":"2025-07-16T09:15:25","slug":"blanc-mariclo-set-3-maisons-lanternes-bois-21x21x41-cm","status":"publish","type":"product","link":"https:\/\/www.tendenzeshabbychic.it\/fr\/produit\/blanc-mariclo-set-3-maisons-lanternes-bois-21x21x41-cm\/","title":{"rendered":"Blanc MariClo Set 3 Maisons Lanternes Bois 21x21x41 cm"},"content":{"rendered":"<p>Ce lot de 3 lanternes de Blanc MariClo est fabriqu\u00e9 en bois de manguier avec une finition Shabby Chic.<\/p>\n<p>Chaque lanterne est sculpt\u00e9e en forme de petite maison avec de hautes fen\u00eatres et des arches, agr\u00e9ment\u00e9es d&rsquo;\u00e9toiles d\u00e9coratives sur la face avant.<\/p>\n<p>L&rsquo;effet d\u00e9cap\u00e9 donne une touche rustique et chaleureuse. \u00c0 l&rsquo;int\u00e9rieur, les verres transparents permettent d&rsquo;ins\u00e9rer des bougies, cr\u00e9ant ainsi un jeu de lumi\u00e8re id\u00e9al pour l&rsquo;ambiance de No\u00ebl ou pour d\u00e9corer les tables et les chemin\u00e9es. <\/p>\n<p>Parfaites pour cr\u00e9er un village lumineux sur les \u00e9tag\u00e8res, les consoles ou les tables de f\u00eate, ces lanternes allient esth\u00e9tique et fonctionnalit\u00e9.<\/p>\n<ul>\n<li>Petite maison avec des \u00e9toiles et des fen\u00eatres d\u00e9coratives<\/li>\n<li>Finition en bois d\u00e9cap\u00e9 Shabby Chic<\/li>\n<li>Bougeoir int\u00e9rieur en verre inclus<\/li>\n<li>Id\u00e9al pour les arrangements de No\u00ebl ou les d\u00e9corations lumineuses<\/li>\n<li>Peut \u00eatre coordonn\u00e9 avec d&rsquo;autres lanternes de la collection Blanc MariClo.<\/li>\n<\/ul>\n\n\t<section class=\"section linkified dark\" id=\"section_524304916\">\n\t\t<div class=\"section-bg fill\" >\n\t\t\t<img loading=\"lazy\" decoding=\"async\" width=\"800\" height=\"213\" src=\"https:\/\/www.tendenzeshabbychic.it\/wp-content\/uploads\/2021\/09\/natale-hero-1-800x213.jpg\" class=\"bg attachment-medium size-medium\" alt=\"\" \/>\t\t\t\t\t\t<div class=\"section-bg-overlay absolute fill\"><\/div>\n\t\t\t\n\n\t\t<\/div>\n\n\t\t\n\n\t\t<div class=\"section-content relative\">\n\t\t\t\n\n<div class=\"row\"  id=\"row-1035914937\">\n\n\n\t<div id=\"col-1824421843\" class=\"col small-12 large-12\"  >\n\t\t\t\t<div class=\"col-inner text-center\"  >\n\t\t\t\n\t\t\t\n\n<h3><span style=\"font-size: 180%;\">No\u00ebl<\/span><\/h3>\n<p>D\u00e9couvrez la large s\u00e9lection de produits pour d\u00e9corer votre maison pour No\u00ebl.<\/p>\n<a href=\"https:\/\/www.tendenzeshabbychic.it\/fr\/categorie-de-produit\/noel\/\" class=\"button alert is-shade box-shadow-3 box-shadow-5-hover\" style=\"border-radius:5px;\">\n\t\t<span>Cliquez ici<\/span>\n\t<\/a>\n\n\n\n\t\t<\/div>\n\t\t\t\t\t<\/div>\n\n\t\n\n<\/div>\n\n\t\t<\/div>\n\n\t\t\n<style>\n#section_524304916 {\n  padding-top: 12px;\n  padding-bottom: 12px;\n}\n#section_524304916 .section-bg-overlay {\n  background-color: rgba(0, 0, 0, 0.419);\n}\n#section_524304916 .section-bg img {\n  object-position: 21% 51%;\n}\n@media (min-width:550px) {\n  #section_524304916 {\n    padding-top: 57px;\n    padding-bottom: 57px;\n  }\n}\n<\/style>\n\t<\/section>\n\t\n","protected":false},"excerpt":{"rendered":"<p>Lot de 3 lanternes en bois de manguier avec des sculptures en forme de fen\u00eatres et d&rsquo;\u00e9toiles. Comprend des bougeoirs en verre pour un \u00e9clairage d&rsquo;ambiance. <\/p>\n<p>\ud83d\udccf 21 x 21 x 41 cm<\/p>\n","protected":false},"featured_media":194915,"comment_status":"open","ping_status":"closed","template":"","meta":{"_joinchat":[]},"pwb-brand":[1561],"product_brand":[],"product_cat":[1461,1459,1503],"product_tag":[1394,1296],"class_list":{"0":"post-202332","1":"product","2":"type-product","3":"status-publish","4":"has-post-thumbnail","6":"pwb-brand-blanc-mariclo-fr","7":"product_cat-lanternes","8":"product_cat-chandeliers-et-bougeoirs","9":"product_cat-noel","10":"product_tag-fleche","11":"product_tag-idee-de-cadeau","12":"pa_colore-naturel","14":"first","15":"instock","16":"sale","17":"taxable","18":"shipping-taxable","19":"purchasable","20":"product-type-simple"},"brands":[{"id":1561,"name":"Blanc Mariclo","slug":"blanc-mariclo-fr"}],"_links":{"self":[{"href":"https:\/\/www.tendenzeshabbychic.it\/fr\/wp-json\/wp\/v2\/product\/202332","targetHints":{"allow":["GET"]}}],"collection":[{"href":"https:\/\/www.tendenzeshabbychic.it\/fr\/wp-json\/wp\/v2\/product"}],"about":[{"href":"https:\/\/www.tendenzeshabbychic.it\/fr\/wp-json\/wp\/v2\/types\/product"}],"replies":[{"embeddable":true,"href":"https:\/\/www.tendenzeshabbychic.it\/fr\/wp-json\/wp\/v2\/comments?post=202332"}],"wp:featuredmedia":[{"embeddable":true,"href":"https:\/\/www.tendenzeshabbychic.it\/fr\/wp-json\/wp\/v2\/media\/194915"}],"wp:attachment":[{"href":"https:\/\/www.tendenzeshabbychic.it\/fr\/wp-json\/wp\/v2\/media?parent=202332"}],"wp:term":[{"taxonomy":"pwb-brand","embeddable":true,"href":"https:\/\/www.tendenzeshabbychic.it\/fr\/wp-json\/wp\/v2\/pwb-brand?post=202332"},{"taxonomy":"product_brand","embeddable":true,"href":"https:\/\/www.tendenzeshabbychic.it\/fr\/wp-json\/wp\/v2\/product_brand?post=202332"},{"taxonomy":"product_cat","embeddable":true,"href":"https:\/\/www.tendenzeshabbychic.it\/fr\/wp-json\/wp\/v2\/product_cat?post=202332"},{"taxonomy":"product_tag","embeddable":true,"href":"https:\/\/www.tendenzeshabbychic.it\/fr\/wp-json\/wp\/v2\/product_tag?post=202332"}],"curies":[{"name":"wp","href":"https:\/\/api.w.org\/{rel}","templated":true}]}}