{"id":202323,"date":"2025-08-08T01:00:01","date_gmt":"2025-08-07T23:00:01","guid":{"rendered":"https:\/\/www.tendenzeshabbychic.it\/prodotto\/blanc-mariclo-soucoupe-tablette-abies-natalis-16x16-cm\/"},"modified":"2025-07-16T09:58:48","modified_gmt":"2025-07-16T08:58:48","slug":"blanc-mariclo-soucoupe-tablette-abies-natalis-16x16-cm","status":"publish","type":"product","link":"https:\/\/www.tendenzeshabbychic.it\/fr\/produit\/blanc-mariclo-soucoupe-tablette-abies-natalis-16x16-cm\/","title":{"rendered":"Blanc MariClo Soucoupe\/Tablette Abies Natalis 16&#215;16 cm"},"content":{"rendered":"<p>La soucoupe\/plateau Blanc MariClo de la collection Abies Natalis est un accessoire raffin\u00e9 et pratique pour la table de f\u00eate.<\/p>\n<p>R\u00e9alis\u00e9 en c\u00e9ramique \u00e9maill\u00e9e, il pr\u00e9sente une \u00e9l\u00e9gante d\u00e9coration avec un arbre de No\u00ebl central et un contour vert sur une bordure en forme.<\/p>\n<p>Parfait pour servir des bonbons, du panettone ou comme plateau d\u00e9coratif \u00e0 vider. Il s&rsquo;int\u00e8gre parfaitement aux autres articles de la collection pour un look de No\u00ebl total. <\/p>\n<ul>\n<li>C\u00e9ramique \u00e9maill\u00e9e r\u00e9sistante<\/li>\n<li>El\u00e9gante d\u00e9coration de No\u00ebl<\/li>\n<li>Peut \u00eatre utilis\u00e9 comme soucoupe ou petit plateau<\/li>\n<li>Format pratique et peu encombrant<\/li>\n<li>Coordonn\u00e9 avec l&rsquo;ensemble de la gamme Abies Natalis<\/li>\n<\/ul>\n\n\t<section class=\"section linkified dark\" id=\"section_781224535\">\n\t\t<div class=\"section-bg fill\" >\n\t\t\t<img loading=\"lazy\" decoding=\"async\" width=\"800\" height=\"213\" src=\"https:\/\/www.tendenzeshabbychic.it\/wp-content\/uploads\/2021\/09\/natale-hero-1-800x213.jpg\" class=\"bg attachment-medium size-medium\" alt=\"\" \/>\t\t\t\t\t\t<div class=\"section-bg-overlay absolute fill\"><\/div>\n\t\t\t\n\n\t\t<\/div>\n\n\t\t\n\n\t\t<div class=\"section-content relative\">\n\t\t\t\n\n<div class=\"row\"  id=\"row-1401707799\">\n\n\n\t<div id=\"col-1319142567\" class=\"col small-12 large-12\"  >\n\t\t\t\t<div class=\"col-inner text-center\"  >\n\t\t\t\n\t\t\t\n\n<h3><span style=\"font-size: 180%;\">No\u00ebl<\/span><\/h3>\n<p>D\u00e9couvrez la large s\u00e9lection de produits pour d\u00e9corer votre maison pour No\u00ebl.<\/p>\n<a href=\"https:\/\/www.tendenzeshabbychic.it\/fr\/categorie-de-produit\/noel\/\" class=\"button alert is-shade box-shadow-3 box-shadow-5-hover\" style=\"border-radius:5px;\">\n\t\t<span>Cliquez ici<\/span>\n\t<\/a>\n\n\n\n\t\t<\/div>\n\t\t\t\t\t<\/div>\n\n\t\n\n<\/div>\n\n\t\t<\/div>\n\n\t\t\n<style>\n#section_781224535 {\n  padding-top: 12px;\n  padding-bottom: 12px;\n}\n#section_781224535 .section-bg-overlay {\n  background-color: rgba(0, 0, 0, 0.419);\n}\n#section_781224535 .section-bg img {\n  object-position: 21% 51%;\n}\n@media (min-width:550px) {\n  #section_781224535 {\n    padding-top: 57px;\n    padding-bottom: 57px;\n  }\n}\n<\/style>\n\t<\/section>\n\t\n","protected":false},"excerpt":{"rendered":"<p>Soucoupe en c\u00e9ramique avec arbre de No\u00ebl et bordures vertes. \u00c9l\u00e9gante et polyvalente pour les f\u00eates de fin d&rsquo;ann\u00e9e. <\/p>\n<p>\ud83d\udccf 16 x 16 x 2 cm<\/p>\n","protected":false},"featured_media":194883,"comment_status":"open","ping_status":"closed","template":"","meta":{"_joinchat":[]},"pwb-brand":[1561],"product_brand":[],"product_cat":[1528,1503,2943],"product_tag":[1296],"class_list":{"0":"post-202323","1":"product","2":"type-product","3":"status-publish","4":"has-post-thumbnail","6":"pwb-brand-blanc-mariclo-fr","7":"product_cat-arts-de-la-table","8":"product_cat-noel","9":"product_cat-vaisselle","10":"product_tag-idee-de-cadeau","12":"first","13":"instock","14":"sale","15":"taxable","16":"shipping-taxable","17":"purchasable","18":"product-type-simple"},"brands":[{"id":1561,"name":"Blanc Mariclo","slug":"blanc-mariclo-fr"}],"_links":{"self":[{"href":"https:\/\/www.tendenzeshabbychic.it\/fr\/wp-json\/wp\/v2\/product\/202323","targetHints":{"allow":["GET"]}}],"collection":[{"href":"https:\/\/www.tendenzeshabbychic.it\/fr\/wp-json\/wp\/v2\/product"}],"about":[{"href":"https:\/\/www.tendenzeshabbychic.it\/fr\/wp-json\/wp\/v2\/types\/product"}],"replies":[{"embeddable":true,"href":"https:\/\/www.tendenzeshabbychic.it\/fr\/wp-json\/wp\/v2\/comments?post=202323"}],"wp:featuredmedia":[{"embeddable":true,"href":"https:\/\/www.tendenzeshabbychic.it\/fr\/wp-json\/wp\/v2\/media\/194883"}],"wp:attachment":[{"href":"https:\/\/www.tendenzeshabbychic.it\/fr\/wp-json\/wp\/v2\/media?parent=202323"}],"wp:term":[{"taxonomy":"pwb-brand","embeddable":true,"href":"https:\/\/www.tendenzeshabbychic.it\/fr\/wp-json\/wp\/v2\/pwb-brand?post=202323"},{"taxonomy":"product_brand","embeddable":true,"href":"https:\/\/www.tendenzeshabbychic.it\/fr\/wp-json\/wp\/v2\/product_brand?post=202323"},{"taxonomy":"product_cat","embeddable":true,"href":"https:\/\/www.tendenzeshabbychic.it\/fr\/wp-json\/wp\/v2\/product_cat?post=202323"},{"taxonomy":"product_tag","embeddable":true,"href":"https:\/\/www.tendenzeshabbychic.it\/fr\/wp-json\/wp\/v2\/product_tag?post=202323"}],"curies":[{"name":"wp","href":"https:\/\/api.w.org\/{rel}","templated":true}]}}