{"id":202314,"date":"2025-09-08T08:15:37","date_gmt":"2025-09-08T07:15:37","guid":{"rendered":"https:\/\/www.tendenzeshabbychic.it\/prodotto\/blanc-mariclo-green-eco-fur-cushion-45x45-cm\/"},"modified":"2025-06-24T08:15:37","modified_gmt":"2025-06-24T07:15:37","slug":"blanc-mariclo-green-eco-fur-cushion-45x45-cm","status":"publish","type":"product","link":"https:\/\/www.tendenzeshabbychic.it\/fr\/produit\/blanc-mariclo-green-eco-fur-cushion-45x45-cm\/","title":{"rendered":"Blanc MariCl\u00f2 Green Eco Fur Cushion 45&#215;45 cm"},"content":{"rendered":"<p>Le coussin en fausse fourrure de Blanc MariCl\u00f2 est la fusion parfaite de la douceur et du design. La surface pr\u00e9sente un \u00e9l\u00e9gant effet de rayures ton sur ton qui donne du mouvement et de la richesse visuelle. La couleur vert intense et naturelle s&rsquo;adapte facilement aux styles classiques ou contemporains, apportant une touche de confort et de raffinement au salon ou \u00e0 la chambre \u00e0 coucher. Id\u00e9al coordonn\u00e9 avec le Plaid de la m\u00eame ligne.   <\/p>\n<ul>\n<li>Fausse fourrure ray\u00e9e ultra-douce<\/li>\n<li>\u00c9l\u00e9gante nuance de vert naturel<\/li>\n<li>Design d\u00e9coratif et confortable<\/li>\n<li>Parfait avec les Plaid assortis<\/li>\n<li>Rev\u00eatement souple et durable<\/li>\n<\/ul>\n","protected":false},"excerpt":{"rendered":"<p>Coussin en fausse fourrure verte avec un motif de bandes horizontales, doux et d\u00e9coratif. Ajoute de la chaleur et du style \u00e0 l&rsquo;habitat. <\/p>\n<p>\ud83d\udccf 45 x 45 cm<\/p>\n","protected":false},"featured_media":188186,"comment_status":"open","ping_status":"closed","template":"","meta":{"_joinchat":[]},"pwb-brand":[1561],"product_brand":[],"product_cat":[1469,1475],"product_tag":[],"class_list":{"0":"post-202314","1":"product","2":"type-product","3":"status-publish","4":"has-post-thumbnail","6":"pwb-brand-blanc-mariclo-fr","7":"product_cat-coussins","8":"product_cat-le-lit","10":"first","11":"instock","12":"sale","13":"taxable","14":"shipping-taxable","15":"purchasable","16":"product-type-simple"},"brands":[{"id":1561,"name":"Blanc Mariclo","slug":"blanc-mariclo-fr"}],"_links":{"self":[{"href":"https:\/\/www.tendenzeshabbychic.it\/fr\/wp-json\/wp\/v2\/product\/202314","targetHints":{"allow":["GET"]}}],"collection":[{"href":"https:\/\/www.tendenzeshabbychic.it\/fr\/wp-json\/wp\/v2\/product"}],"about":[{"href":"https:\/\/www.tendenzeshabbychic.it\/fr\/wp-json\/wp\/v2\/types\/product"}],"replies":[{"embeddable":true,"href":"https:\/\/www.tendenzeshabbychic.it\/fr\/wp-json\/wp\/v2\/comments?post=202314"}],"wp:featuredmedia":[{"embeddable":true,"href":"https:\/\/www.tendenzeshabbychic.it\/fr\/wp-json\/wp\/v2\/media\/188186"}],"wp:attachment":[{"href":"https:\/\/www.tendenzeshabbychic.it\/fr\/wp-json\/wp\/v2\/media?parent=202314"}],"wp:term":[{"taxonomy":"pwb-brand","embeddable":true,"href":"https:\/\/www.tendenzeshabbychic.it\/fr\/wp-json\/wp\/v2\/pwb-brand?post=202314"},{"taxonomy":"product_brand","embeddable":true,"href":"https:\/\/www.tendenzeshabbychic.it\/fr\/wp-json\/wp\/v2\/product_brand?post=202314"},{"taxonomy":"product_cat","embeddable":true,"href":"https:\/\/www.tendenzeshabbychic.it\/fr\/wp-json\/wp\/v2\/product_cat?post=202314"},{"taxonomy":"product_tag","embeddable":true,"href":"https:\/\/www.tendenzeshabbychic.it\/fr\/wp-json\/wp\/v2\/product_tag?post=202314"}],"curies":[{"name":"wp","href":"https:\/\/api.w.org\/{rel}","templated":true}]}}