{"id":201998,"date":"2025-08-04T01:00:01","date_gmt":"2025-08-03T23:00:01","guid":{"rendered":"https:\/\/www.tendenzeshabbychic.it\/prodotto\/nuvole-di-stoffa-maniques-a-double-face-darling-18x18-cm\/"},"modified":"2026-05-11T21:59:20","modified_gmt":"2026-05-11T19:59:20","slug":"nuvole-di-stoffa-maniques-a-double-face-darling-18x18-cm","status":"publish","type":"product","link":"https:\/\/www.tendenzeshabbychic.it\/fr\/produit\/nuvole-di-stoffa-maniques-a-double-face-darling-18x18-cm\/","title":{"rendered":"Nuvole di Stoffa Maniques \u00e0 double face Darling 18&#215;18 cm"},"content":{"rendered":"<p>La manique double face Darling de Nuvole di Stoffa est l&rsquo;accessoire indispensable d&rsquo;une cuisine \u00e9l\u00e9gante et festive. Fabriqu\u00e9e en coton doux et matelass\u00e9, elle offre \u00e0 la fois protection et style. Une face est d\u00e9cor\u00e9e d&rsquo;un motif de No\u00ebl romantique \u00e0 l&rsquo;aquarelle repr\u00e9sentant des cloches dor\u00e9es, des n\u0153uds rose antique et des brindilles vertes, tandis que l&rsquo;autre face arbore un motif \u00e9cossais classique rose poudr\u00e9 et cr\u00e8me, parfait pour ceux qui aiment les d\u00e9tails Country Chic.  <\/p>\n<p>La bordure rose poudr\u00e9 ton sur ton termine soigneusement l&rsquo;accessoire, tandis que le crochet pratique permet de le suspendre facilement, ce qui le rend non seulement fonctionnel mais aussi d\u00e9coratif. Id\u00e9al \u00e0 combiner avec les autres \u00e9l\u00e9ments de la collection Darling pour un ensemble de cuisine raffin\u00e9 et accueillant. <\/p>\n<p><strong>Points forts :<\/strong><\/p>\n<ul>\n<li>Conception double face : \u00e9l\u00e9gante et polyvalente<\/li>\n<li>Coussin de protection r\u00e9sistant \u00e0 la chaleur<\/li>\n<li>Fines d\u00e9corations de No\u00ebl en style aquarelle<\/li>\n<li>Motif \u00e9cossais r\u00e9tro pour une touche Country Chic<\/li>\n<li>Avec crochet pour une suspension facile<\/li>\n<\/ul>\n\n\t<section class=\"section linkified dark\" id=\"section_1247478178\">\n\t\t<div class=\"section-bg fill\" >\n\t\t\t<img loading=\"lazy\" decoding=\"async\" width=\"800\" height=\"213\" src=\"https:\/\/www.tendenzeshabbychic.it\/wp-content\/uploads\/2021\/09\/natale-hero-1-800x213.jpg\" class=\"bg attachment-medium size-medium\" alt=\"\" \/>\t\t\t\t\t\t<div class=\"section-bg-overlay absolute fill\"><\/div>\n\t\t\t\n\n\t\t<\/div>\n\n\t\t\n\n\t\t<div class=\"section-content relative\">\n\t\t\t\n\n<div class=\"row\"  id=\"row-316310788\">\n\n\n\t<div id=\"col-583957557\" class=\"col small-12 large-12\"  >\n\t\t\t\t<div class=\"col-inner text-center\"  >\n\t\t\t\n\t\t\t\n\n<h3><span style=\"font-size: 180%;\">No\u00ebl<\/span><\/h3>\n<p>D\u00e9couvrez la large s\u00e9lection de produits pour d\u00e9corer votre maison pour No\u00ebl.<\/p>\n<a href=\"https:\/\/www.tendenzeshabbychic.it\/fr\/categorie-de-produit\/noel\/\" class=\"button alert is-shade box-shadow-3 box-shadow-5-hover\" style=\"border-radius:5px;\">\n\t\t<span>Cliquez ici<\/span>\n\t<\/a>\n\n\n\n\t\t<\/div>\n\t\t\t\t\t<\/div>\n\n\t\n\n<\/div>\n\n\t\t<\/div>\n\n\t\t\n<style>\n#section_1247478178 {\n  padding-top: 12px;\n  padding-bottom: 12px;\n}\n#section_1247478178 .section-bg-overlay {\n  background-color: rgba(0, 0, 0, 0.419);\n}\n#section_1247478178 .section-bg img {\n  object-position: 21% 51%;\n}\n@media (min-width:550px) {\n  #section_1247478178 {\n    padding-top: 57px;\n    padding-bottom: 57px;\n  }\n}\n<\/style>\n\t<\/section>\n\t\n","protected":false},"excerpt":{"rendered":"<p>Maniques en coton matelass\u00e9 double face de la collection Darling Christmas. Une face avec un d\u00e9cor \u00e0 l&rsquo;aquarelle de cloches dor\u00e9es, d&rsquo;un n\u0153ud rose et de brindilles vertes sur fond ivoire, l&rsquo;autre avec un motif \u00e9cossais rose poudr\u00e9 et cr\u00e8me. Bordure assortie et crochet pratique pour la suspendre.  <\/p>\n<p>\ud83d\udccf 18 x 18 cm<\/p>\n\n\t<section class=\"section dark\" id=\"section_338415441\">\n\t\t<div class=\"section-bg fill\" >\n\t\t\t<img width=\"400\" height=\"400\" src=\"https:\/\/www.tendenzeshabbychic.it\/wp-content\/uploads\/2025\/08\/COLLEZIONE-DARLING-400x400.jpg\" class=\"bg attachment-medium size-medium\" alt=\"Darling Stoffa de la collection de tissus\" decoding=\"async\" loading=\"lazy\" \/>\t\t\t\t\t\t<div class=\"section-bg-overlay absolute fill\"><\/div>\n\t\t\t\n\n\t\t<\/div>\n\n\t\t\n\n\t\t<div class=\"section-content relative\">\n\t\t\t\n\n\t<div id=\"gap-456314755\" class=\"gap-element clearfix\" style=\"display:block; height:auto;\">\n\t\t\n<style>\n#gap-456314755 {\n  padding-top: 30px;\n}\n<\/style>\n\t<\/div>\n\t\n\n<div class=\"row align-center\"  id=\"row-54907555\">\n\n\n\t<div id=\"col-773592220\" class=\"col medium-12 small-12 large-9\"  >\n\t\t\t\t<div class=\"col-inner text-center\"  >\n\t\t\t\n\t<div class=\"is-border\"\n\t\tstyle=\"border-color:rgb(255, 255, 255);border-width:4px 4px 4px 4px;\">\n\t<\/div>\n\t\t\t\n\n\t<div id=\"gap-46343526\" class=\"gap-element clearfix\" style=\"display:block; height:auto;\">\n\t\t\n<style>\n#gap-46343526 {\n  padding-top: 30px;\n}\n<\/style>\n\t<\/div>\n\t\n\n\t<div id=\"text-1330965965\" class=\"text\">\n\t\t\n\n<h4 class=\"uppercase\">NOUVELLE COLLECTION<\/h4>\n\t\t\n<style>\n#text-1330965965 {\n  font-size: 1rem;\n}\n<\/style>\n\t<\/div>\n\t\n\t<div id=\"gap-628839708\" class=\"gap-element clearfix\" style=\"display:block; height:auto;\">\n\t\t\n<style>\n#gap-628839708 {\n  padding-top: 10px;\n}\n<\/style>\n\t<\/div>\n\t\n\n\t<div id=\"text-2594133322\" class=\"text\">\n\t\t\n\n<h3>DARLING<\/h3>\n\n\t\t\n<style>\n#text-2594133322 {\n  font-size: 2.5rem;\n  line-height: 1;\n}\n@media (min-width:550px) {\n  #text-2594133322 {\n    font-size: 4rem;\n    line-height: 0.75;\n  }\n}\n<\/style>\n\t<\/div>\n\t\n\t<div id=\"text-3008154995\" class=\"text\">\n\t\t\n\n<h3 class=\"uppercase\">NUAGES DE TISSU<\/h3>\n\t\t\n<style>\n#text-3008154995 {\n  font-size: 1rem;\n  line-height: 0.75;\n}\n<\/style>\n\t<\/div>\n\t\n\t<div id=\"gap-89373682\" class=\"gap-element clearfix\" style=\"display:block; height:auto;\">\n\t\t\n<style>\n#gap-89373682 {\n  padding-top: 20px;\n}\n<\/style>\n\t<\/div>\n\t\n\n<a href=\"https:\/\/www.tendenzeshabbychic.it\/fr\/Etiquette-produit\/collezione-darling-fr\/\" class=\"button white\" style=\"padding:5px 20px 5px 20px;\">\n\t\t<span>TOUTE LA COLLECTION \ud83d\udcff<\/span>\n\t<\/a>\n\n\n\n\t\t<\/div>\n\t\t\t\t\n<style>\n#col-773592220 > .col-inner {\n  padding: 10% 10% 10% 10%;\n}\n<\/style>\n\t<\/div>\n\n\t\n\n<\/div>\n\n\t\t<\/div>\n\n\t\t\n<style>\n#section_338415441 {\n  padding-top: 30px;\n  padding-bottom: 30px;\n  min-height: 400px;\n}\n#section_338415441 .section-bg-overlay {\n  background-color: rgba(14, 0, 0, 0.43);\n}\n#section_338415441 .section-bg img {\n  object-position: 55% 49%;\n}\n@media (min-width:550px) {\n  #section_338415441 {\n    min-height: 600px;\n  }\n}\n@media (min-width:850px) {\n  #section_338415441 {\n    min-height: 700px;\n  }\n}\n<\/style>\n\t<\/section>\n\t\n","protected":false},"featured_media":197925,"comment_status":"open","ping_status":"closed","template":"","meta":{"_joinchat":[]},"pwb-brand":[1563],"product_brand":[],"product_cat":[1470,1472,1503],"product_tag":[3312,1296],"class_list":{"0":"post-201998","1":"product","2":"type-product","3":"status-publish","4":"has-post-thumbnail","6":"pwb-brand-nuvole-di-stoffa-fr","7":"product_cat-textiles-de-cuisine","8":"product_cat-cuisine","9":"product_cat-noel","10":"product_tag-collezione-darling-fr","11":"product_tag-idee-de-cadeau","13":"first","14":"instock","15":"sale","16":"taxable","17":"shipping-taxable","18":"purchasable","19":"product-type-simple"},"brands":[{"id":1563,"name":"Nuvole di Stoffa","slug":"nuvole-di-stoffa-fr"}],"_links":{"self":[{"href":"https:\/\/www.tendenzeshabbychic.it\/fr\/wp-json\/wp\/v2\/product\/201998","targetHints":{"allow":["GET"]}}],"collection":[{"href":"https:\/\/www.tendenzeshabbychic.it\/fr\/wp-json\/wp\/v2\/product"}],"about":[{"href":"https:\/\/www.tendenzeshabbychic.it\/fr\/wp-json\/wp\/v2\/types\/product"}],"replies":[{"embeddable":true,"href":"https:\/\/www.tendenzeshabbychic.it\/fr\/wp-json\/wp\/v2\/comments?post=201998"}],"wp:featuredmedia":[{"embeddable":true,"href":"https:\/\/www.tendenzeshabbychic.it\/fr\/wp-json\/wp\/v2\/media\/197925"}],"wp:attachment":[{"href":"https:\/\/www.tendenzeshabbychic.it\/fr\/wp-json\/wp\/v2\/media?parent=201998"}],"wp:term":[{"taxonomy":"pwb-brand","embeddable":true,"href":"https:\/\/www.tendenzeshabbychic.it\/fr\/wp-json\/wp\/v2\/pwb-brand?post=201998"},{"taxonomy":"product_brand","embeddable":true,"href":"https:\/\/www.tendenzeshabbychic.it\/fr\/wp-json\/wp\/v2\/product_brand?post=201998"},{"taxonomy":"product_cat","embeddable":true,"href":"https:\/\/www.tendenzeshabbychic.it\/fr\/wp-json\/wp\/v2\/product_cat?post=201998"},{"taxonomy":"product_tag","embeddable":true,"href":"https:\/\/www.tendenzeshabbychic.it\/fr\/wp-json\/wp\/v2\/product_tag?post=201998"}],"curies":[{"name":"wp","href":"https:\/\/api.w.org\/{rel}","templated":true}]}}