{"id":201540,"date":"2025-09-14T17:27:34","date_gmt":"2025-09-14T16:27:34","guid":{"rendered":"https:\/\/www.tendenzeshabbychic.it\/prodotto\/blanc-mariclo-coussin-citrouille-brode-45x45-cm\/"},"modified":"2025-09-15T18:21:25","modified_gmt":"2025-09-15T17:21:25","slug":"blanc-mariclo-coussin-citrouille-brode-45x45-cm","status":"publish","type":"product","link":"https:\/\/www.tendenzeshabbychic.it\/fr\/produit\/blanc-mariclo-coussin-citrouille-brode-45x45-cm\/","title":{"rendered":"Blanc MariCl\u00f2 Coussin citrouille brod\u00e9 45&#215;45 cm"},"content":{"rendered":"<p>Le coussin d&rsquo;automne Blanc MariCl\u00f2 est un \u00e9l\u00e9gant \u00e9l\u00e9ment de d\u00e9coration inspir\u00e9 de la saison des feuilles d&rsquo;or. R\u00e9alis\u00e9 en tissu m\u00e9lang\u00e9 (70 % de coton et 30 % de fibres synth\u00e9tiques), il pr\u00e9sente la broderie en relief d&rsquo;une grosse citrouille avec des d\u00e9tails en fils orange, rouille et jaune moutarde, accompagn\u00e9e de feuilles brod\u00e9es dans les tons vert et bronze. Le fond cr\u00e8me rehausse la vivacit\u00e9 du sujet, tandis que le contour orange soigneusement fini apporte une touche \u00e9l\u00e9gante et bien d\u00e9finie.  <\/p>\n<p>Parfait pour rehausser canap\u00e9s, fauteuils ou lits d&rsquo;un style Country Chic raffin\u00e9 et cosy. Id\u00e9al pour les d\u00e9corations saisonni\u00e8res ou les ambiances rustiques. <\/p>\n<ul>\n<li>Broderie tr\u00e8s d\u00e9taill\u00e9e<\/li>\n<li>Motif d&rsquo;automne avec citrouille et feuilles<\/li>\n<li>Profil\u00e9 orange pour une finition \u00e9l\u00e9gante<\/li>\n<li>Doux et durable gr\u00e2ce au m\u00e9lange de coton et de fibres synth\u00e9tiques<\/li>\n<li>Parfait pour un style Country Chic<\/li>\n<li>Collection de citrouilles de r\u00eave de Blanc MariClo<\/li>\n<\/ul>\n","protected":false},"excerpt":{"rendered":"<p>Coussin d\u00e9coratif avec maxi-citrouille brod\u00e9e sur fond cr\u00e8me. Profil orange contrast\u00e9. <\/p>\n<p>\ud83d\udccf 45 x 45 cm<\/p>\n<p><iframe loading=\"lazy\" title=\"Blanc MariCl\u00f2 Coussin citrouille brod\u00e9 45x45 cm\" src=\"https:\/\/www.youtube.com\/embed\/vtSPm77PxfQ\" width=\"458\" height=\"815\" frameborder=\"0\" allowfullscreen=\"allowfullscreen\"><\/iframe><\/p>\n\n\t<section class=\"section dark\" id=\"section_1917914438\">\n\t\t<div class=\"section-bg fill\" >\n\t\t\t<img width=\"400\" height=\"400\" src=\"https:\/\/www.tendenzeshabbychic.it\/wp-content\/uploads\/2025\/06\/A38369-1-400x400.jpg\" class=\"bg attachment-medium size-medium\" alt=\"\" decoding=\"async\" loading=\"lazy\" \/>\t\t\t\t\t\t<div class=\"section-bg-overlay absolute fill\"><\/div>\n\t\t\t\n\n\t\t<\/div>\n\n\t\t\n\n\t\t<div class=\"section-content relative\">\n\t\t\t\n\n\t<div id=\"gap-658007947\" class=\"gap-element clearfix\" style=\"display:block; height:auto;\">\n\t\t\n<style>\n#gap-658007947 {\n  padding-top: 30px;\n}\n<\/style>\n\t<\/div>\n\t\n\n<div class=\"row align-center\"  id=\"row-2113760842\">\n\n\n\t<div id=\"col-479112765\" class=\"col medium-12 small-12 large-9\"  >\n\t\t\t\t<div class=\"col-inner text-center\"  >\n\t\t\t\n\t<div class=\"is-border\"\n\t\tstyle=\"border-color:rgb(255, 255, 255);border-width:4px 4px 4px 4px;\">\n\t<\/div>\n\t\t\t\n\n\t<div id=\"gap-1015480643\" class=\"gap-element clearfix\" style=\"display:block; height:auto;\">\n\t\t\n<style>\n#gap-1015480643 {\n  padding-top: 30px;\n}\n<\/style>\n\t<\/div>\n\t\n\n\t<div id=\"text-1043322576\" class=\"text\">\n\t\t\n\n<h4 class=\"uppercase\">NOUVELLE COLLECTION<\/h4>\n\t\t\n<style>\n#text-1043322576 {\n  font-size: 1rem;\n}\n<\/style>\n\t<\/div>\n\t\n\t<div id=\"gap-628652441\" class=\"gap-element clearfix\" style=\"display:block; height:auto;\">\n\t\t\n<style>\n#gap-628652441 {\n  padding-top: 10px;\n}\n<\/style>\n\t<\/div>\n\t\n\n\t<div id=\"text-2707505067\" class=\"text\">\n\t\t\n\n<h3>AUTUNNO<\/h3>\n\n\t\t\n<style>\n#text-2707505067 {\n  font-size: 2.5rem;\n  line-height: 1;\n}\n@media (min-width:550px) {\n  #text-2707505067 {\n    font-size: 4rem;\n    line-height: 0.75;\n  }\n}\n<\/style>\n\t<\/div>\n\t\n\t<div id=\"text-858484334\" class=\"text\">\n\t\t\n\n<h3 class=\"uppercase\">SOYEZ INSPIR\u00c9S<\/h3>\n\n\t\t\n<style>\n#text-858484334 {\n  font-size: 1rem;\n  line-height: 0.75;\n}\n<\/style>\n\t<\/div>\n\t\n\t<div id=\"gap-1918997625\" class=\"gap-element clearfix\" style=\"display:block; height:auto;\">\n\t\t\n<style>\n#gap-1918997625 {\n  padding-top: 20px;\n}\n<\/style>\n\t<\/div>\n\t\n\n<a href=\"https:\/\/www.tendenzeshabbychic.it\/fr\/Etiquette-produit\/automne\/\" class=\"button white\" style=\"padding:5px 20px 5px 20px;\">\n\t\t<span>TOUTE LA COLLECTION \ud83c\udf83<\/span>\n\t<\/a>\n\n\n\n\t\t<\/div>\n\t\t\t\t\n<style>\n#col-479112765 > .col-inner {\n  padding: 10% 10% 10% 10%;\n}\n<\/style>\n\t<\/div>\n\n\t\n\n<\/div>\n\n\t\t<\/div>\n\n\t\t\n<style>\n#section_1917914438 {\n  padding-top: 30px;\n  padding-bottom: 30px;\n  min-height: 400px;\n}\n#section_1917914438 .section-bg-overlay {\n  background-color: rgba(14, 0, 0, 0.43);\n}\n#section_1917914438 .section-bg img {\n  object-position: 55% 78%;\n}\n@media (min-width:550px) {\n  #section_1917914438 {\n    min-height: 600px;\n  }\n}\n@media (min-width:850px) {\n  #section_1917914438 {\n    min-height: 700px;\n  }\n}\n<\/style>\n\t<\/section>\n\t\n","protected":false},"featured_media":185885,"comment_status":"open","ping_status":"closed","template":"","meta":{"_joinchat":[]},"pwb-brand":[1561],"product_brand":[],"product_cat":[1469],"product_tag":[1353,3258],"class_list":{"0":"post-201540","1":"product","2":"type-product","3":"status-publish","4":"has-post-thumbnail","6":"pwb-brand-blanc-mariclo-fr","7":"product_cat-coussins","8":"product_tag-automne","9":"product_tag-citrouilles","10":"product_shipping_class-no-contrassegno-fr","12":"first","13":"outofstock","14":"taxable","15":"shipping-taxable","16":"purchasable","17":"product-type-simple"},"brands":[{"id":1561,"name":"Blanc Mariclo","slug":"blanc-mariclo-fr"}],"_links":{"self":[{"href":"https:\/\/www.tendenzeshabbychic.it\/fr\/wp-json\/wp\/v2\/product\/201540","targetHints":{"allow":["GET"]}}],"collection":[{"href":"https:\/\/www.tendenzeshabbychic.it\/fr\/wp-json\/wp\/v2\/product"}],"about":[{"href":"https:\/\/www.tendenzeshabbychic.it\/fr\/wp-json\/wp\/v2\/types\/product"}],"replies":[{"embeddable":true,"href":"https:\/\/www.tendenzeshabbychic.it\/fr\/wp-json\/wp\/v2\/comments?post=201540"}],"wp:featuredmedia":[{"embeddable":true,"href":"https:\/\/www.tendenzeshabbychic.it\/fr\/wp-json\/wp\/v2\/media\/185885"}],"wp:attachment":[{"href":"https:\/\/www.tendenzeshabbychic.it\/fr\/wp-json\/wp\/v2\/media?parent=201540"}],"wp:term":[{"taxonomy":"pwb-brand","embeddable":true,"href":"https:\/\/www.tendenzeshabbychic.it\/fr\/wp-json\/wp\/v2\/pwb-brand?post=201540"},{"taxonomy":"product_brand","embeddable":true,"href":"https:\/\/www.tendenzeshabbychic.it\/fr\/wp-json\/wp\/v2\/product_brand?post=201540"},{"taxonomy":"product_cat","embeddable":true,"href":"https:\/\/www.tendenzeshabbychic.it\/fr\/wp-json\/wp\/v2\/product_cat?post=201540"},{"taxonomy":"product_tag","embeddable":true,"href":"https:\/\/www.tendenzeshabbychic.it\/fr\/wp-json\/wp\/v2\/product_tag?post=201540"}],"curies":[{"name":"wp","href":"https:\/\/api.w.org\/{rel}","templated":true}]}}