{"id":201037,"date":"2025-08-09T01:00:01","date_gmt":"2025-08-08T23:00:01","guid":{"rendered":"https:\/\/www.tendenzeshabbychic.it\/prodotto\/edg-couronne-de-pin-enneige-avec-pommes-de-pin-o50-cm\/"},"modified":"2025-09-03T11:40:28","modified_gmt":"2025-09-03T10:40:28","slug":"edg-couronne-de-pin-enneige-avec-pommes-de-pin-o50-cm","status":"publish","type":"product","link":"https:\/\/www.tendenzeshabbychic.it\/fr\/produit\/edg-couronne-de-pin-enneige-avec-pommes-de-pin-o50-cm\/","title":{"rendered":"EDG Couronne de pin enneig\u00e9 avec pommes de pin \u00d850 cm"},"content":{"rendered":"<p>Cette couronne de style naturel d&rsquo;EDG est fabriqu\u00e9e en plastique v\u00e9ritable au toucher, avec un effet neigeux et de fins d\u00e9tails. De longues aiguilles de pin, m\u00e9lang\u00e9es \u00e0 de petites pommes de pin brunes recouvertes de neige artificielle, conf\u00e8rent \u00e0 la composition un aspect authentique et forestier. La base est constitu\u00e9e d&rsquo;un tressage de branches \u00e0 l&rsquo;aspect naturel, ce qui renforce l&rsquo;\u00e9l\u00e9gance rustique.  <\/p>\n<p>Parfaite pour \u00eatre accroch\u00e9e \u00e0 une porte, sur un mur ou comme centre de table de No\u00ebl, elle ajoute de la chaleur et de l&rsquo;ambiance aux pi\u00e8ces pendant la saison des f\u00eates.<\/p>\n<ul>\n<li>Effet de neige r\u00e9aliste sur les aiguilles et les pommes de pin<\/li>\n<li>Pommes de pin d\u00e9coratives int\u00e9gr\u00e9es \u00e0 la composition<\/li>\n<li>Base en branches tress\u00e9es pour un effet artisanal<\/li>\n<li>Id\u00e9al pour les d\u00e9corations int\u00e9rieures de No\u00ebl<\/li>\n<li>Diam\u00e8tre compact pour les petits espaces<\/li>\n<\/ul>\n\n\t<section class=\"section linkified dark\" id=\"section_1978510537\">\n\t\t<div class=\"section-bg fill\" >\n\t\t\t<img loading=\"lazy\" decoding=\"async\" width=\"800\" height=\"213\" src=\"https:\/\/www.tendenzeshabbychic.it\/wp-content\/uploads\/2021\/09\/natale-hero-1-800x213.jpg\" class=\"bg attachment-medium size-medium\" alt=\"\" \/>\t\t\t\t\t\t<div class=\"section-bg-overlay absolute fill\"><\/div>\n\t\t\t\n\n\t\t<\/div>\n\n\t\t\n\n\t\t<div class=\"section-content relative\">\n\t\t\t\n\n<div class=\"row\"  id=\"row-592213130\">\n\n\n\t<div id=\"col-390665392\" class=\"col small-12 large-12\"  >\n\t\t\t\t<div class=\"col-inner text-center\"  >\n\t\t\t\n\t\t\t\n\n<h3><span style=\"font-size: 180%;\">No\u00ebl<\/span><\/h3>\n<p>D\u00e9couvrez la large s\u00e9lection de produits pour d\u00e9corer votre maison pour No\u00ebl.<\/p>\n<a href=\"https:\/\/www.tendenzeshabbychic.it\/fr\/categorie-de-produit\/noel\/\" class=\"button alert is-shade box-shadow-3 box-shadow-5-hover\" style=\"border-radius:5px;\">\n\t\t<span>Cliquez ici<\/span>\n\t<\/a>\n\n\n\n\t\t<\/div>\n\t\t\t\t\t<\/div>\n\n\t\n\n<\/div>\n\n\t\t<\/div>\n\n\t\t\n<style>\n#section_1978510537 {\n  padding-top: 12px;\n  padding-bottom: 12px;\n}\n#section_1978510537 .section-bg-overlay {\n  background-color: rgba(0, 0, 0, 0.419);\n}\n#section_1978510537 .section-bg img {\n  object-position: 21% 51%;\n}\n@media (min-width:550px) {\n  #section_1978510537 {\n    padding-top: 57px;\n    padding-bottom: 57px;\n  }\n}\n<\/style>\n\t<\/section>\n\t\n","protected":false},"excerpt":{"rendered":"<p>Couronne en plastique au toucher r\u00e9el avec de longues aiguilles de pin enneig\u00e9es et des pommes de pin brunes. Base tress\u00e9e en branches naturelles. <\/p>\n<p>\ud83d\udccf \u00d8 50 cm<\/p>\n","protected":false},"featured_media":190884,"comment_status":"open","ping_status":"closed","template":"","meta":{"_joinchat":[]},"pwb-brand":[1564],"product_brand":[],"product_cat":[2465,1503],"product_tag":[3137],"class_list":{"0":"post-201037","1":"product","2":"type-product","3":"status-publish","4":"has-post-thumbnail","6":"pwb-brand-edg-fr","7":"product_cat-boules-et-decorations-de-sapin-de-noel","8":"product_cat-noel","9":"product_tag-festons-et-guirlandes","11":"first","12":"instock","13":"sale","14":"taxable","15":"shipping-taxable","16":"purchasable","17":"product-type-simple"},"brands":[{"id":1564,"name":"EDG \u2013 Enzo De Gasperi","slug":"edg-fr"}],"_links":{"self":[{"href":"https:\/\/www.tendenzeshabbychic.it\/fr\/wp-json\/wp\/v2\/product\/201037","targetHints":{"allow":["GET"]}}],"collection":[{"href":"https:\/\/www.tendenzeshabbychic.it\/fr\/wp-json\/wp\/v2\/product"}],"about":[{"href":"https:\/\/www.tendenzeshabbychic.it\/fr\/wp-json\/wp\/v2\/types\/product"}],"replies":[{"embeddable":true,"href":"https:\/\/www.tendenzeshabbychic.it\/fr\/wp-json\/wp\/v2\/comments?post=201037"}],"wp:featuredmedia":[{"embeddable":true,"href":"https:\/\/www.tendenzeshabbychic.it\/fr\/wp-json\/wp\/v2\/media\/190884"}],"wp:attachment":[{"href":"https:\/\/www.tendenzeshabbychic.it\/fr\/wp-json\/wp\/v2\/media?parent=201037"}],"wp:term":[{"taxonomy":"pwb-brand","embeddable":true,"href":"https:\/\/www.tendenzeshabbychic.it\/fr\/wp-json\/wp\/v2\/pwb-brand?post=201037"},{"taxonomy":"product_brand","embeddable":true,"href":"https:\/\/www.tendenzeshabbychic.it\/fr\/wp-json\/wp\/v2\/product_brand?post=201037"},{"taxonomy":"product_cat","embeddable":true,"href":"https:\/\/www.tendenzeshabbychic.it\/fr\/wp-json\/wp\/v2\/product_cat?post=201037"},{"taxonomy":"product_tag","embeddable":true,"href":"https:\/\/www.tendenzeshabbychic.it\/fr\/wp-json\/wp\/v2\/product_tag?post=201037"}],"curies":[{"name":"wp","href":"https:\/\/api.w.org\/{rel}","templated":true}]}}