{"id":201007,"date":"2025-08-09T01:00:01","date_gmt":"2025-08-08T23:00:01","guid":{"rendered":"https:\/\/www.tendenzeshabbychic.it\/prodotto\/edg-bougie-en-pin-h-16-vetiver-nordique\/"},"modified":"2025-06-27T20:51:41","modified_gmt":"2025-06-27T19:51:41","slug":"edg-bougie-en-pin-h-16-vetiver-nordique","status":"publish","type":"product","link":"https:\/\/www.tendenzeshabbychic.it\/fr\/produit\/edg-bougie-en-pin-h-16-vetiver-nordique\/","title":{"rendered":"EDG Bougie en pin H 16 V\u00e9tiver nordique"},"content":{"rendered":"<p>Une \u00e9l\u00e9gante bougie en verre souffl\u00e9 en forme d&rsquo;arbre de No\u00ebl, avec une surface argent\u00e9e miroitante et de d\u00e9licats points dor\u00e9s qui cr\u00e9ent un effet de scintillement. Compos\u00e9e de trois parties empilables qui r\u00e9v\u00e8lent trois bougies parfum\u00e9es \u00e0 l&rsquo;int\u00e9rieur, elle apporte une note sophistiqu\u00e9e \u00e0 la pi\u00e8ce gr\u00e2ce \u00e0 son parfum de V\u00e9tiver nordique. Une touche d\u00e9corative et fonctionnelle pour les tables de No\u00ebl, les buffets et les salons.  <\/p>\n<ul>\n<li>Design de pin de No\u00ebl avec des d\u00e9tails raffin\u00e9s<\/li>\n<li>Parfum de v\u00e9tiver nordique : \u00e9l\u00e9gant et enveloppant<\/li>\n<li>Verre miroit\u00e9 avec effet mouchet\u00e9 d&rsquo;or<\/li>\n<li>Boucle blanche et cloches d\u00e9coratives dor\u00e9es<\/li>\n<li>Id\u00e9e de cadeau de No\u00ebl avec effet \u00ab\u00a0wow<\/li>\n<\/ul>\n\n\t<section class=\"section linkified dark\" id=\"section_1465031252\">\n\t\t<div class=\"section-bg fill\" >\n\t\t\t<img loading=\"lazy\" decoding=\"async\" width=\"800\" height=\"213\" src=\"https:\/\/www.tendenzeshabbychic.it\/wp-content\/uploads\/2021\/09\/natale-hero-1-800x213.jpg\" class=\"bg attachment-medium size-medium\" alt=\"\" \/>\t\t\t\t\t\t<div class=\"section-bg-overlay absolute fill\"><\/div>\n\t\t\t\n\n\t\t<\/div>\n\n\t\t\n\n\t\t<div class=\"section-content relative\">\n\t\t\t\n\n<div class=\"row\"  id=\"row-1039230200\">\n\n\n\t<div id=\"col-1493400969\" class=\"col small-12 large-12\"  >\n\t\t\t\t<div class=\"col-inner text-center\"  >\n\t\t\t\n\t\t\t\n\n<h3><span style=\"font-size: 180%;\">No\u00ebl<\/span><\/h3>\n<p>D\u00e9couvrez la large s\u00e9lection de produits pour d\u00e9corer votre maison pour No\u00ebl.<\/p>\n<a href=\"https:\/\/www.tendenzeshabbychic.it\/fr\/categorie-de-produit\/noel\/\" class=\"button alert is-shade box-shadow-3 box-shadow-5-hover\" style=\"border-radius:5px;\">\n\t\t<span>Cliquez ici<\/span>\n\t<\/a>\n\n\n\n\t\t<\/div>\n\t\t\t\t\t<\/div>\n\n\t\n\n<\/div>\n\n\t\t<\/div>\n\n\t\t\n<style>\n#section_1465031252 {\n  padding-top: 12px;\n  padding-bottom: 12px;\n}\n#section_1465031252 .section-bg-overlay {\n  background-color: rgba(0, 0, 0, 0.419);\n}\n#section_1465031252 .section-bg img {\n  object-position: 21% 51%;\n}\n@media (min-width:550px) {\n  #section_1465031252 {\n    padding-top: 57px;\n    padding-bottom: 57px;\n  }\n}\n<\/style>\n\t<\/section>\n\t\n","protected":false},"excerpt":{"rendered":"<p>Bougie en verre parfum\u00e9 en forme d&rsquo;arbre, finition argent\u00e9e effet miroir avec reflets dor\u00e9s et n\u0153ud avec clochettes.<\/p>\n<p>\ud83d\udccf H 16 x P 8,5 cm<\/p>\n","protected":false},"featured_media":189661,"comment_status":"open","ping_status":"closed","template":"","meta":{"_joinchat":[]},"pwb-brand":[1564],"product_brand":[],"product_cat":[1516,1460,1503],"product_tag":[1296],"class_list":{"0":"post-201007","1":"product","2":"type-product","3":"status-publish","4":"has-post-thumbnail","6":"pwb-brand-edg-fr","7":"product_cat-bougies-parfumees","8":"product_cat-bougies","9":"product_cat-noel","10":"product_tag-idee-de-cadeau","12":"first","13":"instock","14":"sale","15":"taxable","16":"shipping-taxable","17":"purchasable","18":"product-type-simple"},"brands":[{"id":1564,"name":"EDG \u2013 Enzo De Gasperi","slug":"edg-fr"}],"_links":{"self":[{"href":"https:\/\/www.tendenzeshabbychic.it\/fr\/wp-json\/wp\/v2\/product\/201007","targetHints":{"allow":["GET"]}}],"collection":[{"href":"https:\/\/www.tendenzeshabbychic.it\/fr\/wp-json\/wp\/v2\/product"}],"about":[{"href":"https:\/\/www.tendenzeshabbychic.it\/fr\/wp-json\/wp\/v2\/types\/product"}],"replies":[{"embeddable":true,"href":"https:\/\/www.tendenzeshabbychic.it\/fr\/wp-json\/wp\/v2\/comments?post=201007"}],"wp:featuredmedia":[{"embeddable":true,"href":"https:\/\/www.tendenzeshabbychic.it\/fr\/wp-json\/wp\/v2\/media\/189661"}],"wp:attachment":[{"href":"https:\/\/www.tendenzeshabbychic.it\/fr\/wp-json\/wp\/v2\/media?parent=201007"}],"wp:term":[{"taxonomy":"pwb-brand","embeddable":true,"href":"https:\/\/www.tendenzeshabbychic.it\/fr\/wp-json\/wp\/v2\/pwb-brand?post=201007"},{"taxonomy":"product_brand","embeddable":true,"href":"https:\/\/www.tendenzeshabbychic.it\/fr\/wp-json\/wp\/v2\/product_brand?post=201007"},{"taxonomy":"product_cat","embeddable":true,"href":"https:\/\/www.tendenzeshabbychic.it\/fr\/wp-json\/wp\/v2\/product_cat?post=201007"},{"taxonomy":"product_tag","embeddable":true,"href":"https:\/\/www.tendenzeshabbychic.it\/fr\/wp-json\/wp\/v2\/product_tag?post=201007"}],"curies":[{"name":"wp","href":"https:\/\/api.w.org\/{rel}","templated":true}]}}