{"id":200985,"date":"2025-08-09T01:00:01","date_gmt":"2025-08-08T23:00:01","guid":{"rendered":"https:\/\/www.tendenzeshabbychic.it\/prodotto\/edg-perles-de-decoration-en-verre-rouge-et-or-h23-cm\/"},"modified":"2025-06-28T22:31:46","modified_gmt":"2025-06-28T21:31:46","slug":"edg-perles-de-decoration-en-verre-rouge-et-or-h23-cm","status":"publish","type":"product","link":"https:\/\/www.tendenzeshabbychic.it\/fr\/produit\/edg-perles-de-decoration-en-verre-rouge-et-or-h23-cm\/","title":{"rendered":"EDG Perles de d\u00e9coration en verre rouge et or H23 cm"},"content":{"rendered":"<p>Cette d\u00e9coration EDG allie \u00e9l\u00e9gance et tradition avec un design \u00e9pur\u00e9 et raffin\u00e9. R\u00e9alis\u00e9e en verre et recouverte de petites perles rouges et dor\u00e9es, elle offre des reflets chauds et lumineux. Sa forme allong\u00e9e rappelle celle d&rsquo;un popsicle de No\u00ebl, parfait pour d\u00e9corer le sapin ou des compositions th\u00e9matiques. Le ruban rouge ajoute une touche classique et festive.   <\/p>\n<p>\u2728 Perles rouges et dor\u00e9es pour un look luxueux<br \/>\n\ud83d\udc8e Reflets brillants gr\u00e2ce \u00e0 la texture nacr\u00e9e<br \/>\n\ud83c\udf84 Forme de glace, id\u00e9ale pour le sapin<br \/>\n\ud83d\udccc Fabriqu\u00e9 en verre de haute qualit\u00e9<br \/>\n\ud83c\udf80 Fourni avec un ruban rouge<\/p>\n\n\t<section class=\"section linkified dark\" id=\"section_60856582\">\n\t\t<div class=\"section-bg fill\" >\n\t\t\t<img loading=\"lazy\" decoding=\"async\" width=\"800\" height=\"213\" src=\"https:\/\/www.tendenzeshabbychic.it\/wp-content\/uploads\/2021\/09\/natale-hero-1-800x213.jpg\" class=\"bg attachment-medium size-medium\" alt=\"\" \/>\t\t\t\t\t\t<div class=\"section-bg-overlay absolute fill\"><\/div>\n\t\t\t\n\n\t\t<\/div>\n\n\t\t\n\n\t\t<div class=\"section-content relative\">\n\t\t\t\n\n<div class=\"row\"  id=\"row-2034924205\">\n\n\n\t<div id=\"col-938501883\" class=\"col small-12 large-12\"  >\n\t\t\t\t<div class=\"col-inner text-center\"  >\n\t\t\t\n\t\t\t\n\n<h3><span style=\"font-size: 180%;\">No\u00ebl<\/span><\/h3>\n<p>D\u00e9couvrez la large s\u00e9lection de produits pour d\u00e9corer votre maison pour No\u00ebl.<\/p>\n<a href=\"https:\/\/www.tendenzeshabbychic.it\/fr\/categorie-de-produit\/noel\/\" class=\"button alert is-shade box-shadow-3 box-shadow-5-hover\" style=\"border-radius:5px;\">\n\t\t<span>Cliquez ici<\/span>\n\t<\/a>\n\n\n\n\t\t<\/div>\n\t\t\t\t\t<\/div>\n\n\t\n\n<\/div>\n\n\t\t<\/div>\n\n\t\t\n<style>\n#section_60856582 {\n  padding-top: 12px;\n  padding-bottom: 12px;\n}\n#section_60856582 .section-bg-overlay {\n  background-color: rgba(0, 0, 0, 0.419);\n}\n#section_60856582 .section-bg img {\n  object-position: 21% 51%;\n}\n@media (min-width:550px) {\n  #section_60856582 {\n    padding-top: 57px;\n    padding-bottom: 57px;\n  }\n}\n<\/style>\n\t<\/section>\n\t\n","protected":false},"excerpt":{"rendered":"<p>D\u00e9coration en verre stalactite avec des perles rouges et or, effet pr\u00e9cieux pour le sapin de No\u00ebl.<\/p>\n<p>\ud83d\udccf H 23 cm<\/p>\n","protected":false},"featured_media":190277,"comment_status":"open","ping_status":"closed","template":"","meta":{"_joinchat":[]},"pwb-brand":[1564],"product_brand":[],"product_cat":[2465,1503],"product_tag":[],"class_list":{"0":"post-200985","1":"product","2":"type-product","3":"status-publish","4":"has-post-thumbnail","6":"pwb-brand-edg-fr","7":"product_cat-boules-et-decorations-de-sapin-de-noel","8":"product_cat-noel","10":"first","11":"instock","12":"sale","13":"taxable","14":"shipping-taxable","15":"purchasable","16":"product-type-simple"},"brands":[{"id":1564,"name":"EDG \u2013 Enzo De Gasperi","slug":"edg-fr"}],"_links":{"self":[{"href":"https:\/\/www.tendenzeshabbychic.it\/fr\/wp-json\/wp\/v2\/product\/200985","targetHints":{"allow":["GET"]}}],"collection":[{"href":"https:\/\/www.tendenzeshabbychic.it\/fr\/wp-json\/wp\/v2\/product"}],"about":[{"href":"https:\/\/www.tendenzeshabbychic.it\/fr\/wp-json\/wp\/v2\/types\/product"}],"replies":[{"embeddable":true,"href":"https:\/\/www.tendenzeshabbychic.it\/fr\/wp-json\/wp\/v2\/comments?post=200985"}],"wp:featuredmedia":[{"embeddable":true,"href":"https:\/\/www.tendenzeshabbychic.it\/fr\/wp-json\/wp\/v2\/media\/190277"}],"wp:attachment":[{"href":"https:\/\/www.tendenzeshabbychic.it\/fr\/wp-json\/wp\/v2\/media?parent=200985"}],"wp:term":[{"taxonomy":"pwb-brand","embeddable":true,"href":"https:\/\/www.tendenzeshabbychic.it\/fr\/wp-json\/wp\/v2\/pwb-brand?post=200985"},{"taxonomy":"product_brand","embeddable":true,"href":"https:\/\/www.tendenzeshabbychic.it\/fr\/wp-json\/wp\/v2\/product_brand?post=200985"},{"taxonomy":"product_cat","embeddable":true,"href":"https:\/\/www.tendenzeshabbychic.it\/fr\/wp-json\/wp\/v2\/product_cat?post=200985"},{"taxonomy":"product_tag","embeddable":true,"href":"https:\/\/www.tendenzeshabbychic.it\/fr\/wp-json\/wp\/v2\/product_tag?post=200985"}],"curies":[{"name":"wp","href":"https:\/\/api.w.org\/{rel}","templated":true}]}}