{"id":200974,"date":"2025-08-09T01:00:01","date_gmt":"2025-08-08T23:00:01","guid":{"rendered":"https:\/\/www.tendenzeshabbychic.it\/prodotto\/edg-medaillon-brode-o22-cm\/"},"modified":"2025-06-28T22:34:39","modified_gmt":"2025-06-28T21:34:39","slug":"edg-medaillon-brode-o22-cm","status":"publish","type":"product","link":"https:\/\/www.tendenzeshabbychic.it\/fr\/produit\/edg-medaillon-brode-o22-cm\/","title":{"rendered":"EDG M\u00e9daillon brod\u00e9 \u00d822 cm"},"content":{"rendered":"<p>La d\u00e9coration en m\u00e9daillon brod\u00e9 EDG est une \u00e9l\u00e9gante d\u00e9coration de No\u00ebl en tissu polyester, finie avec un cadre effet bois clair. Disponible en deux versions vendues individuellement : l&rsquo;une avec un sucre d&rsquo;orge ray\u00e9 rouge, blanc et vert avec un n\u0153ud, l&rsquo;autre avec les mots \u00ab\u00a0Joyeux No\u00ebl\u00a0\u00bb entour\u00e9s de houx, de baies rouges et de brindilles vertes. Id\u00e9al pour embellir les murs, les portes ou le sapin, il ajoute une touche artisanale et raffin\u00e9e \u00e0 l&rsquo;ambiance.  <\/p>\n<ul>\n<li>Broderie d\u00e9taill\u00e9e sur le th\u00e8me de No\u00ebl<\/li>\n<li>Structure l\u00e9g\u00e8re mais solide<\/li>\n<li>Cadre naturel et chaleureux<\/li>\n<li>Parfait pour les d\u00e9cors Shabby Chic ou traditionnels<\/li>\n<li>Facile \u00e0 accrocher<\/li>\n<\/ul>\n\n\t<section class=\"section linkified dark\" id=\"section_1307826467\">\n\t\t<div class=\"section-bg fill\" >\n\t\t\t<img loading=\"lazy\" decoding=\"async\" width=\"800\" height=\"213\" src=\"https:\/\/www.tendenzeshabbychic.it\/wp-content\/uploads\/2021\/09\/natale-hero-1-800x213.jpg\" class=\"bg attachment-medium size-medium\" alt=\"\" \/>\t\t\t\t\t\t<div class=\"section-bg-overlay absolute fill\"><\/div>\n\t\t\t\n\n\t\t<\/div>\n\n\t\t\n\n\t\t<div class=\"section-content relative\">\n\t\t\t\n\n<div class=\"row\"  id=\"row-1373884172\">\n\n\n\t<div id=\"col-18039339\" class=\"col small-12 large-12\"  >\n\t\t\t\t<div class=\"col-inner text-center\"  >\n\t\t\t\n\t\t\t\n\n<h3><span style=\"font-size: 180%;\">No\u00ebl<\/span><\/h3>\n<p>D\u00e9couvrez la large s\u00e9lection de produits pour d\u00e9corer votre maison pour No\u00ebl.<\/p>\n<a href=\"https:\/\/www.tendenzeshabbychic.it\/fr\/categorie-de-produit\/noel\/\" class=\"button alert is-shade box-shadow-3 box-shadow-5-hover\" style=\"border-radius:5px;\">\n\t\t<span>Cliquez ici<\/span>\n\t<\/a>\n\n\n\n\t\t<\/div>\n\t\t\t\t\t<\/div>\n\n\t\n\n<\/div>\n\n\t\t<\/div>\n\n\t\t\n<style>\n#section_1307826467 {\n  padding-top: 12px;\n  padding-bottom: 12px;\n}\n#section_1307826467 .section-bg-overlay {\n  background-color: rgba(0, 0, 0, 0.419);\n}\n#section_1307826467 .section-bg img {\n  object-position: 21% 51%;\n}\n@media (min-width:550px) {\n  #section_1307826467 {\n    padding-top: 57px;\n    padding-bottom: 57px;\n  }\n}\n<\/style>\n\t<\/section>\n\t\n","protected":false},"excerpt":{"rendered":"<p>M\u00e9daillon en tissu brod\u00e9 avec des d\u00e9tails de No\u00ebl : sucre d&rsquo;orge ou inscription \u00ab\u00a0Joyeux No\u00ebl\u00a0\u00bb, fini dans un cadre en bois clair.<\/p>\n<p>\ud83d\udccf \u00d8 22 cm<\/p>\n","protected":false},"featured_media":190290,"comment_status":"open","ping_status":"closed","template":"","meta":{"_joinchat":[]},"pwb-brand":[1564],"product_brand":[],"product_cat":[2465,1503],"product_tag":[],"class_list":{"0":"post-200974","1":"product","2":"type-product","3":"status-publish","4":"has-post-thumbnail","6":"pwb-brand-edg-fr","7":"product_cat-boules-et-decorations-de-sapin-de-noel","8":"product_cat-noel","10":"first","11":"instock","12":"sale","13":"taxable","14":"shipping-taxable","15":"purchasable","16":"product-type-variable"},"brands":[{"id":1564,"name":"EDG \u2013 Enzo De Gasperi","slug":"edg-fr"}],"_links":{"self":[{"href":"https:\/\/www.tendenzeshabbychic.it\/fr\/wp-json\/wp\/v2\/product\/200974","targetHints":{"allow":["GET"]}}],"collection":[{"href":"https:\/\/www.tendenzeshabbychic.it\/fr\/wp-json\/wp\/v2\/product"}],"about":[{"href":"https:\/\/www.tendenzeshabbychic.it\/fr\/wp-json\/wp\/v2\/types\/product"}],"replies":[{"embeddable":true,"href":"https:\/\/www.tendenzeshabbychic.it\/fr\/wp-json\/wp\/v2\/comments?post=200974"}],"wp:featuredmedia":[{"embeddable":true,"href":"https:\/\/www.tendenzeshabbychic.it\/fr\/wp-json\/wp\/v2\/media\/190290"}],"wp:attachment":[{"href":"https:\/\/www.tendenzeshabbychic.it\/fr\/wp-json\/wp\/v2\/media?parent=200974"}],"wp:term":[{"taxonomy":"pwb-brand","embeddable":true,"href":"https:\/\/www.tendenzeshabbychic.it\/fr\/wp-json\/wp\/v2\/pwb-brand?post=200974"},{"taxonomy":"product_brand","embeddable":true,"href":"https:\/\/www.tendenzeshabbychic.it\/fr\/wp-json\/wp\/v2\/product_brand?post=200974"},{"taxonomy":"product_cat","embeddable":true,"href":"https:\/\/www.tendenzeshabbychic.it\/fr\/wp-json\/wp\/v2\/product_cat?post=200974"},{"taxonomy":"product_tag","embeddable":true,"href":"https:\/\/www.tendenzeshabbychic.it\/fr\/wp-json\/wp\/v2\/product_tag?post=200974"}],"curies":[{"name":"wp","href":"https:\/\/api.w.org\/{rel}","templated":true}]}}