{"id":200939,"date":"2025-08-09T01:00:01","date_gmt":"2025-08-08T23:00:01","guid":{"rendered":"https:\/\/www.tendenzeshabbychic.it\/prodotto\/edg-decor-de-pain-depice-pour-gateau-h-12-cm\/"},"modified":"2025-06-29T19:55:24","modified_gmt":"2025-06-29T18:55:24","slug":"edg-decor-de-pain-depice-pour-gateau-h-12-cm","status":"publish","type":"product","link":"https:\/\/www.tendenzeshabbychic.it\/fr\/produit\/edg-decor-de-pain-depice-pour-gateau-h-12-cm\/","title":{"rendered":"EDG D\u00e9cor de pain d&rsquo;\u00e9pice pour g\u00e2teau H 12 cm"},"content":{"rendered":"<p>La d\u00e9coration de g\u00e2teau EDG de la collection Pain d&rsquo;\u00e9pices apporte de la douceur et de la gaiet\u00e9 au sapin de No\u00ebl. R\u00e9alis\u00e9e en plastique incassable, elle repr\u00e9sente un g\u00e2teau sur un socle d\u00e9cor\u00e9 de paillettes cr\u00e8me, rouges, vertes et blanches, d&rsquo;oreillettes stylis\u00e9es et d&rsquo;une corne centrale paillet\u00e9e de type licorne. Sa finition en sucre mat en fait un objet id\u00e9al pour les d\u00e9cors ludiques, les th\u00e8mes de confiserie ou les chambres d&rsquo;enfants.  <\/p>\n<ul>\n<li>Collection de pains d&rsquo;\u00e9pices au style ludique<\/li>\n<li>Plastique incassable et l\u00e9ger<\/li>\n<li>Effet sucr\u00e9 et d\u00e9tails gaufr\u00e9s<\/li>\n<li>Couleurs vives de No\u00ebl : rouge, vert, blanc<\/li>\n<li>Id\u00e9al pour les arbres \u00e0 g\u00e2teaux, les cuisines ou les d\u00e9corations pour b\u00e9b\u00e9s<\/li>\n<\/ul>\n\n\t<section class=\"section linkified dark\" id=\"section_1852014834\">\n\t\t<div class=\"section-bg fill\" >\n\t\t\t<img loading=\"lazy\" decoding=\"async\" width=\"800\" height=\"213\" src=\"https:\/\/www.tendenzeshabbychic.it\/wp-content\/uploads\/2021\/09\/natale-hero-1-800x213.jpg\" class=\"bg attachment-medium size-medium\" alt=\"\" \/>\t\t\t\t\t\t<div class=\"section-bg-overlay absolute fill\"><\/div>\n\t\t\t\n\n\t\t<\/div>\n\n\t\t\n\n\t\t<div class=\"section-content relative\">\n\t\t\t\n\n<div class=\"row\"  id=\"row-1878894968\">\n\n\n\t<div id=\"col-31859212\" class=\"col small-12 large-12\"  >\n\t\t\t\t<div class=\"col-inner text-center\"  >\n\t\t\t\n\t\t\t\n\n<h3><span style=\"font-size: 180%;\">No\u00ebl<\/span><\/h3>\n<p>D\u00e9couvrez la large s\u00e9lection de produits pour d\u00e9corer votre maison pour No\u00ebl.<\/p>\n<a href=\"https:\/\/www.tendenzeshabbychic.it\/fr\/categorie-de-produit\/noel\/\" class=\"button alert is-shade box-shadow-3 box-shadow-5-hover\" style=\"border-radius:5px;\">\n\t\t<span>Cliquez ici<\/span>\n\t<\/a>\n\n\n\n\t\t<\/div>\n\t\t\t\t\t<\/div>\n\n\t\n\n<\/div>\n\n\t\t<\/div>\n\n\t\t\n<style>\n#section_1852014834 {\n  padding-top: 12px;\n  padding-bottom: 12px;\n}\n#section_1852014834 .section-bg-overlay {\n  background-color: rgba(0, 0, 0, 0.419);\n}\n#section_1852014834 .section-bg img {\n  object-position: 21% 51%;\n}\n@media (min-width:550px) {\n  #section_1852014834 {\n    padding-top: 57px;\n    padding-bottom: 57px;\n  }\n}\n<\/style>\n\t<\/section>\n\t\n","protected":false},"excerpt":{"rendered":"<p>D\u00e9coration en plastique incassable en forme de g\u00e2teau sur socle, avec d\u00e9tails color\u00e9s et corne paillet\u00e9e. Collection Pain d&rsquo;\u00e9pices. <\/p>\n<p>\ud83d\udccf H 12 cm<\/p>\n","protected":false},"featured_media":190412,"comment_status":"open","ping_status":"closed","template":"","meta":{"_joinchat":[]},"pwb-brand":[1564],"product_brand":[],"product_cat":[2465,1503],"product_tag":[2977],"class_list":{"0":"post-200939","1":"product","2":"type-product","3":"status-publish","4":"has-post-thumbnail","6":"pwb-brand-edg-fr","7":"product_cat-boules-et-decorations-de-sapin-de-noel","8":"product_cat-noel","9":"product_tag-massepain","11":"first","12":"instock","13":"sale","14":"taxable","15":"shipping-taxable","16":"purchasable","17":"product-type-simple"},"brands":[{"id":1564,"name":"EDG \u2013 Enzo De Gasperi","slug":"edg-fr"}],"_links":{"self":[{"href":"https:\/\/www.tendenzeshabbychic.it\/fr\/wp-json\/wp\/v2\/product\/200939","targetHints":{"allow":["GET"]}}],"collection":[{"href":"https:\/\/www.tendenzeshabbychic.it\/fr\/wp-json\/wp\/v2\/product"}],"about":[{"href":"https:\/\/www.tendenzeshabbychic.it\/fr\/wp-json\/wp\/v2\/types\/product"}],"replies":[{"embeddable":true,"href":"https:\/\/www.tendenzeshabbychic.it\/fr\/wp-json\/wp\/v2\/comments?post=200939"}],"wp:featuredmedia":[{"embeddable":true,"href":"https:\/\/www.tendenzeshabbychic.it\/fr\/wp-json\/wp\/v2\/media\/190412"}],"wp:attachment":[{"href":"https:\/\/www.tendenzeshabbychic.it\/fr\/wp-json\/wp\/v2\/media?parent=200939"}],"wp:term":[{"taxonomy":"pwb-brand","embeddable":true,"href":"https:\/\/www.tendenzeshabbychic.it\/fr\/wp-json\/wp\/v2\/pwb-brand?post=200939"},{"taxonomy":"product_brand","embeddable":true,"href":"https:\/\/www.tendenzeshabbychic.it\/fr\/wp-json\/wp\/v2\/product_brand?post=200939"},{"taxonomy":"product_cat","embeddable":true,"href":"https:\/\/www.tendenzeshabbychic.it\/fr\/wp-json\/wp\/v2\/product_cat?post=200939"},{"taxonomy":"product_tag","embeddable":true,"href":"https:\/\/www.tendenzeshabbychic.it\/fr\/wp-json\/wp\/v2\/product_tag?post=200939"}],"curies":[{"name":"wp","href":"https:\/\/api.w.org\/{rel}","templated":true}]}}