{"id":200931,"date":"2025-08-09T01:00:01","date_gmt":"2025-08-08T23:00:01","guid":{"rendered":"https:\/\/www.tendenzeshabbychic.it\/prodotto\/edg-velvet-red-jib-h-63-x-l-60-cm\/"},"modified":"2025-06-27T14:52:57","modified_gmt":"2025-06-27T13:52:57","slug":"edg-velvet-red-jib-h-63-x-l-60-cm","status":"publish","type":"product","link":"https:\/\/www.tendenzeshabbychic.it\/fr\/produit\/edg-velvet-red-jib-h-63-x-l-60-cm\/","title":{"rendered":"EDG Velvet Red Jib H 63 x L 60 cm"},"content":{"rendered":"<p>Le n\u0153ud en velours EDG est un accessoire d\u00e9coratif \u00e9l\u00e9gant, id\u00e9al pour compl\u00e9ter les arbres de No\u00ebl, les couronnes ou les d\u00e9cors de f\u00eate. Fabriqu\u00e9 en polyester souple, il pr\u00e9sente une texture velout\u00e9e et mate qui refl\u00e8te d\u00e9licatement la lumi\u00e8re. Sa taille g\u00e9n\u00e9reuse et sa structure rembourr\u00e9e lui conf\u00e8rent volume et pr\u00e9sence, ce qui le rend \u00e9galement id\u00e9al pour les portes, les vitrines ou les d\u00e9cors.  <\/p>\n<ul>\n<li>Velours rouge \u00e9l\u00e9gant et cors\u00e9<\/li>\n<li>Grand format sc\u00e9nique<\/li>\n<li>Doux mais structur\u00e9<\/li>\n<li>Polyvalent pour les d\u00e9corations de No\u00ebl et autres<\/li>\n<li>Qualit\u00e9 et style par EDG<\/li>\n<\/ul>\n\n\t<section class=\"section linkified dark\" id=\"section_2024688881\">\n\t\t<div class=\"section-bg fill\" >\n\t\t\t<img loading=\"lazy\" decoding=\"async\" width=\"800\" height=\"213\" src=\"https:\/\/www.tendenzeshabbychic.it\/wp-content\/uploads\/2021\/09\/natale-hero-1-800x213.jpg\" class=\"bg attachment-medium size-medium\" alt=\"\" \/>\t\t\t\t\t\t<div class=\"section-bg-overlay absolute fill\"><\/div>\n\t\t\t\n\n\t\t<\/div>\n\n\t\t\n\n\t\t<div class=\"section-content relative\">\n\t\t\t\n\n<div class=\"row\"  id=\"row-434638681\">\n\n\n\t<div id=\"col-718726608\" class=\"col small-12 large-12\"  >\n\t\t\t\t<div class=\"col-inner text-center\"  >\n\t\t\t\n\t\t\t\n\n<h3><span style=\"font-size: 180%;\">No\u00ebl<\/span><\/h3>\n<p>D\u00e9couvrez la large s\u00e9lection de produits pour d\u00e9corer votre maison pour No\u00ebl.<\/p>\n<a href=\"https:\/\/www.tendenzeshabbychic.it\/fr\/categorie-de-produit\/noel\/\" class=\"button alert is-shade box-shadow-3 box-shadow-5-hover\" style=\"border-radius:5px;\">\n\t\t<span>Cliquez ici<\/span>\n\t<\/a>\n\n\n\n\t\t<\/div>\n\t\t\t\t\t<\/div>\n\n\t\n\n<\/div>\n\n\t\t<\/div>\n\n\t\t\n<style>\n#section_2024688881 {\n  padding-top: 12px;\n  padding-bottom: 12px;\n}\n#section_2024688881 .section-bg-overlay {\n  background-color: rgba(0, 0, 0, 0.419);\n}\n#section_2024688881 .section-bg img {\n  object-position: 21% 51%;\n}\n@media (min-width:550px) {\n  #section_2024688881 {\n    padding-top: 57px;\n    padding-bottom: 57px;\n  }\n}\n<\/style>\n\t<\/section>\n\t\n","protected":false},"excerpt":{"rendered":"<p>Noeud en velours rouge fonc\u00e9 avec finition mate et tissu doux au toucher. Grand format pour les d\u00e9corations importantes. <\/p>\n<p>\ud83d\udccf H 63 x L 60 cm<\/p>\n","protected":false},"featured_media":189344,"comment_status":"open","ping_status":"closed","template":"","meta":{"_joinchat":[]},"pwb-brand":[1564],"product_brand":[],"product_cat":[2465,1503],"product_tag":[3137,1394],"class_list":{"0":"post-200931","1":"product","2":"type-product","3":"status-publish","4":"has-post-thumbnail","6":"pwb-brand-edg-fr","7":"product_cat-boules-et-decorations-de-sapin-de-noel","8":"product_cat-noel","9":"product_tag-festons-et-guirlandes","10":"product_tag-fleche","11":"pa_colore-rouge","13":"first","14":"instock","15":"sale","16":"taxable","17":"shipping-taxable","18":"purchasable","19":"product-type-simple"},"brands":[{"id":1564,"name":"EDG \u2013 Enzo De Gasperi","slug":"edg-fr"}],"_links":{"self":[{"href":"https:\/\/www.tendenzeshabbychic.it\/fr\/wp-json\/wp\/v2\/product\/200931","targetHints":{"allow":["GET"]}}],"collection":[{"href":"https:\/\/www.tendenzeshabbychic.it\/fr\/wp-json\/wp\/v2\/product"}],"about":[{"href":"https:\/\/www.tendenzeshabbychic.it\/fr\/wp-json\/wp\/v2\/types\/product"}],"replies":[{"embeddable":true,"href":"https:\/\/www.tendenzeshabbychic.it\/fr\/wp-json\/wp\/v2\/comments?post=200931"}],"wp:featuredmedia":[{"embeddable":true,"href":"https:\/\/www.tendenzeshabbychic.it\/fr\/wp-json\/wp\/v2\/media\/189344"}],"wp:attachment":[{"href":"https:\/\/www.tendenzeshabbychic.it\/fr\/wp-json\/wp\/v2\/media?parent=200931"}],"wp:term":[{"taxonomy":"pwb-brand","embeddable":true,"href":"https:\/\/www.tendenzeshabbychic.it\/fr\/wp-json\/wp\/v2\/pwb-brand?post=200931"},{"taxonomy":"product_brand","embeddable":true,"href":"https:\/\/www.tendenzeshabbychic.it\/fr\/wp-json\/wp\/v2\/product_brand?post=200931"},{"taxonomy":"product_cat","embeddable":true,"href":"https:\/\/www.tendenzeshabbychic.it\/fr\/wp-json\/wp\/v2\/product_cat?post=200931"},{"taxonomy":"product_tag","embeddable":true,"href":"https:\/\/www.tendenzeshabbychic.it\/fr\/wp-json\/wp\/v2\/product_tag?post=200931"}],"curies":[{"name":"wp","href":"https:\/\/api.w.org\/{rel}","templated":true}]}}