{"id":200894,"date":"2025-08-09T01:00:01","date_gmt":"2025-08-08T23:00:01","guid":{"rendered":"https:\/\/www.tendenzeshabbychic.it\/prodotto\/edg-parfumeur-joyeux-150ml-avec-boite-cadeau\/"},"modified":"2025-06-27T20:05:42","modified_gmt":"2025-06-27T19:05:42","slug":"edg-parfumeur-joyeux-150ml-avec-boite-cadeau","status":"publish","type":"product","link":"https:\/\/www.tendenzeshabbychic.it\/fr\/produit\/edg-parfumeur-joyeux-150ml-avec-boite-cadeau\/","title":{"rendered":"EDG Parfumeur Joyeux 150ml avec bo\u00eete cadeau"},"content":{"rendered":"<p>Le parfumeur EDG de la collection Joyful se distingue par son design raffin\u00e9 : un flacon en verre bleu m\u00e9tallis\u00e9 avec un \u00e9l\u00e9gant n\u0153ud en satin et des b\u00e2tonnets parfum\u00e9s paillet\u00e9s, parfaitement coordonn\u00e9s avec l&#8217;emballage d\u00e9cor\u00e9 d&rsquo;illustrations de No\u00ebl. Un parfum sophistiqu\u00e9 qui s&rsquo;ouvre sur des notes fra\u00eeches de bergamote et de fruits rouges, \u00e9volue vers un c\u0153ur floral de violette et de lilas, et se referme sur des tons chauds de vanille, de patchouli et de bois de c\u00e8dre. Parfait comme id\u00e9e de cadeau ou pour embellir l&rsquo;ambiance pendant les f\u00eates de fin d&rsquo;ann\u00e9e.  <\/p>\n<ul>\n<li>Dessin de No\u00ebl exclusif d&rsquo;EDG<\/li>\n<li>Parfum pyramidal \u00e0 3 niveaux olfactifs<\/li>\n<li>B\u00e2tons de paillettes d\u00e9coratives<\/li>\n<li>Bo\u00eete cadeau \u00e9l\u00e9gante incluse<\/li>\n<li>Capacit\u00e9 de 150 ml, id\u00e9ale pour les petits et moyens environnements<\/li>\n<\/ul>\n\n\t<section class=\"section linkified dark\" id=\"section_505644030\">\n\t\t<div class=\"section-bg fill\" >\n\t\t\t<img loading=\"lazy\" decoding=\"async\" width=\"800\" height=\"213\" src=\"https:\/\/www.tendenzeshabbychic.it\/wp-content\/uploads\/2021\/09\/natale-hero-1-800x213.jpg\" class=\"bg attachment-medium size-medium\" alt=\"\" \/>\t\t\t\t\t\t<div class=\"section-bg-overlay absolute fill\"><\/div>\n\t\t\t\n\n\t\t<\/div>\n\n\t\t\n\n\t\t<div class=\"section-content relative\">\n\t\t\t\n\n<div class=\"row\"  id=\"row-786713321\">\n\n\n\t<div id=\"col-606009326\" class=\"col small-12 large-12\"  >\n\t\t\t\t<div class=\"col-inner text-center\"  >\n\t\t\t\n\t\t\t\n\n<h3><span style=\"font-size: 180%;\">No\u00ebl<\/span><\/h3>\n<p>D\u00e9couvrez la large s\u00e9lection de produits pour d\u00e9corer votre maison pour No\u00ebl.<\/p>\n<a href=\"https:\/\/www.tendenzeshabbychic.it\/fr\/categorie-de-produit\/noel\/\" class=\"button alert is-shade box-shadow-3 box-shadow-5-hover\" style=\"border-radius:5px;\">\n\t\t<span>Cliquez ici<\/span>\n\t<\/a>\n\n\n\n\t\t<\/div>\n\t\t\t\t\t<\/div>\n\n\t\n\n<\/div>\n\n\t\t<\/div>\n\n\t\t\n<style>\n#section_505644030 {\n  padding-top: 12px;\n  padding-bottom: 12px;\n}\n#section_505644030 .section-bg-overlay {\n  background-color: rgba(0, 0, 0, 0.419);\n}\n#section_505644030 .section-bg img {\n  object-position: 21% 51%;\n}\n@media (min-width:550px) {\n  #section_505644030 {\n    padding-top: 57px;\n    padding-bottom: 57px;\n  }\n}\n<\/style>\n\t<\/section>\n\t\n","protected":false},"excerpt":{"rendered":"<p>Diffuseur en verre bleu brillant avec n\u0153ud en satin et b\u00e2tonnets de paillettes. Notes fruit\u00e9es et bois\u00e9es. Collection de parfums Joyeuse For\u00eat Noire.  <\/p>\n<p>\ud83d\udccf H 10 cm<\/p>\n<div class=\"row\"  id=\"row-1977521321\">\n\n\n\t<div id=\"col-1977048962\" class=\"col medium-12 small-12 large-6\"  >\n\t\t\t\t<div class=\"col-inner\"  >\n\t\t\t\n\t\t\t\n\n<h2>Black Forest<\/h2>\n<p>For\u00eat Noire est un parfum d'ambiance au caract\u00e8re enivrant et enveloppant. Au sein de son bouquet aromatique, les notes de bergamote, de fruits rouges, de fleurs de lilas et de violette se soulignent par des notes de fond de c\u00e8dre, de patchouli et de vanille. Le parfum \u00e9voque des atmosph\u00e8res bois\u00e9es romantiques.<\/p>\n<p><strong>BOUQUET<\/strong><br>\nFRAIS, AGRUMES, VERTS ET BOIS\u00c9S<\/p>\n<ul>\n<li>Notes de t\u00eate : <strong>Bergamote, Fruits rouges et Algues<\/strong><\/li>\n<li>Notes de c\u0153ur : <strong>violette, lilas, ch\u00e8vrefeuille, galbanum et pin de Sib\u00e9rie<\/strong><\/li>\n<li>Notes de fond : <strong>Vanille, Bois de C\u00e8dre, Musc et Patchouli<\/strong><\/li>\n<\/ul>\n<p><span style=\"font-size: 75%;\">Un parfum original cr\u00e9\u00e9 par <strong><a href=\"\/?pwb-brand=edg-fr\">EDG Enzo de Gasperi<\/a> .<\/strong><\/span><\/p>\n\n\t\t<\/div>\n\t\t\t\t\t<\/div>\n\n\t\n\n\t<div id=\"col-1251593095\" class=\"col medium-12 small-12 large-6\"  >\n\t\t\t\t<div class=\"col-inner\"  >\n\t\t\t\n\t\t\t\n\n\t<div class=\"img has-hover x md-x lg-x y md-y lg-y\" id=\"image_1039811508\">\n\t\t\t\t\t\t\t\t<div class=\"img-inner dark\" >\n\t\t\t<img width=\"800\" height=\"800\" src=\"https:\/\/www.tendenzeshabbychic.it\/wp-content\/uploads\/2024\/07\/piramide-olfattiva-black-forest-800x800.jpg\" class=\"attachment-large size-large\" alt=\"\" decoding=\"async\" loading=\"lazy\" srcset=\"https:\/\/www.tendenzeshabbychic.it\/wp-content\/uploads\/2024\/07\/piramide-olfattiva-black-forest-800x800.jpg 800w, https:\/\/www.tendenzeshabbychic.it\/wp-content\/uploads\/2024\/07\/piramide-olfattiva-black-forest-500x500.jpg 500w, https:\/\/www.tendenzeshabbychic.it\/wp-content\/uploads\/2024\/07\/piramide-olfattiva-black-forest-100x100.jpg 100w, https:\/\/www.tendenzeshabbychic.it\/wp-content\/uploads\/2024\/07\/piramide-olfattiva-black-forest-64x64.jpg 64w, https:\/\/www.tendenzeshabbychic.it\/wp-content\/uploads\/2024\/07\/piramide-olfattiva-black-forest-400x400.jpg 400w, https:\/\/www.tendenzeshabbychic.it\/wp-content\/uploads\/2024\/07\/piramide-olfattiva-black-forest-280x280.jpg 280w, https:\/\/www.tendenzeshabbychic.it\/wp-content\/uploads\/2024\/07\/piramide-olfattiva-black-forest-768x768.jpg 768w, https:\/\/www.tendenzeshabbychic.it\/wp-content\/uploads\/2024\/07\/piramide-olfattiva-black-forest.jpg 1000w\" sizes=\"auto, (max-width: 800px) 100vw, 800px\" \/>\t\t\t\t\t\t\n\t\t\t\t\t<\/div>\n\t\t\t\t\t\t\t\t\n<style>\n#image_1039811508 {\n  width: 100%;\n}\n<\/style>\n\t<\/div>\n\t\n\n\n\t\t<\/div>\n\t\t\t\t\t<\/div>\n\n\t\n\n<\/div>\n","protected":false},"featured_media":189611,"comment_status":"open","ping_status":"closed","template":"","meta":{"_joinchat":[]},"pwb-brand":[776],"product_brand":[],"product_cat":[1517,1503,1515],"product_tag":[523],"class_list":{"0":"post-200894","1":"product","2":"type-product","3":"status-publish","4":"has-post-thumbnail","6":"pwb-brand-edg","7":"product_cat-diffuseurs-en-baton","8":"product_cat-noel","9":"product_cat-parfumeurs","10":"product_tag-idea-regalo","12":"first","13":"instock","14":"sale","15":"taxable","16":"shipping-taxable","17":"purchasable","18":"product-type-simple"},"brands":[{"id":1564,"name":"EDG \u2013 Enzo De Gasperi","slug":"edg-fr"}],"_links":{"self":[{"href":"https:\/\/www.tendenzeshabbychic.it\/fr\/wp-json\/wp\/v2\/product\/200894","targetHints":{"allow":["GET"]}}],"collection":[{"href":"https:\/\/www.tendenzeshabbychic.it\/fr\/wp-json\/wp\/v2\/product"}],"about":[{"href":"https:\/\/www.tendenzeshabbychic.it\/fr\/wp-json\/wp\/v2\/types\/product"}],"replies":[{"embeddable":true,"href":"https:\/\/www.tendenzeshabbychic.it\/fr\/wp-json\/wp\/v2\/comments?post=200894"}],"wp:featuredmedia":[{"embeddable":true,"href":"https:\/\/www.tendenzeshabbychic.it\/fr\/wp-json\/wp\/v2\/media\/189611"}],"wp:attachment":[{"href":"https:\/\/www.tendenzeshabbychic.it\/fr\/wp-json\/wp\/v2\/media?parent=200894"}],"wp:term":[{"taxonomy":"pwb-brand","embeddable":true,"href":"https:\/\/www.tendenzeshabbychic.it\/fr\/wp-json\/wp\/v2\/pwb-brand?post=200894"},{"taxonomy":"product_brand","embeddable":true,"href":"https:\/\/www.tendenzeshabbychic.it\/fr\/wp-json\/wp\/v2\/product_brand?post=200894"},{"taxonomy":"product_cat","embeddable":true,"href":"https:\/\/www.tendenzeshabbychic.it\/fr\/wp-json\/wp\/v2\/product_cat?post=200894"},{"taxonomy":"product_tag","embeddable":true,"href":"https:\/\/www.tendenzeshabbychic.it\/fr\/wp-json\/wp\/v2\/product_tag?post=200894"}],"curies":[{"name":"wp","href":"https:\/\/api.w.org\/{rel}","templated":true}]}}