{"id":199173,"date":"2025-08-11T00:00:23","date_gmt":"2025-08-10T23:00:23","guid":{"rendered":"https:\/\/www.tendenzeshabbychic.it\/prodotto\/blanc-mariclo-bas-de-noel-feuilles-brodees-epiphanie-h-33\/"},"modified":"2025-08-11T00:00:23","modified_gmt":"2025-08-10T23:00:23","slug":"blanc-mariclo-bas-de-noel-feuilles-brodees-epiphanie-h-33","status":"publish","type":"product","link":"https:\/\/www.tendenzeshabbychic.it\/fr\/produit\/blanc-mariclo-bas-de-noel-feuilles-brodees-epiphanie-h-33\/","title":{"rendered":"Blanc MariClo Bas de No\u00ebl Feuilles brod\u00e9es \u00c9piphanie h 33"},"content":{"rendered":"<p>Ce bas de No\u00ebl de Blanc MariClo est un petit bijou d\u00e9coratif pour les f\u00eates de fin d&rsquo;ann\u00e9e. R\u00e9alis\u00e9 en velours rouge profond, il est orn\u00e9 d&rsquo;une broderie \u00e9labor\u00e9e de feuilles vertes, de d\u00e9tails dor\u00e9s et de petites perles qui lui conf\u00e8rent lumi\u00e8re et sophistication. Le rabat sup\u00e9rieur en velours uni \u00e9quilibre parfaitement l&rsquo;\u00e9l\u00e9gance de la d\u00e9coration principale. Parfaite pour \u00eatre suspendue au-dessus des chemin\u00e9es, des portes ou des meubles, elle est id\u00e9ale pour compl\u00e9ter avec style une mise en place de No\u00ebl.   <\/p>\n<ul>\n<li>Broderie verte avec d\u00e9tails dor\u00e9s et perl\u00e9s<\/li>\n<li>Velours doux, rouge profond<\/li>\n<li>Un design raffin\u00e9 pour des environnements \u00e9l\u00e9gants<\/li>\n<li>Boucle pour une suspension facile<\/li>\n<li>Blanc MariClo Collection \u00c9piphanie<\/li>\n<\/ul>\n\n\t<section class=\"section linkified dark\" id=\"section_759594157\">\n\t\t<div class=\"section-bg fill\" >\n\t\t\t<img loading=\"lazy\" decoding=\"async\" width=\"800\" height=\"213\" src=\"https:\/\/www.tendenzeshabbychic.it\/wp-content\/uploads\/2021\/09\/natale-hero-1-800x213.jpg\" class=\"bg attachment-medium size-medium\" alt=\"\" \/>\t\t\t\t\t\t<div class=\"section-bg-overlay absolute fill\"><\/div>\n\t\t\t\n\n\t\t<\/div>\n\n\t\t\n\n\t\t<div class=\"section-content relative\">\n\t\t\t\n\n<div class=\"row\"  id=\"row-850193686\">\n\n\n\t<div id=\"col-1809068121\" class=\"col small-12 large-12\"  >\n\t\t\t\t<div class=\"col-inner text-center\"  >\n\t\t\t\n\t\t\t\n\n<h3><span style=\"font-size: 180%;\">No\u00ebl<\/span><\/h3>\n<p>D\u00e9couvrez la large s\u00e9lection de produits pour d\u00e9corer votre maison pour No\u00ebl.<\/p>\n<a href=\"https:\/\/www.tendenzeshabbychic.it\/fr\/categorie-de-produit\/noel\/\" class=\"button alert is-shade box-shadow-3 box-shadow-5-hover\" style=\"border-radius:5px;\">\n\t\t<span>Cliquez ici<\/span>\n\t<\/a>\n\n\n\n\t\t<\/div>\n\t\t\t\t\t<\/div>\n\n\t\n\n<\/div>\n\n\t\t<\/div>\n\n\t\t\n<style>\n#section_759594157 {\n  padding-top: 12px;\n  padding-bottom: 12px;\n}\n#section_759594157 .section-bg-overlay {\n  background-color: rgba(0, 0, 0, 0.419);\n}\n#section_759594157 .section-bg img {\n  object-position: 21% 51%;\n}\n@media (min-width:550px) {\n  #section_759594157 {\n    padding-top: 57px;\n    padding-bottom: 57px;\n  }\n}\n<\/style>\n\t<\/section>\n\t\n","protected":false},"excerpt":{"rendered":"<p>Bas de No\u00ebl en velours rouge avec feuilles vertes brod\u00e9es, d\u00e9tails dor\u00e9s et perles. Une \u00e9l\u00e9gance festive pour des d\u00e9corations sophistiqu\u00e9es. <\/p>\n<p>\ud83d\udccf 33 x 18 cm<\/p>\n","protected":false},"featured_media":216142,"comment_status":"open","ping_status":"closed","template":"","meta":{"_joinchat":[]},"pwb-brand":[1561],"product_brand":[],"product_cat":[1503],"product_tag":[2910,1296],"class_list":{"0":"post-199173","1":"product","2":"type-product","3":"status-publish","4":"has-post-thumbnail","6":"pwb-brand-blanc-mariclo-fr","7":"product_cat-noel","8":"product_tag-chaussettes-epiphanie","9":"product_tag-idee-de-cadeau","11":"first","12":"outofstock","13":"sale","14":"taxable","15":"shipping-taxable","16":"purchasable","17":"product-type-simple"},"brands":[{"id":1561,"name":"Blanc Mariclo","slug":"blanc-mariclo-fr"}],"_links":{"self":[{"href":"https:\/\/www.tendenzeshabbychic.it\/fr\/wp-json\/wp\/v2\/product\/199173","targetHints":{"allow":["GET"]}}],"collection":[{"href":"https:\/\/www.tendenzeshabbychic.it\/fr\/wp-json\/wp\/v2\/product"}],"about":[{"href":"https:\/\/www.tendenzeshabbychic.it\/fr\/wp-json\/wp\/v2\/types\/product"}],"replies":[{"embeddable":true,"href":"https:\/\/www.tendenzeshabbychic.it\/fr\/wp-json\/wp\/v2\/comments?post=199173"}],"wp:featuredmedia":[{"embeddable":true,"href":"https:\/\/www.tendenzeshabbychic.it\/fr\/wp-json\/wp\/v2\/media\/216142"}],"wp:attachment":[{"href":"https:\/\/www.tendenzeshabbychic.it\/fr\/wp-json\/wp\/v2\/media?parent=199173"}],"wp:term":[{"taxonomy":"pwb-brand","embeddable":true,"href":"https:\/\/www.tendenzeshabbychic.it\/fr\/wp-json\/wp\/v2\/pwb-brand?post=199173"},{"taxonomy":"product_brand","embeddable":true,"href":"https:\/\/www.tendenzeshabbychic.it\/fr\/wp-json\/wp\/v2\/product_brand?post=199173"},{"taxonomy":"product_cat","embeddable":true,"href":"https:\/\/www.tendenzeshabbychic.it\/fr\/wp-json\/wp\/v2\/product_cat?post=199173"},{"taxonomy":"product_tag","embeddable":true,"href":"https:\/\/www.tendenzeshabbychic.it\/fr\/wp-json\/wp\/v2\/product_tag?post=199173"}],"curies":[{"name":"wp","href":"https:\/\/api.w.org\/{rel}","templated":true}]}}