{"id":198249,"date":"2025-08-04T10:00:43","date_gmt":"2025-08-04T08:00:43","guid":{"rendered":"https:\/\/www.tendenzeshabbychic.it\/prodotto\/edg-decoration-en-pin-pompon-suspension-h45-cm\/"},"modified":"2025-08-04T10:00:43","modified_gmt":"2025-08-04T09:00:43","slug":"edg-decoration-en-pin-pompon-suspension-h45-cm","status":"publish","type":"product","link":"https:\/\/www.tendenzeshabbychic.it\/fr\/produit\/edg-decoration-en-pin-pompon-suspension-h45-cm\/","title":{"rendered":"EDG D\u00e9coration en pin Pompon Suspension H45 cm"},"content":{"rendered":"<p>Cette \u00e9l\u00e9gante d\u00e9coration d&rsquo;Enzo De Gasperi repr\u00e9sente un arbre de No\u00ebl stylis\u00e9, compos\u00e9 de pompons duveteux aux couleurs classiques de No\u00ebl : rouge, vert et blanc. Certains des pompons ont une finition paillet\u00e9e qui ajoute une touche p\u00e9tillante et joyeuse. La structure l\u00e9g\u00e8re est con\u00e7ue pour \u00eatre facilement accroch\u00e9e gr\u00e2ce au crochet m\u00e9tallique pratique situ\u00e9 \u00e0 l&rsquo;arri\u00e8re. Id\u00e9al pour enrichir les murs, les portes ou les coins de la maison avec un style festif, ludique et raffin\u00e9.   <\/p>\n<ul>\n<li>Pom-poms en tissu doux avec finition paillet\u00e9e<\/li>\n<li>Design moderne et joyeux en forme d&rsquo;arbre<\/li>\n<li>Couleurs vives et traditionnelles de No\u00ebl<\/li>\n<li>Crochet m\u00e9tallique pour une installation facile<\/li>\n<li>Parfait pour les d\u00e9corations murales ou les portes<\/li>\n<\/ul>\n\n\t<section class=\"section linkified dark\" id=\"section_331380903\">\n\t\t<div class=\"section-bg fill\" >\n\t\t\t<img loading=\"lazy\" decoding=\"async\" width=\"800\" height=\"213\" src=\"https:\/\/www.tendenzeshabbychic.it\/wp-content\/uploads\/2021\/09\/natale-hero-1-800x213.jpg\" class=\"bg attachment-medium size-medium\" alt=\"\" \/>\t\t\t\t\t\t<div class=\"section-bg-overlay absolute fill\"><\/div>\n\t\t\t\n\n\t\t<\/div>\n\n\t\t\n\n\t\t<div class=\"section-content relative\">\n\t\t\t\n\n<div class=\"row\"  id=\"row-1581360874\">\n\n\n\t<div id=\"col-960436693\" class=\"col small-12 large-12\"  >\n\t\t\t\t<div class=\"col-inner text-center\"  >\n\t\t\t\n\t\t\t\n\n<h3><span style=\"font-size: 180%;\">No\u00ebl<\/span><\/h3>\n<p>D\u00e9couvrez la large s\u00e9lection de produits pour d\u00e9corer votre maison pour No\u00ebl.<\/p>\n<a href=\"https:\/\/www.tendenzeshabbychic.it\/fr\/categorie-de-produit\/noel\/\" class=\"button alert is-shade box-shadow-3 box-shadow-5-hover\" style=\"border-radius:5px;\">\n\t\t<span>Cliquez ici<\/span>\n\t<\/a>\n\n\n\n\t\t<\/div>\n\t\t\t\t\t<\/div>\n\n\t\n\n<\/div>\n\n\t\t<\/div>\n\n\t\t\n<style>\n#section_331380903 {\n  padding-top: 12px;\n  padding-bottom: 12px;\n}\n#section_331380903 .section-bg-overlay {\n  background-color: rgba(0, 0, 0, 0.419);\n}\n#section_331380903 .section-bg img {\n  object-position: 21% 51%;\n}\n@media (min-width:550px) {\n  #section_331380903 {\n    padding-top: 57px;\n    padding-bottom: 57px;\n  }\n}\n<\/style>\n\t<\/section>\n\t\n","protected":false},"excerpt":{"rendered":"<p>Un arbre de No\u00ebl stylis\u00e9 avec des pompons duveteux en rouge, vert et blanc, agr\u00e9ment\u00e9 d&rsquo;\u00e9l\u00e9ments paillet\u00e9s. Parfait pour les murs et les portes. <\/p>\n<p>\ud83d\udccf H 45 cm<\/p>\n","protected":false},"featured_media":191440,"comment_status":"open","ping_status":"closed","template":"","meta":{"_joinchat":[]},"pwb-brand":[1564],"product_brand":[],"product_cat":[2465,1503],"product_tag":[3137],"class_list":{"0":"post-198249","1":"product","2":"type-product","3":"status-publish","4":"has-post-thumbnail","6":"pwb-brand-edg-fr","7":"product_cat-boules-et-decorations-de-sapin-de-noel","8":"product_cat-noel","9":"product_tag-festons-et-guirlandes","10":"pa_colore-blanc","11":"pa_colore-rouge","12":"pa_colore-vert","14":"first","15":"instock","16":"sale","17":"taxable","18":"shipping-taxable","19":"purchasable","20":"product-type-simple"},"brands":[{"id":1564,"name":"EDG \u2013 Enzo De Gasperi","slug":"edg-fr"}],"_links":{"self":[{"href":"https:\/\/www.tendenzeshabbychic.it\/fr\/wp-json\/wp\/v2\/product\/198249","targetHints":{"allow":["GET"]}}],"collection":[{"href":"https:\/\/www.tendenzeshabbychic.it\/fr\/wp-json\/wp\/v2\/product"}],"about":[{"href":"https:\/\/www.tendenzeshabbychic.it\/fr\/wp-json\/wp\/v2\/types\/product"}],"replies":[{"embeddable":true,"href":"https:\/\/www.tendenzeshabbychic.it\/fr\/wp-json\/wp\/v2\/comments?post=198249"}],"wp:featuredmedia":[{"embeddable":true,"href":"https:\/\/www.tendenzeshabbychic.it\/fr\/wp-json\/wp\/v2\/media\/191440"}],"wp:attachment":[{"href":"https:\/\/www.tendenzeshabbychic.it\/fr\/wp-json\/wp\/v2\/media?parent=198249"}],"wp:term":[{"taxonomy":"pwb-brand","embeddable":true,"href":"https:\/\/www.tendenzeshabbychic.it\/fr\/wp-json\/wp\/v2\/pwb-brand?post=198249"},{"taxonomy":"product_brand","embeddable":true,"href":"https:\/\/www.tendenzeshabbychic.it\/fr\/wp-json\/wp\/v2\/product_brand?post=198249"},{"taxonomy":"product_cat","embeddable":true,"href":"https:\/\/www.tendenzeshabbychic.it\/fr\/wp-json\/wp\/v2\/product_cat?post=198249"},{"taxonomy":"product_tag","embeddable":true,"href":"https:\/\/www.tendenzeshabbychic.it\/fr\/wp-json\/wp\/v2\/product_tag?post=198249"}],"curies":[{"name":"wp","href":"https:\/\/api.w.org\/{rel}","templated":true}]}}