{"id":197227,"date":"2025-08-01T08:39:26","date_gmt":"2025-08-01T07:39:26","guid":{"rendered":"https:\/\/www.tendenzeshabbychic.it\/prodotto\/mathilde-m-candy-jar-floral-idyll-large-o95x18cm\/"},"modified":"2025-08-01T08:39:26","modified_gmt":"2025-08-01T07:39:26","slug":"mathilde-m-candy-jar-floral-idyll-large-o95x18cm","status":"publish","type":"product","link":"https:\/\/www.tendenzeshabbychic.it\/fr\/produit\/mathilde-m-candy-jar-floral-idyll-large-o95x18cm\/","title":{"rendered":"Mathilde M Candy Jar Floral Idyll Large \u00f89,5x18cm"},"content":{"rendered":"<p>Le bonbonni\u00e8re <em>Floral Idyll<\/em> de Mathilde M est un objet raffin\u00e9 qui allie fonctionnalit\u00e9 et po\u00e9sie. En verre transparent, il permet de voir le contenu \u00e0 l&rsquo;int\u00e9rieur, tandis que le couvercle en m\u00e9tal dor\u00e9, \u00e0 la finition l\u00e9g\u00e8rement vieillie, est orn\u00e9 d&rsquo;un bouquet romantique de fleurs en relief, sculpt\u00e9 enti\u00e8rement \u00e0 la main.<br \/>\nId\u00e9al pour ranger des bonbons, des perles, des accessoires ou de petits objets du quotidien, il s&rsquo;int\u00e8gre parfaitement dans des d\u00e9cors Shabby Chic, romantiques ou classiques. Il peut \u00e9galement servir de d\u00e9coration lors d&rsquo;\u00e9v\u00e9nements sp\u00e9ciaux tels que des mariages ou des bapt\u00eames.  <\/p>\n<ul>\n<li>Fleurs d\u00e9coratives enti\u00e8rement faites \u00e0 la main<\/li>\n<li>Design \u00e9l\u00e9gant avec des d\u00e9tails en or vintage<\/li>\n<li>Parfait pour une utilisation d\u00e9corative ou fonctionnelle<\/li>\n<li>Id\u00e9al pour les \u00e9v\u00e9nements : mariages, baby showers, c\u00e9r\u00e9monies<\/li>\n<li>Mat\u00e9riaux de haute qualit\u00e9 : verre et m\u00e9tal dor\u00e9<\/li>\n<\/ul>\n","protected":false},"excerpt":{"rendered":"<p>Jarre en verre transparent avec couvercle en m\u00e9tal dor\u00e9 d\u00e9cor\u00e9 d&rsquo;un bouquet de fleurs sculpt\u00e9es \u00e0 la main. L&rsquo;\u00e9l\u00e9gante finition antique et les d\u00e9tails floraux r\u00e9alis\u00e9s \u00e0 la main font de ce pot un pr\u00e9cieux accessoire d\u00e9coratif. <\/p>\n<p>\ud83d\udccf \u00f8 9,5 x H 18 cm<\/p>\n","protected":false},"featured_media":196164,"comment_status":"open","ping_status":"closed","template":"","meta":{"_joinchat":[]},"pwb-brand":[1562],"product_brand":[],"product_cat":[1511],"product_tag":[],"class_list":{"0":"post-197227","1":"product","2":"type-product","3":"status-publish","4":"has-post-thumbnail","6":"pwb-brand-mathilde-m-fr","7":"product_cat-boite-a-bijoux","9":"first","10":"instock","11":"taxable","12":"shipping-taxable","13":"purchasable","14":"product-type-simple"},"brands":[{"id":1562,"name":"Mathilde M.","slug":"mathilde-m-fr"}],"_links":{"self":[{"href":"https:\/\/www.tendenzeshabbychic.it\/fr\/wp-json\/wp\/v2\/product\/197227","targetHints":{"allow":["GET"]}}],"collection":[{"href":"https:\/\/www.tendenzeshabbychic.it\/fr\/wp-json\/wp\/v2\/product"}],"about":[{"href":"https:\/\/www.tendenzeshabbychic.it\/fr\/wp-json\/wp\/v2\/types\/product"}],"replies":[{"embeddable":true,"href":"https:\/\/www.tendenzeshabbychic.it\/fr\/wp-json\/wp\/v2\/comments?post=197227"}],"wp:featuredmedia":[{"embeddable":true,"href":"https:\/\/www.tendenzeshabbychic.it\/fr\/wp-json\/wp\/v2\/media\/196164"}],"wp:attachment":[{"href":"https:\/\/www.tendenzeshabbychic.it\/fr\/wp-json\/wp\/v2\/media?parent=197227"}],"wp:term":[{"taxonomy":"pwb-brand","embeddable":true,"href":"https:\/\/www.tendenzeshabbychic.it\/fr\/wp-json\/wp\/v2\/pwb-brand?post=197227"},{"taxonomy":"product_brand","embeddable":true,"href":"https:\/\/www.tendenzeshabbychic.it\/fr\/wp-json\/wp\/v2\/product_brand?post=197227"},{"taxonomy":"product_cat","embeddable":true,"href":"https:\/\/www.tendenzeshabbychic.it\/fr\/wp-json\/wp\/v2\/product_cat?post=197227"},{"taxonomy":"product_tag","embeddable":true,"href":"https:\/\/www.tendenzeshabbychic.it\/fr\/wp-json\/wp\/v2\/product_tag?post=197227"}],"curies":[{"name":"wp","href":"https:\/\/api.w.org\/{rel}","templated":true}]}}