{"id":197225,"date":"2025-08-01T08:39:48","date_gmt":"2025-08-01T07:39:48","guid":{"rendered":"https:\/\/www.tendenzeshabbychic.it\/prodotto\/mathilde-m-door-bonbon-floral-idyll-o95x16-cm\/"},"modified":"2025-08-01T08:39:48","modified_gmt":"2025-08-01T07:39:48","slug":"mathilde-m-door-bonbon-floral-idyll-o95x16-cm","status":"publish","type":"product","link":"https:\/\/www.tendenzeshabbychic.it\/fr\/produit\/mathilde-m-door-bonbon-floral-idyll-o95x16-cm\/","title":{"rendered":"Mathilde M. Door Bonbon Floral Idyll \u00d89,5&#215;16 cm"},"content":{"rendered":"<p>Laissez-vous s\u00e9duire par l&rsquo;\u00e9l\u00e9gance intemporelle du porte-bonbon <em>Floral Idyll<\/em> de Mathilde M. Ce contenant raffin\u00e9, en verre transparent, est surmont\u00e9 d&rsquo;un couvercle en m\u00e9tal dor\u00e9 \u00e0 l&rsquo;aspect antique, orn\u00e9 de d\u00e9licates fleurs faites \u00e0 la main. Les p\u00e9tales et les feuilles soigneusement model\u00e9s cr\u00e9ent un d\u00e9cor tridimensionnel d&rsquo;une grande esth\u00e9tique. <\/p>\n<p>Parfait pour contenir de petites friandises, des bijoux ou comme \u00e9l\u00e9ment d\u00e9coratif sur une coiffeuse ou dans un d\u00e9cor pour des \u00e9v\u00e9nements sp\u00e9ciaux, tels que des mariages ou des bapt\u00eames. Sa polyvalence en fait \u00e9galement une id\u00e9e de cadeau originale et sophistiqu\u00e9e. <\/p>\n<ul>\n<li>Composition : verre et m\u00e9tal dor\u00e9<\/li>\n<li>Fleurs sculpt\u00e9es \u00e0 la main pour une touche artisanale unique<\/li>\n<li>Finition dor\u00e9e avec effet antique<\/li>\n<li>El\u00e9gant \u00e9galement comme objet d\u00e9coratif ou pour des \u00e9v\u00e9nements<\/li>\n<li>Peut \u00eatre coordonn\u00e9 avec d&rsquo;autres mod\u00e8les de la ligne Floral Idyll<\/li>\n<\/ul>\n","protected":false},"excerpt":{"rendered":"<p>Porte-bonbon en verre transparent avec couvercle en m\u00e9tal dor\u00e9, orn\u00e9 d&rsquo;un bouquet de fleurs sculpt\u00e9 \u00e0 la main dans un style romantique. La conception florale artisanale conf\u00e8re une touche po\u00e9tique \u00e0 n&rsquo;importe quelle pi\u00e8ce. <\/p>\n<p>\ud83d\udccf \u00d8 9,5 x H 16 cm<\/p>\n","protected":false},"featured_media":196171,"comment_status":"open","ping_status":"closed","template":"","meta":{"_joinchat":[]},"pwb-brand":[1562],"product_brand":[],"product_cat":[1511],"product_tag":[],"class_list":{"0":"post-197225","1":"product","2":"type-product","3":"status-publish","4":"has-post-thumbnail","6":"pwb-brand-mathilde-m-fr","7":"product_cat-boite-a-bijoux","9":"first","10":"instock","11":"taxable","12":"shipping-taxable","13":"purchasable","14":"product-type-simple"},"brands":[{"id":1562,"name":"Mathilde M.","slug":"mathilde-m-fr"}],"_links":{"self":[{"href":"https:\/\/www.tendenzeshabbychic.it\/fr\/wp-json\/wp\/v2\/product\/197225","targetHints":{"allow":["GET"]}}],"collection":[{"href":"https:\/\/www.tendenzeshabbychic.it\/fr\/wp-json\/wp\/v2\/product"}],"about":[{"href":"https:\/\/www.tendenzeshabbychic.it\/fr\/wp-json\/wp\/v2\/types\/product"}],"replies":[{"embeddable":true,"href":"https:\/\/www.tendenzeshabbychic.it\/fr\/wp-json\/wp\/v2\/comments?post=197225"}],"wp:featuredmedia":[{"embeddable":true,"href":"https:\/\/www.tendenzeshabbychic.it\/fr\/wp-json\/wp\/v2\/media\/196171"}],"wp:attachment":[{"href":"https:\/\/www.tendenzeshabbychic.it\/fr\/wp-json\/wp\/v2\/media?parent=197225"}],"wp:term":[{"taxonomy":"pwb-brand","embeddable":true,"href":"https:\/\/www.tendenzeshabbychic.it\/fr\/wp-json\/wp\/v2\/pwb-brand?post=197225"},{"taxonomy":"product_brand","embeddable":true,"href":"https:\/\/www.tendenzeshabbychic.it\/fr\/wp-json\/wp\/v2\/product_brand?post=197225"},{"taxonomy":"product_cat","embeddable":true,"href":"https:\/\/www.tendenzeshabbychic.it\/fr\/wp-json\/wp\/v2\/product_cat?post=197225"},{"taxonomy":"product_tag","embeddable":true,"href":"https:\/\/www.tendenzeshabbychic.it\/fr\/wp-json\/wp\/v2\/product_tag?post=197225"}],"curies":[{"name":"wp","href":"https:\/\/api.w.org\/{rel}","templated":true}]}}