{"id":197217,"date":"2025-08-01T12:45:30","date_gmt":"2025-08-01T11:45:30","guid":{"rendered":"https:\/\/www.tendenzeshabbychic.it\/prodotto\/mathilde-m-precieuse-boite-a-bijoux-105-cm\/"},"modified":"2025-08-01T12:45:30","modified_gmt":"2025-08-01T11:45:30","slug":"mathilde-m-precieuse-boite-a-bijoux-105-cm","status":"publish","type":"product","link":"https:\/\/www.tendenzeshabbychic.it\/fr\/produit\/mathilde-m-precieuse-boite-a-bijoux-105-cm\/","title":{"rendered":"Mathilde M Pr\u00e9cieuse bo\u00eete \u00e0 bijoux 10,5 cm"},"content":{"rendered":"<p>Le coffret \u00e0 bijoux Pr\u00e9cieuse PM de Mathilde M est un objet de d\u00e9coration raffin\u00e9 au style fran\u00e7ais parfait. R\u00e9alis\u00e9e en verre transparent et m\u00e9tal blanchi, elle est agr\u00e9ment\u00e9e d&rsquo;un \u00e9l\u00e9gant cadre aux motifs floraux et coquillages en relief, lui conf\u00e9rant un aspect d\u00e9licatement vintage. La fermeture frontale en m\u00e9tal, les pieds sph\u00e9riques et le cadre carr\u00e9 renforcent son caract\u00e8re d\u00e9coratif et fonctionnel.  <\/p>\n<p>Ce petit coffret est id\u00e9al pour ranger bijoux, perles et petits objets pr\u00e9cieux, \u00e0 exposer dans la chambre \u00e0 coucher, sur la coiffeuse ou dans la salle de bains. L&rsquo;effet antique et la finition artisanale en font un meuble romantique et intemporel. <\/p>\n<ul>\n<li>M\u00e9tal antique avec finition blanchie<\/li>\n<li>Inserts en verre transparent sur tous les c\u00f4t\u00e9s<\/li>\n<li>D\u00e9corations en relief \u00e0 la fran\u00e7aise<\/li>\n<li>Fermeture auto-agrippante et pieds sph\u00e9riques<\/li>\n<li>Id\u00e9al comme bo\u00eete \u00e0 bijoux de pr\u00e9sentation<\/li>\n<\/ul>\n","protected":false},"excerpt":{"rendered":"<p>Ravissante bo\u00eete \u00e0 bijoux de style fran\u00e7ais en verre et m\u00e9tal blanchi. Les profils sont d\u00e9cor\u00e9s de motifs de coquilles en relief et de finitions \u00e0 l&rsquo;ancienne. Une fermeture \u00e0 crochet sur le devant et des pieds sph\u00e9riques compl\u00e8tent l&rsquo;\u00e9l\u00e9gance de la pi\u00e8ce. Parfait pour \u00eatre expos\u00e9 sur une coiffeuse ou une commode.   <\/p>\n<p>\ud83d\udccf 10,5 x 10,5 x 10,5 cm<\/p>\n","protected":false},"featured_media":196156,"comment_status":"open","ping_status":"closed","template":"","meta":{"_joinchat":[]},"pwb-brand":[1562],"product_brand":[],"product_cat":[1511],"product_tag":[],"class_list":{"0":"post-197217","1":"product","2":"type-product","3":"status-publish","4":"has-post-thumbnail","6":"pwb-brand-mathilde-m-fr","7":"product_cat-boite-a-bijoux","9":"first","10":"instock","11":"taxable","12":"shipping-taxable","13":"purchasable","14":"product-type-simple"},"brands":[{"id":1562,"name":"Mathilde M.","slug":"mathilde-m-fr"}],"_links":{"self":[{"href":"https:\/\/www.tendenzeshabbychic.it\/fr\/wp-json\/wp\/v2\/product\/197217","targetHints":{"allow":["GET"]}}],"collection":[{"href":"https:\/\/www.tendenzeshabbychic.it\/fr\/wp-json\/wp\/v2\/product"}],"about":[{"href":"https:\/\/www.tendenzeshabbychic.it\/fr\/wp-json\/wp\/v2\/types\/product"}],"replies":[{"embeddable":true,"href":"https:\/\/www.tendenzeshabbychic.it\/fr\/wp-json\/wp\/v2\/comments?post=197217"}],"wp:featuredmedia":[{"embeddable":true,"href":"https:\/\/www.tendenzeshabbychic.it\/fr\/wp-json\/wp\/v2\/media\/196156"}],"wp:attachment":[{"href":"https:\/\/www.tendenzeshabbychic.it\/fr\/wp-json\/wp\/v2\/media?parent=197217"}],"wp:term":[{"taxonomy":"pwb-brand","embeddable":true,"href":"https:\/\/www.tendenzeshabbychic.it\/fr\/wp-json\/wp\/v2\/pwb-brand?post=197217"},{"taxonomy":"product_brand","embeddable":true,"href":"https:\/\/www.tendenzeshabbychic.it\/fr\/wp-json\/wp\/v2\/product_brand?post=197217"},{"taxonomy":"product_cat","embeddable":true,"href":"https:\/\/www.tendenzeshabbychic.it\/fr\/wp-json\/wp\/v2\/product_cat?post=197217"},{"taxonomy":"product_tag","embeddable":true,"href":"https:\/\/www.tendenzeshabbychic.it\/fr\/wp-json\/wp\/v2\/product_tag?post=197217"}],"curies":[{"name":"wp","href":"https:\/\/api.w.org\/{rel}","templated":true}]}}