{"id":197215,"date":"2025-08-01T12:45:21","date_gmt":"2025-08-01T11:45:21","guid":{"rendered":"https:\/\/www.tendenzeshabbychic.it\/prodotto\/mathilde-m-precieuse-boite-a-bijoux-155-cm\/"},"modified":"2025-08-01T12:45:21","modified_gmt":"2025-08-01T11:45:21","slug":"mathilde-m-precieuse-boite-a-bijoux-155-cm","status":"publish","type":"product","link":"https:\/\/www.tendenzeshabbychic.it\/fr\/produit\/mathilde-m-precieuse-boite-a-bijoux-155-cm\/","title":{"rendered":"Mathilde M Pr\u00e9cieuse bo\u00eete \u00e0 bijoux 15,5 cm"},"content":{"rendered":"<p>La bo\u00eete \u00e0 bijoux Pr\u00e9cieuse de Mathilde M est un meuble raffin\u00e9 con\u00e7u pour accueillir avec style les petits tr\u00e9sors. R\u00e9alis\u00e9e en verre transparent sur toutes ses faces, elle laisse entrevoir avec \u00e9l\u00e9gance son contenu. Le cadre en m\u00e9tal blanchi pr\u00e9sente une finition antiquaire et des d\u00e9cors floraux et coquillages en relief qui ornent l&rsquo;ensemble du cadre.  <\/p>\n<p>Le design carr\u00e9 avec des pieds arrondis apporte un \u00e9quilibre et une touche r\u00e9tro, tandis que la fermeture \u00e0 crochet ajoute un d\u00e9tail fonctionnel au charme vintage. Parfaite pour contenir des bijoux, des perles ou des accessoires parfum\u00e9s, elle est id\u00e9ale sur une coiffeuse, un meuble d&rsquo;entr\u00e9e ou dans une pi\u00e8ce Shabby Chic. <\/p>\n<ul>\n<li>En verre transparent avec cadre m\u00e9tallique d\u00e9cor\u00e9<\/li>\n<li>Gaufrage \u00e9l\u00e9gant sur les bords<\/li>\n<li>Finition \u00e0 effet antique pour un look Shabby Chic<\/li>\n<li>Id\u00e9al pour les bijoux, les d\u00e9corations parfum\u00e9es ou comme \u00e9l\u00e9ment d\u00e9coratif<\/li>\n<li>Fermeture avec crochet m\u00e9tallique ornemental<\/li>\n<\/ul>\n","protected":false},"excerpt":{"rendered":"<p>\u00c9l\u00e9gante bo\u00eete \u00e0 bijoux cubique en verre transparent avec un cadre en m\u00e9tal blanchi et des d\u00e9corations gaufr\u00e9es de style classique. Le bord est orn\u00e9 de d\u00e9tails en forme de coquillages gaufr\u00e9s, tandis que le couvercle est muni d&rsquo;un crochet antique. Parfait pour rehausser les coins de vanit\u00e9 ou les toilettes.  <\/p>\n<p>\ud83d\udccf 15,5 x 15,5 x 15,5 cm<\/p>\n","protected":false},"featured_media":196149,"comment_status":"open","ping_status":"closed","template":"","meta":{"_joinchat":[]},"pwb-brand":[1562],"product_brand":[],"product_cat":[1511],"product_tag":[],"class_list":{"0":"post-197215","1":"product","2":"type-product","3":"status-publish","4":"has-post-thumbnail","6":"pwb-brand-mathilde-m-fr","7":"product_cat-boite-a-bijoux","9":"first","10":"instock","11":"taxable","12":"shipping-taxable","13":"purchasable","14":"product-type-simple"},"brands":[{"id":1562,"name":"Mathilde M.","slug":"mathilde-m-fr"}],"_links":{"self":[{"href":"https:\/\/www.tendenzeshabbychic.it\/fr\/wp-json\/wp\/v2\/product\/197215","targetHints":{"allow":["GET"]}}],"collection":[{"href":"https:\/\/www.tendenzeshabbychic.it\/fr\/wp-json\/wp\/v2\/product"}],"about":[{"href":"https:\/\/www.tendenzeshabbychic.it\/fr\/wp-json\/wp\/v2\/types\/product"}],"replies":[{"embeddable":true,"href":"https:\/\/www.tendenzeshabbychic.it\/fr\/wp-json\/wp\/v2\/comments?post=197215"}],"wp:featuredmedia":[{"embeddable":true,"href":"https:\/\/www.tendenzeshabbychic.it\/fr\/wp-json\/wp\/v2\/media\/196149"}],"wp:attachment":[{"href":"https:\/\/www.tendenzeshabbychic.it\/fr\/wp-json\/wp\/v2\/media?parent=197215"}],"wp:term":[{"taxonomy":"pwb-brand","embeddable":true,"href":"https:\/\/www.tendenzeshabbychic.it\/fr\/wp-json\/wp\/v2\/pwb-brand?post=197215"},{"taxonomy":"product_brand","embeddable":true,"href":"https:\/\/www.tendenzeshabbychic.it\/fr\/wp-json\/wp\/v2\/product_brand?post=197215"},{"taxonomy":"product_cat","embeddable":true,"href":"https:\/\/www.tendenzeshabbychic.it\/fr\/wp-json\/wp\/v2\/product_cat?post=197215"},{"taxonomy":"product_tag","embeddable":true,"href":"https:\/\/www.tendenzeshabbychic.it\/fr\/wp-json\/wp\/v2\/product_tag?post=197215"}],"curies":[{"name":"wp","href":"https:\/\/api.w.org\/{rel}","templated":true}]}}