{"id":197206,"date":"2025-08-01T08:20:39","date_gmt":"2025-08-01T07:20:39","guid":{"rendered":"https:\/\/www.tendenzeshabbychic.it\/prodotto\/mathilde-m-soap-voile-de-lin-100g-cachemire-exquis\/"},"modified":"2025-08-01T08:20:39","modified_gmt":"2025-08-01T07:20:39","slug":"mathilde-m-soap-voile-de-lin-100g-cachemire-exquis","status":"publish","type":"product","link":"https:\/\/www.tendenzeshabbychic.it\/fr\/produit\/mathilde-m-soap-voile-de-lin-100g-cachemire-exquis\/","title":{"rendered":"Mathilde M. Soap Voile de Lin 100g Cachemire Exquis"},"content":{"rendered":"<p>Le pain de savon parfum\u00e9 <strong>Voile de Lin<\/strong> de Mathilde M allie d\u00e9licatesse et raffinement dans un petit bijou pour le bain ou \u00e0 offrir. Dans un emballage \u00e0 l&rsquo;imprim\u00e9 floral vintage, aux tons neutres et poudr\u00e9s, il d\u00e9gage une fragrance d\u00e9licate et pure qui rappelle la fra\u00eecheur du linge juste \u00e9tendu au soleil. <\/p>\n<p>Le savon de couleur ivoire pr\u00e9sente un \u00e9l\u00e9gant d\u00e9cor en relief : un cam\u00e9e avec un profil f\u00e9minin entour\u00e9 de motifs damass\u00e9s, rappelant le go\u00fbt fran\u00e7ais classique. Parfait pour embellir une salle de bain Shabby Chic ou comme id\u00e9e cadeau. <\/p>\n<ul>\n<li>Parfum de lin frais et propre<\/li>\n<li>Motif grav\u00e9 avec cam\u00e9e et damass\u00e9<\/li>\n<li>Emballage d\u00e9coratif au charme romantique<\/li>\n<li>Id\u00e9al comme cadeau ou objet d\u00e9coratif pour les toilettes<\/li>\n<li>Collection Exquis Cashmere par Mathilde M<\/li>\n<\/ul>\n","protected":false},"excerpt":{"rendered":"<p>Un savon parfum\u00e9 de 100 g dans un \u00e9l\u00e9gant emballage beige et poudre florale. Le savon est d\u00e9cor\u00e9 d&rsquo;un cam\u00e9e raffin\u00e9 en relief sur un fond damass\u00e9. Il fait partie de la collection <strong>Cachemire Exquis<\/strong>, une ligne au go\u00fbt classique et f\u00e9minin.  <\/p>\n<p>\ud83d\udccf 5 x 8,2 x 2,8 cm<\/p>\n<div class=\"row row-solid\"  id=\"row-154786787\">\n\n\n\t<div id=\"col-385886611\" class=\"col small-12 large-12\"  >\n\t\t\t\t<div class=\"col-inner\"  >\n\t\t\t\n\t\t\t\n\n\n\t\t<div class=\"icon-box featured-box icon-box-center text-center\"  >\n\t\t\t\t<div class=\"icon-box-text last-reset\">\n\t\t\t<h5 class=\"uppercase\">Voile de lin<\/h5>\t\t\t\t\t\t\n\n\t<div id=\"text-1437692859\" class=\"text\">\n\t\t\n\nVaporis\u00e9 tel un voile sur une dentelle d\u00e9licate ou un drap l\u00e9ger, ce parfum enveloppe les sens dans un nuage de douceur. Le parfum poudr\u00e9 d'un bouquet de roses et de violettes se fond dans un lit de musc blanc termin\u00e9 par des fleurs de lin.\nUn parfum enveloppant, le souvenir de notes de linge propre qui s'\u00e9chappent d'une belle armoire ancienne...\n\t\t\n<style>\n#text-1437692859 {\n  text-align: left;\n}\n<\/style>\n\t<\/div>\n\t\n\n\t\t<\/div>\n\t<\/div>\n\t\n\t\n\n\t\t<\/div>\n\t\t\t\t\t<\/div>\n\n\t\n\n\t<div id=\"col-1066944183\" class=\"col small-12 large-12\"  >\n\t\t\t\t<div class=\"col-inner\"  >\n\t\t\t\n\t\t\t\n\n\n\t\t<div class=\"icon-box featured-box icon-box-left text-left\"  >\n\t\t\t\t\t<div class=\"icon-box-img\" style=\"width: 60px\">\n\t\t\t\t<div class=\"icon\">\n\t\t\t\t\t<div class=\"icon-inner\" style=\"color:#c3a7a0;\">\n\t\t\t\t\t\t<?xml version=\"1.0\" encoding=\"utf-8\"?><!-- Uploaded to: SVG Repo, www.svgrepo.com, Generator: SVG Repo Mixer Tools -->\r\n<svg fill=\"#000000\" width=\"800px\" height=\"800px\" viewBox=\"0 0 32 32\" xmlns=\"http:\/\/www.w3.org\/2000\/svg\">\r\n    <circle cx=\"16\" cy=\"16\" r=\"16\"\/>\r\n<\/svg>\t\t\t\t\t<\/div>\n\t\t\t\t<\/div>\n\t\t\t<\/div>\n\t\t\t\t<div class=\"icon-box-text last-reset\">\n\t\t\t\t\t\t\t\t\t\n\n\t<div id=\"text-3002586505\" class=\"text\">\n\t\t\n\n<h3>Notes de t\u00eate<\/h3>\n<p>Fleurs de lin<\/p>\n\t\t\n<style>\n#text-3002586505 {\n  line-height: 1;\n}\n<\/style>\n\t<\/div>\n\t\n\n\t\t<\/div>\n\t<\/div>\n\t\n\t\n\n\t\t<div class=\"icon-box featured-box icon-box-left text-left\"  >\n\t\t\t\t\t<div class=\"icon-box-img\" style=\"width: 60px\">\n\t\t\t\t<div class=\"icon\">\n\t\t\t\t\t<div class=\"icon-inner\" style=\"color:#c2a7a0;\">\n\t\t\t\t\t\t<?xml version=\"1.0\" encoding=\"utf-8\"?><!-- Uploaded to: SVG Repo, www.svgrepo.com, Generator: SVG Repo Mixer Tools -->\r\n<svg width=\"800px\" height=\"800px\" viewBox=\"0 0 24 24\" fill=\"none\" xmlns=\"http:\/\/www.w3.org\/2000\/svg\">\r\n<path d=\"M2 9.1371C2 14 6.01943 16.5914 8.96173 18.9109C10 19.7294 11 20.5 12 20.5C13 20.5 14 19.7294 15.0383 18.9109C17.9806 16.5914 22 14 22 9.1371C22 4.27416 16.4998 0.825464 12 5.50063C7.50016 0.825464 2 4.27416 2 9.1371Z\" fill=\"#1C274C\"\/>\r\n<\/svg>\t\t\t\t\t<\/div>\n\t\t\t\t<\/div>\n\t\t\t<\/div>\n\t\t\t\t<div class=\"icon-box-text last-reset\">\n\t\t\t\t\t\t\t\t\t\n\n\t<div id=\"text-2808655502\" class=\"text\">\n\t\t\n\n<h3>Notes de coeur<\/h3>\n<p>P\u00e9tales de rose et de violette<\/p>\n\t\t\n<style>\n#text-2808655502 {\n  line-height: 1;\n}\n<\/style>\n\t<\/div>\n\t\n\n\t\t<\/div>\n\t<\/div>\n\t\n\t\n\n\t\t<div class=\"icon-box featured-box icon-box-left text-left\"  >\n\t\t\t\t\t<div class=\"icon-box-img\" style=\"width: 60px\">\n\t\t\t\t<div class=\"icon\">\n\t\t\t\t\t<div class=\"icon-inner\" style=\"color:#ad8f85;\">\n\t\t\t\t\t\t<?xml version=\"1.0\" encoding=\"UTF-8\" standalone=\"no\"?>\r\n<!-- Uploaded to: SVG Repo, www.svgrepo.com, Generator: SVG Repo Mixer Tools -->\r\n<svg width=\"800px\" height=\"800px\" viewBox=\"0 -12 32 32\" version=\"1.1\" xmlns=\"http:\/\/www.w3.org\/2000\/svg\" xmlns:xlink=\"http:\/\/www.w3.org\/1999\/xlink\" xmlns:sketch=\"http:\/\/www.bohemiancoding.com\/sketch\/ns\">\r\n    \r\n    <title>minus<\/title>\r\n    <desc>Created with Sketch Beta.<\/desc>\r\n    <defs>\r\n\r\n<\/defs>\r\n    <g id=\"Page-1\" stroke=\"none\" stroke-width=\"1\" fill=\"none\" fill-rule=\"evenodd\" sketch:type=\"MSPage\">\r\n        <g id=\"Icon-Set-Filled\" sketch:type=\"MSLayerGroup\" transform=\"translate(-414.000000, -1049.000000)\" fill=\"#000000\">\r\n            <path d=\"M442,1049 L418,1049 C415.791,1049 414,1050.79 414,1053 C414,1055.21 415.791,1057 418,1057 L442,1057 C444.209,1057 446,1055.21 446,1053 C446,1050.79 444.209,1049 442,1049\" id=\"minus\" sketch:type=\"MSShapeGroup\">\r\n\r\n<\/path>\r\n        <\/g>\r\n    <\/g>\r\n<\/svg>\t\t\t\t\t<\/div>\n\t\t\t\t<\/div>\n\t\t\t<\/div>\n\t\t\t\t<div class=\"icon-box-text last-reset\">\n\t\t\t\t\t\t\t\t\t\n\n\t<div id=\"text-2728930094\" class=\"text\">\n\t\t\n\n<h3>Notes de fond<\/h3>\n<p>musc blanc<\/p>\n\t\t\n<style>\n#text-2728930094 {\n  line-height: 1;\n}\n<\/style>\n\t<\/div>\n\t\n\n\t\t<\/div>\n\t<\/div>\n\t\n\t\n\n\t\t<\/div>\n\t\t\t\t\t<\/div>\n\n\t\n\n\t<div id=\"col-1959301628\" class=\"col small-12 large-12\"  >\n\t\t\t\t<div class=\"col-inner text-center\"  >\n\t\t\t\n\t\t\t\n\n<p style=\"text-align: center;\"><span style=\"font-size: 120%;\"><em>D\u00e9couvrez tous les produits essence Voile de Lin<\/em><\/span><\/p>\n<a href=\"https:\/\/www.tendenzeshabbychic.it\/fr\/Etiquette-produit\/voile-de-lin-fr\/\" class=\"button white is-gloss box-shadow-3\" >\n\t\t<span>VOILE DE LIN<\/span>\n\t<\/a>\n\n\n\n\t\t<\/div>\n\t\t\t\t\t<\/div>\n\n\t\n\n<\/div>\n","protected":false},"featured_media":196079,"comment_status":"open","ping_status":"closed","template":"","meta":{"_joinchat":[]},"pwb-brand":[621],"product_brand":[],"product_cat":[1514,1515],"product_tag":[523,1752],"class_list":{"0":"post-197206","1":"product","2":"type-product","3":"status-publish","4":"has-post-thumbnail","6":"pwb-brand-mathilde-m","7":"product_cat-savons","8":"product_cat-parfumeurs","9":"product_tag-idea-regalo","10":"product_tag-voile-de-lin","12":"first","13":"instock","14":"taxable","15":"shipping-taxable","16":"purchasable","17":"product-type-simple"},"brands":[{"id":1562,"name":"Mathilde M.","slug":"mathilde-m-fr"}],"_links":{"self":[{"href":"https:\/\/www.tendenzeshabbychic.it\/fr\/wp-json\/wp\/v2\/product\/197206","targetHints":{"allow":["GET"]}}],"collection":[{"href":"https:\/\/www.tendenzeshabbychic.it\/fr\/wp-json\/wp\/v2\/product"}],"about":[{"href":"https:\/\/www.tendenzeshabbychic.it\/fr\/wp-json\/wp\/v2\/types\/product"}],"replies":[{"embeddable":true,"href":"https:\/\/www.tendenzeshabbychic.it\/fr\/wp-json\/wp\/v2\/comments?post=197206"}],"wp:featuredmedia":[{"embeddable":true,"href":"https:\/\/www.tendenzeshabbychic.it\/fr\/wp-json\/wp\/v2\/media\/196079"}],"wp:attachment":[{"href":"https:\/\/www.tendenzeshabbychic.it\/fr\/wp-json\/wp\/v2\/media?parent=197206"}],"wp:term":[{"taxonomy":"pwb-brand","embeddable":true,"href":"https:\/\/www.tendenzeshabbychic.it\/fr\/wp-json\/wp\/v2\/pwb-brand?post=197206"},{"taxonomy":"product_brand","embeddable":true,"href":"https:\/\/www.tendenzeshabbychic.it\/fr\/wp-json\/wp\/v2\/product_brand?post=197206"},{"taxonomy":"product_cat","embeddable":true,"href":"https:\/\/www.tendenzeshabbychic.it\/fr\/wp-json\/wp\/v2\/product_cat?post=197206"},{"taxonomy":"product_tag","embeddable":true,"href":"https:\/\/www.tendenzeshabbychic.it\/fr\/wp-json\/wp\/v2\/product_tag?post=197206"}],"curies":[{"name":"wp","href":"https:\/\/api.w.org\/{rel}","templated":true}]}}