{"id":197199,"date":"2025-08-01T08:19:30","date_gmt":"2025-08-01T07:19:30","guid":{"rendered":"https:\/\/www.tendenzeshabbychic.it\/prodotto\/savon-mathilde-m-vanille-doree-100g\/"},"modified":"2025-08-01T08:19:30","modified_gmt":"2025-08-01T07:19:30","slug":"savon-mathilde-m-vanille-doree-100g","status":"publish","type":"product","link":"https:\/\/www.tendenzeshabbychic.it\/fr\/produit\/savon-mathilde-m-vanille-doree-100g\/","title":{"rendered":"Savon Mathilde M. Vanille Dor\u00e9e 100g"},"content":{"rendered":"<p>Le savon parfum\u00e9 Vanille Dor\u00e9e de Mathilde M est une c\u00e9l\u00e9bration de l&rsquo;\u00e9l\u00e9gance et de la d\u00e9licatesse. Cr\u00e9\u00e9 dans un savant \u00e9quilibre d&rsquo;esth\u00e9tique et de fonctionnalit\u00e9, il offre un parfum enveloppant de vanille dor\u00e9e qui dorlote la peau et les sens. <\/p>\n<p>Sa surface est finement d\u00e9cor\u00e9e de motifs en relief et d&rsquo;un profil f\u00e9minin qui rappelle le style baroque fran\u00e7ais, ce qui lui conf\u00e8re une touche sophistiqu\u00e9e.<\/p>\n<p>Parfait pour \u00eatre expos\u00e9 dans la salle de bain, la chambre \u00e0 coucher ou dans un tiroir comme parfumeur de linge, le savon Vanille Dor\u00e9e allie le plaisir du soin personnel \u00e0 l&rsquo;art de la d\u00e9coration. Son emballage floral et romantique en fait \u00e9galement un choix \u00e9l\u00e9gant pour une pens\u00e9e parfum\u00e9e. <\/p>\n<ul>\n<li>Parfum enveloppant de vanille dor\u00e9e<\/li>\n<li>Emballage floral \u00e9l\u00e9gant avec graphisme vintage<\/li>\n<li>D\u00e9coration en relief avec cam\u00e9e f\u00e9minin<\/li>\n<li>Id\u00e9al \u00e9galement comme parfumeur pour les tiroirs et les armoires.<\/li>\n<li>Parfait comme id\u00e9e de cadeau raffin\u00e9<\/li>\n<\/ul>\n","protected":false},"excerpt":{"rendered":"<p>Une \u00e9l\u00e9gance intemporelle dans un petit chef-d&rsquo;\u0153uvre parfum\u00e9. Le savon Vanille Dor\u00e9e de Mathilde M est enferm\u00e9 dans un emballage floral raffin\u00e9 aux tons cr\u00e8me et poudr\u00e9s, d\u00e9cor\u00e9 de motifs de feuilles d&rsquo;or. <\/p>\n<p>Le pain de savon, finement estamp\u00e9 d&rsquo;une silhouette f\u00e9minine en forme de cam\u00e9e, est une authentique pi\u00e8ce de collection. Il est \u00e9galement id\u00e9al comme petit cadeau pr\u00e9cieux. <\/p>\n<p>\ud83d\udccf 5 x 8,2 x 2,8 cm<\/p>\n<div class=\"row row-solid\"  id=\"row-1107202052\">\n\n\n\t<div id=\"col-294469491\" class=\"col small-12 large-12\"  >\n\t\t\t\t<div class=\"col-inner\"  >\n\t\t\t\n\t\t\t\n\n\n\t\t<div class=\"icon-box featured-box icon-box-center text-center\"  >\n\t\t\t\t<div class=\"icon-box-text last-reset\">\n\t\t\t<h5 class=\"uppercase\">vanille Dor\u00e9e<\/h5>\t\t\t\t\t\t\n\n<p>Le d\u00e9licieux souvenir d'un macaron vanille, cette gourmandise raffin\u00e9e et d\u00e9licate dont Marie Antoinette \u00e9tait gourmande.<\/p>\n<p>Croustillant et dor\u00e9 en surface, ce parfum chaleureux r\u00e9v\u00e8le un accord floral d'orchid\u00e9e, rehauss\u00e9 par une exquise note sal\u00e9e qui \u00e9veille les sens. En son c\u0153ur, la cr\u00e8me vanille se m\u00eale \u00e0 la f\u00e8ve tonka fonc\u00e9e. <\/p>\n<p>Enfin, la d\u00e9gustation se termine sur une note ambr\u00e9e sensuelle.<\/p>\n<p>Intens\u00e9ment addictif, un parfum imagin\u00e9 comme une v\u00e9ritable invitation \u00e0 la gourmandise.<\/p>\n\n\t\t<\/div>\n\t<\/div>\n\t\n\t\n\n\t\t<\/div>\n\t\t\t\t\t<\/div>\n\n\t\n\n\t<div id=\"col-636222881\" class=\"col small-12 large-12\"  >\n\t\t\t\t<div class=\"col-inner\"  >\n\t\t\t\n\t\t\t\n\n\n\t\t<div class=\"icon-box featured-box icon-box-left text-left\"  >\n\t\t\t\t\t<div class=\"icon-box-img\" style=\"width: 60px\">\n\t\t\t\t<div class=\"icon\">\n\t\t\t\t\t<div class=\"icon-inner\" style=\"color:rgb(236, 234, 182);\">\n\t\t\t\t\t\t<?xml version=\"1.0\" encoding=\"utf-8\"?><!-- Uploaded to: SVG Repo, www.svgrepo.com, Generator: SVG Repo Mixer Tools -->\r\n<svg fill=\"#000000\" width=\"800px\" height=\"800px\" viewBox=\"0 0 32 32\" xmlns=\"http:\/\/www.w3.org\/2000\/svg\">\r\n    <circle cx=\"16\" cy=\"16\" r=\"16\"\/>\r\n<\/svg>\t\t\t\t\t<\/div>\n\t\t\t\t<\/div>\n\t\t\t<\/div>\n\t\t\t\t<div class=\"icon-box-text last-reset\">\n\t\t\t\t\t\t\t\t\t\n\n\t<div id=\"text-2936683093\" class=\"text\">\n\t\t\n\n<h3>Notes de t\u00eate<\/h3>\n<p>Jasmin et Orchid\u00e9e<\/p>\n\t\t\n<style>\n#text-2936683093 {\n  line-height: 1;\n}\n<\/style>\n\t<\/div>\n\t\n\n\t\t<\/div>\n\t<\/div>\n\t\n\t\n\n\t\t<div class=\"icon-box featured-box icon-box-left text-left\"  >\n\t\t\t\t\t<div class=\"icon-box-img\" style=\"width: 60px\">\n\t\t\t\t<div class=\"icon\">\n\t\t\t\t\t<div class=\"icon-inner\" style=\"color:rgb(236, 234, 182);\">\n\t\t\t\t\t\t<?xml version=\"1.0\" encoding=\"utf-8\"?><!-- Uploaded to: SVG Repo, www.svgrepo.com, Generator: SVG Repo Mixer Tools -->\r\n<svg width=\"800px\" height=\"800px\" viewBox=\"0 0 24 24\" fill=\"none\" xmlns=\"http:\/\/www.w3.org\/2000\/svg\">\r\n<path d=\"M2 9.1371C2 14 6.01943 16.5914 8.96173 18.9109C10 19.7294 11 20.5 12 20.5C13 20.5 14 19.7294 15.0383 18.9109C17.9806 16.5914 22 14 22 9.1371C22 4.27416 16.4998 0.825464 12 5.50063C7.50016 0.825464 2 4.27416 2 9.1371Z\" fill=\"#1C274C\"\/>\r\n<\/svg>\t\t\t\t\t<\/div>\n\t\t\t\t<\/div>\n\t\t\t<\/div>\n\t\t\t\t<div class=\"icon-box-text last-reset\">\n\t\t\t\t\t\t\t\t\t\n\n\t<div id=\"text-2980519106\" class=\"text\">\n\t\t\n\n<h3>Notes de coeur<\/h3>\n<p>Vanille et f\u00e8ve Tonka<\/p>\n\t\t\n<style>\n#text-2980519106 {\n  line-height: 1;\n}\n<\/style>\n\t<\/div>\n\t\n\n\t\t<\/div>\n\t<\/div>\n\t\n\t\n\n\t\t<div class=\"icon-box featured-box icon-box-left text-left\"  >\n\t\t\t\t\t<div class=\"icon-box-img\" style=\"width: 60px\">\n\t\t\t\t<div class=\"icon\">\n\t\t\t\t\t<div class=\"icon-inner\" style=\"color:rgb(236, 234, 182);\">\n\t\t\t\t\t\t<?xml version=\"1.0\" encoding=\"UTF-8\" standalone=\"no\"?>\r\n<!-- Uploaded to: SVG Repo, www.svgrepo.com, Generator: SVG Repo Mixer Tools -->\r\n<svg width=\"800px\" height=\"800px\" viewBox=\"0 -12 32 32\" version=\"1.1\" xmlns=\"http:\/\/www.w3.org\/2000\/svg\" xmlns:xlink=\"http:\/\/www.w3.org\/1999\/xlink\" xmlns:sketch=\"http:\/\/www.bohemiancoding.com\/sketch\/ns\">\r\n    \r\n    <title>minus<\/title>\r\n    <desc>Created with Sketch Beta.<\/desc>\r\n    <defs>\r\n\r\n<\/defs>\r\n    <g id=\"Page-1\" stroke=\"none\" stroke-width=\"1\" fill=\"none\" fill-rule=\"evenodd\" sketch:type=\"MSPage\">\r\n        <g id=\"Icon-Set-Filled\" sketch:type=\"MSLayerGroup\" transform=\"translate(-414.000000, -1049.000000)\" fill=\"#000000\">\r\n            <path d=\"M442,1049 L418,1049 C415.791,1049 414,1050.79 414,1053 C414,1055.21 415.791,1057 418,1057 L442,1057 C444.209,1057 446,1055.21 446,1053 C446,1050.79 444.209,1049 442,1049\" id=\"minus\" sketch:type=\"MSShapeGroup\">\r\n\r\n<\/path>\r\n        <\/g>\r\n    <\/g>\r\n<\/svg>\t\t\t\t\t<\/div>\n\t\t\t\t<\/div>\n\t\t\t<\/div>\n\t\t\t\t<div class=\"icon-box-text last-reset\">\n\t\t\t\t\t\t\t\t\t\n\n\t<div id=\"text-3680346026\" class=\"text\">\n\t\t\n\n<h3>Notes de fond<\/h3>\n<p>Ambre et musc blanc<\/p>\n\t\t\n<style>\n#text-3680346026 {\n  line-height: 1;\n}\n<\/style>\n\t<\/div>\n\t\n\n\t\t<\/div>\n\t<\/div>\n\t\n\t\n\n\t\t<\/div>\n\t\t\t\t\t<\/div>\n\n\t\n\n\t<div id=\"col-724618448\" class=\"col small-12 large-12\"  >\n\t\t\t\t<div class=\"col-inner text-center\"  >\n\t\t\t\n\t\t\t\n\n<p style=\"text-align: center;\"><span style=\"font-size: 120%;\"><em>D\u00e9couvrez tous les produits essence Vanille Dor\u00e9e<\/em><\/span><\/p>\n<a href=\"https:\/\/www.tendenzeshabbychic.it\/fr\/Etiquette-produit\/vanille-doree-fr\/\" class=\"button white is-gloss box-shadow-2\" >\n\t\t<span>VANILLES DOR\u00c9ES<\/span>\n\t<\/a>\n\n\n\n\t\t<\/div>\n\t\t\t\t\t<\/div>\n\n\t\n\n<\/div>\n","protected":false},"featured_media":196066,"comment_status":"open","ping_status":"closed","template":"","meta":{"_joinchat":[]},"pwb-brand":[621],"product_brand":[],"product_cat":[1514,1515],"product_tag":[523,3049],"class_list":{"0":"post-197199","1":"product","2":"type-product","3":"status-publish","4":"has-post-thumbnail","6":"pwb-brand-mathilde-m","7":"product_cat-savons","8":"product_cat-parfumeurs","9":"product_tag-idea-regalo","10":"product_tag-vanille-doree","12":"first","13":"instock","14":"taxable","15":"shipping-taxable","16":"purchasable","17":"product-type-simple"},"brands":[{"id":1562,"name":"Mathilde M.","slug":"mathilde-m-fr"}],"_links":{"self":[{"href":"https:\/\/www.tendenzeshabbychic.it\/fr\/wp-json\/wp\/v2\/product\/197199","targetHints":{"allow":["GET"]}}],"collection":[{"href":"https:\/\/www.tendenzeshabbychic.it\/fr\/wp-json\/wp\/v2\/product"}],"about":[{"href":"https:\/\/www.tendenzeshabbychic.it\/fr\/wp-json\/wp\/v2\/types\/product"}],"replies":[{"embeddable":true,"href":"https:\/\/www.tendenzeshabbychic.it\/fr\/wp-json\/wp\/v2\/comments?post=197199"}],"wp:featuredmedia":[{"embeddable":true,"href":"https:\/\/www.tendenzeshabbychic.it\/fr\/wp-json\/wp\/v2\/media\/196066"}],"wp:attachment":[{"href":"https:\/\/www.tendenzeshabbychic.it\/fr\/wp-json\/wp\/v2\/media?parent=197199"}],"wp:term":[{"taxonomy":"pwb-brand","embeddable":true,"href":"https:\/\/www.tendenzeshabbychic.it\/fr\/wp-json\/wp\/v2\/pwb-brand?post=197199"},{"taxonomy":"product_brand","embeddable":true,"href":"https:\/\/www.tendenzeshabbychic.it\/fr\/wp-json\/wp\/v2\/product_brand?post=197199"},{"taxonomy":"product_cat","embeddable":true,"href":"https:\/\/www.tendenzeshabbychic.it\/fr\/wp-json\/wp\/v2\/product_cat?post=197199"},{"taxonomy":"product_tag","embeddable":true,"href":"https:\/\/www.tendenzeshabbychic.it\/fr\/wp-json\/wp\/v2\/product_tag?post=197199"}],"curies":[{"name":"wp","href":"https:\/\/api.w.org\/{rel}","templated":true}]}}