{"id":197187,"date":"2025-08-01T10:15:19","date_gmt":"2025-08-01T09:15:19","guid":{"rendered":"https:\/\/www.tendenzeshabbychic.it\/prodotto\/mathilde-m-lot-de-3-anges-en-verre-suspendus-h8-3-cm\/"},"modified":"2026-01-19T13:16:12","modified_gmt":"2026-01-19T12:16:12","slug":"mathilde-m-lot-de-3-anges-en-verre-suspendus-h8-3-cm","status":"publish","type":"product","link":"https:\/\/www.tendenzeshabbychic.it\/fr\/produit\/mathilde-m-lot-de-3-anges-en-verre-suspendus-h8-3-cm\/","title":{"rendered":"Mathilde M Lot de 3 anges en verre suspendus H8.3 cm"},"content":{"rendered":"<p>L&rsquo;<em>ensemble de 3 anges en verre suspendus<\/em> de Mathilde M est un ajout \u00e9l\u00e9gant et lumineux \u00e0 votre arbre de No\u00ebl ou \u00e0 vos d\u00e9corations festives. Chaque ange est en verre transparent taill\u00e9 en forme de goutte ou de losange, avec des ailes et des d\u00e9tails finis \u00e0 la main, agr\u00e9ment\u00e9s d&rsquo;une touche dor\u00e9e sur les ailes, l&rsquo;aur\u00e9ole et le c\u0153ur central en relief. <\/p>\n<p>Les formes sont diff\u00e9rentes pour chaque sujet, ce qui conf\u00e8re un caract\u00e8re unique et dynamique \u00e0 l&rsquo;ensemble. Les trois anges sont munis de rubans ivoire pour \u00eatre facilement accroch\u00e9s \u00e0 des branches, des poign\u00e9es, des guirlandes ou des arrangements de No\u00ebl. <\/p>\n<p>Parfaites comme id\u00e9es de cadeaux ou comme d\u00e9corations d&rsquo;une \u00e9l\u00e9gance intemporelle, elles apporteront une touche de lumi\u00e8re et de spiritualit\u00e9 \u00e0 n&rsquo;importe quelle pi\u00e8ce.<\/p>\n<ul>\n<li>Verre transparent avec d\u00e9tails artisanaux et dor\u00e9s<\/li>\n<li>Trois anges de formes diff\u00e9rentes pour un effet d\u00e9coratif dynamique<\/li>\n<li>\u00c9quip\u00e9 d&rsquo;un ruban cr\u00e8me pour une suspension facile<\/li>\n<li>El\u00e9gant et l\u00e9ger, parfait pour tout style de No\u00ebl<\/li>\n<li>Id\u00e9al comme cadeau ou comme support raffin\u00e9<\/li>\n<\/ul>\n","protected":false},"excerpt":{"rendered":"<p>Trio d&rsquo;anges de No\u00ebl d\u00e9licats en verre transparent avec des garnitures dor\u00e9es et des d\u00e9tails faits \u00e0 la main. Chaque ange a une forme diff\u00e9rente et un ruban en tissu pour le suspendre. <\/p>\n<p>\ud83d\udccf 5 x 2,4 x H 8,3 cm<\/p>\n","protected":false},"featured_media":196014,"comment_status":"open","ping_status":"closed","template":"","meta":{"_joinchat":[]},"pwb-brand":[621],"product_brand":[],"product_cat":[1503,1457,1505],"product_tag":[272,523],"class_list":{"0":"post-197187","1":"product","2":"type-product","3":"status-publish","4":"has-post-thumbnail","6":"pwb-brand-mathilde-m","7":"product_cat-noel","8":"product_cat-faveurs","9":"product_cat-objets","10":"product_tag-angeli","11":"product_tag-idea-regalo","13":"first","14":"outofstock","15":"sale","16":"taxable","17":"shipping-taxable","18":"purchasable","19":"product-type-simple"},"brands":[{"id":1562,"name":"Mathilde M.","slug":"mathilde-m-fr"}],"_links":{"self":[{"href":"https:\/\/www.tendenzeshabbychic.it\/fr\/wp-json\/wp\/v2\/product\/197187","targetHints":{"allow":["GET"]}}],"collection":[{"href":"https:\/\/www.tendenzeshabbychic.it\/fr\/wp-json\/wp\/v2\/product"}],"about":[{"href":"https:\/\/www.tendenzeshabbychic.it\/fr\/wp-json\/wp\/v2\/types\/product"}],"replies":[{"embeddable":true,"href":"https:\/\/www.tendenzeshabbychic.it\/fr\/wp-json\/wp\/v2\/comments?post=197187"}],"wp:featuredmedia":[{"embeddable":true,"href":"https:\/\/www.tendenzeshabbychic.it\/fr\/wp-json\/wp\/v2\/media\/196014"}],"wp:attachment":[{"href":"https:\/\/www.tendenzeshabbychic.it\/fr\/wp-json\/wp\/v2\/media?parent=197187"}],"wp:term":[{"taxonomy":"pwb-brand","embeddable":true,"href":"https:\/\/www.tendenzeshabbychic.it\/fr\/wp-json\/wp\/v2\/pwb-brand?post=197187"},{"taxonomy":"product_brand","embeddable":true,"href":"https:\/\/www.tendenzeshabbychic.it\/fr\/wp-json\/wp\/v2\/product_brand?post=197187"},{"taxonomy":"product_cat","embeddable":true,"href":"https:\/\/www.tendenzeshabbychic.it\/fr\/wp-json\/wp\/v2\/product_cat?post=197187"},{"taxonomy":"product_tag","embeddable":true,"href":"https:\/\/www.tendenzeshabbychic.it\/fr\/wp-json\/wp\/v2\/product_tag?post=197187"}],"curies":[{"name":"wp","href":"https:\/\/api.w.org\/{rel}","templated":true}]}}