{"id":197168,"date":"2025-08-01T10:00:58","date_gmt":"2025-08-01T09:00:58","guid":{"rendered":"https:\/\/www.tendenzeshabbychic.it\/prodotto\/coffret-mathilde-m-craies-parfumees-vanille-doree\/"},"modified":"2025-08-01T10:00:58","modified_gmt":"2025-08-01T09:00:58","slug":"coffret-mathilde-m-craies-parfumees-vanille-doree","status":"publish","type":"product","link":"https:\/\/www.tendenzeshabbychic.it\/fr\/produit\/coffret-mathilde-m-craies-parfumees-vanille-doree\/","title":{"rendered":"Coffret Mathilde M Craies parfum\u00e9es Vanille Dor\u00e9e"},"content":{"rendered":"<p>Laissez-vous envelopper par la douce \u00e9l\u00e9gance du coffret parfum\u00e9 <em>Vanille Dor\u00e9e<\/em> de Mathilde M. Ce pr\u00e9cieux coffret rond est d\u00e9cor\u00e9 de jolis rameaux et de petites fleurs rose pastel sur fond ivoire, renfermant \u00e0 l&rsquo;int\u00e9rieur 5 d\u00e9cors raffin\u00e9s en pl\u00e2tre parfum\u00e9. Chaque sujet &#8211; plume, fleur, ailes d&rsquo;ange et bonbon &#8211; est travaill\u00e9 avec minutie et accompagn\u00e9 d&rsquo;un n\u0153ud en gros-grain taupe qui apporte une touche romantique et sophistiqu\u00e9e. <\/p>\n<p>Le parfum <em>Vanille Dor\u00e9e<\/em> s&rsquo;inspire du d\u00e9licieux souvenir d&rsquo;un macaron \u00e0 la vanille : croquant, cr\u00e9meux et enveloppant. Les notes d&rsquo;orchid\u00e9e se m\u00ealent \u00e0 la f\u00e8ve tonka et \u00e0 la vanille, tandis qu&rsquo;une touche sal\u00e9e et l&rsquo;ambre intensifient le charme. <\/p>\n<p>Parfaites pour parfumer les petites pi\u00e8ces, les tiroirs ou les armoires, ces d\u00e9corations constituent \u00e9galement une id\u00e9e de cadeau charmante et sophistiqu\u00e9e.<\/p>\n<ul>\n<li>5 \u00e9l\u00e9gants sujets d\u00e9coratifs parfum\u00e9s en pl\u00e2tre<\/li>\n<li>Parfum gourmand et enveloppant \u00e0 la vanille, \u00e0 la f\u00e8ve tonka et \u00e0 l&rsquo;ambre.<\/li>\n<li>Des n\u0153uds en tissu taupe pour une touche raffin\u00e9e<\/li>\n<li>Bo\u00eete florale au design romantique<\/li>\n<li>Id\u00e9al pour parfumer les armoires, les tiroirs ou les petites pi\u00e8ces<\/li>\n<\/ul>\n","protected":false},"excerpt":{"rendered":"<p>Bo\u00eete ronde raffin\u00e9e, d\u00e9cor\u00e9e d&rsquo;un d\u00e9licat motif floral dans les tons rose pastel, contenant 5 d\u00e9cors parfum\u00e9s en pl\u00e2tre, chacun agr\u00e9ment\u00e9 d&rsquo;un n\u0153ud taupe. Les d\u00e9cors, aux formes florales, plumeuses et gourmandes, lib\u00e8rent le parfum Vanille Dor\u00e9e : une essence chaude et enveloppante inspir\u00e9e de la douceur d&rsquo;un macaron \u00e0 la vanille. <\/p>\n<p>\u00d8 13,5 x H 8 cm env.<\/p>\n<div class=\"row row-solid\"  id=\"row-1678585233\">\n\n\n\t<div id=\"col-222493807\" class=\"col small-12 large-12\"  >\n\t\t\t\t<div class=\"col-inner\"  >\n\t\t\t\n\t\t\t\n\n\n\t\t<div class=\"icon-box featured-box icon-box-center text-center\"  >\n\t\t\t\t<div class=\"icon-box-text last-reset\">\n\t\t\t<h5 class=\"uppercase\">vanille Dor\u00e9e<\/h5>\t\t\t\t\t\t\n\n<p>Le d\u00e9licieux souvenir d'un macaron vanille, cette gourmandise raffin\u00e9e et d\u00e9licate dont Marie Antoinette \u00e9tait gourmande.<\/p>\n<p>Croustillant et dor\u00e9 en surface, ce parfum chaleureux r\u00e9v\u00e8le un accord floral d'orchid\u00e9e, rehauss\u00e9 par une exquise note sal\u00e9e qui \u00e9veille les sens. En son c\u0153ur, la cr\u00e8me vanille se m\u00eale \u00e0 la f\u00e8ve tonka fonc\u00e9e. <\/p>\n<p>Enfin, la d\u00e9gustation se termine sur une note ambr\u00e9e sensuelle.<\/p>\n<p>Intens\u00e9ment addictif, un parfum imagin\u00e9 comme une v\u00e9ritable invitation \u00e0 la gourmandise.<\/p>\n\n\t\t<\/div>\n\t<\/div>\n\t\n\t\n\n\t\t<\/div>\n\t\t\t\t\t<\/div>\n\n\t\n\n\t<div id=\"col-1784261660\" class=\"col small-12 large-12\"  >\n\t\t\t\t<div class=\"col-inner\"  >\n\t\t\t\n\t\t\t\n\n\n\t\t<div class=\"icon-box featured-box icon-box-left text-left\"  >\n\t\t\t\t\t<div class=\"icon-box-img\" style=\"width: 60px\">\n\t\t\t\t<div class=\"icon\">\n\t\t\t\t\t<div class=\"icon-inner\" style=\"color:rgb(236, 234, 182);\">\n\t\t\t\t\t\t<?xml version=\"1.0\" encoding=\"utf-8\"?><!-- Uploaded to: SVG Repo, www.svgrepo.com, Generator: SVG Repo Mixer Tools -->\r\n<svg fill=\"#000000\" width=\"800px\" height=\"800px\" viewBox=\"0 0 32 32\" xmlns=\"http:\/\/www.w3.org\/2000\/svg\">\r\n    <circle cx=\"16\" cy=\"16\" r=\"16\"\/>\r\n<\/svg>\t\t\t\t\t<\/div>\n\t\t\t\t<\/div>\n\t\t\t<\/div>\n\t\t\t\t<div class=\"icon-box-text last-reset\">\n\t\t\t\t\t\t\t\t\t\n\n\t<div id=\"text-814754142\" class=\"text\">\n\t\t\n\n<h3>Notes de t\u00eate<\/h3>\n<p>Jasmin et Orchid\u00e9e<\/p>\n\t\t\n<style>\n#text-814754142 {\n  line-height: 1;\n}\n<\/style>\n\t<\/div>\n\t\n\n\t\t<\/div>\n\t<\/div>\n\t\n\t\n\n\t\t<div class=\"icon-box featured-box icon-box-left text-left\"  >\n\t\t\t\t\t<div class=\"icon-box-img\" style=\"width: 60px\">\n\t\t\t\t<div class=\"icon\">\n\t\t\t\t\t<div class=\"icon-inner\" style=\"color:rgb(236, 234, 182);\">\n\t\t\t\t\t\t<?xml version=\"1.0\" encoding=\"utf-8\"?><!-- Uploaded to: SVG Repo, www.svgrepo.com, Generator: SVG Repo Mixer Tools -->\r\n<svg width=\"800px\" height=\"800px\" viewBox=\"0 0 24 24\" fill=\"none\" xmlns=\"http:\/\/www.w3.org\/2000\/svg\">\r\n<path d=\"M2 9.1371C2 14 6.01943 16.5914 8.96173 18.9109C10 19.7294 11 20.5 12 20.5C13 20.5 14 19.7294 15.0383 18.9109C17.9806 16.5914 22 14 22 9.1371C22 4.27416 16.4998 0.825464 12 5.50063C7.50016 0.825464 2 4.27416 2 9.1371Z\" fill=\"#1C274C\"\/>\r\n<\/svg>\t\t\t\t\t<\/div>\n\t\t\t\t<\/div>\n\t\t\t<\/div>\n\t\t\t\t<div class=\"icon-box-text last-reset\">\n\t\t\t\t\t\t\t\t\t\n\n\t<div id=\"text-3701652018\" class=\"text\">\n\t\t\n\n<h3>Notes de coeur<\/h3>\n<p>Vanille et f\u00e8ve Tonka<\/p>\n\t\t\n<style>\n#text-3701652018 {\n  line-height: 1;\n}\n<\/style>\n\t<\/div>\n\t\n\n\t\t<\/div>\n\t<\/div>\n\t\n\t\n\n\t\t<div class=\"icon-box featured-box icon-box-left text-left\"  >\n\t\t\t\t\t<div class=\"icon-box-img\" style=\"width: 60px\">\n\t\t\t\t<div class=\"icon\">\n\t\t\t\t\t<div class=\"icon-inner\" style=\"color:rgb(236, 234, 182);\">\n\t\t\t\t\t\t<?xml version=\"1.0\" encoding=\"UTF-8\" standalone=\"no\"?>\r\n<!-- Uploaded to: SVG Repo, www.svgrepo.com, Generator: SVG Repo Mixer Tools -->\r\n<svg width=\"800px\" height=\"800px\" viewBox=\"0 -12 32 32\" version=\"1.1\" xmlns=\"http:\/\/www.w3.org\/2000\/svg\" xmlns:xlink=\"http:\/\/www.w3.org\/1999\/xlink\" xmlns:sketch=\"http:\/\/www.bohemiancoding.com\/sketch\/ns\">\r\n    \r\n    <title>minus<\/title>\r\n    <desc>Created with Sketch Beta.<\/desc>\r\n    <defs>\r\n\r\n<\/defs>\r\n    <g id=\"Page-1\" stroke=\"none\" stroke-width=\"1\" fill=\"none\" fill-rule=\"evenodd\" sketch:type=\"MSPage\">\r\n        <g id=\"Icon-Set-Filled\" sketch:type=\"MSLayerGroup\" transform=\"translate(-414.000000, -1049.000000)\" fill=\"#000000\">\r\n            <path d=\"M442,1049 L418,1049 C415.791,1049 414,1050.79 414,1053 C414,1055.21 415.791,1057 418,1057 L442,1057 C444.209,1057 446,1055.21 446,1053 C446,1050.79 444.209,1049 442,1049\" id=\"minus\" sketch:type=\"MSShapeGroup\">\r\n\r\n<\/path>\r\n        <\/g>\r\n    <\/g>\r\n<\/svg>\t\t\t\t\t<\/div>\n\t\t\t\t<\/div>\n\t\t\t<\/div>\n\t\t\t\t<div class=\"icon-box-text last-reset\">\n\t\t\t\t\t\t\t\t\t\n\n\t<div id=\"text-2112272065\" class=\"text\">\n\t\t\n\n<h3>Notes de fond<\/h3>\n<p>Ambre et musc blanc<\/p>\n\t\t\n<style>\n#text-2112272065 {\n  line-height: 1;\n}\n<\/style>\n\t<\/div>\n\t\n\n\t\t<\/div>\n\t<\/div>\n\t\n\t\n\n\t\t<\/div>\n\t\t\t\t\t<\/div>\n\n\t\n\n\t<div id=\"col-946765008\" class=\"col small-12 large-12\"  >\n\t\t\t\t<div class=\"col-inner text-center\"  >\n\t\t\t\n\t\t\t\n\n<p style=\"text-align: center;\"><span style=\"font-size: 120%;\"><em>D\u00e9couvrez tous les produits essence Vanille Dor\u00e9e<\/em><\/span><\/p>\n<a href=\"https:\/\/www.tendenzeshabbychic.it\/fr\/Etiquette-produit\/vanille-doree-fr\/\" class=\"button white is-gloss box-shadow-2\" >\n\t\t<span>VANILLES DOR\u00c9ES<\/span>\n\t<\/a>\n\n\n\n\t\t<\/div>\n\t\t\t\t\t<\/div>\n\n\t\n\n<\/div>\n","protected":false},"featured_media":195950,"comment_status":"open","ping_status":"closed","template":"","meta":{"_joinchat":[]},"pwb-brand":[621],"product_brand":[],"product_cat":[1521,1515],"product_tag":[523,3049],"class_list":{"0":"post-197168","1":"product","2":"type-product","3":"status-publish","4":"has-post-thumbnail","6":"pwb-brand-mathilde-m","7":"product_cat-craies-parfumees","8":"product_cat-parfumeurs","9":"product_tag-idea-regalo","10":"product_tag-vanille-doree","12":"first","13":"instock","14":"taxable","15":"shipping-taxable","16":"purchasable","17":"product-type-simple"},"brands":[{"id":1562,"name":"Mathilde M.","slug":"mathilde-m-fr"}],"_links":{"self":[{"href":"https:\/\/www.tendenzeshabbychic.it\/fr\/wp-json\/wp\/v2\/product\/197168","targetHints":{"allow":["GET"]}}],"collection":[{"href":"https:\/\/www.tendenzeshabbychic.it\/fr\/wp-json\/wp\/v2\/product"}],"about":[{"href":"https:\/\/www.tendenzeshabbychic.it\/fr\/wp-json\/wp\/v2\/types\/product"}],"replies":[{"embeddable":true,"href":"https:\/\/www.tendenzeshabbychic.it\/fr\/wp-json\/wp\/v2\/comments?post=197168"}],"wp:featuredmedia":[{"embeddable":true,"href":"https:\/\/www.tendenzeshabbychic.it\/fr\/wp-json\/wp\/v2\/media\/195950"}],"wp:attachment":[{"href":"https:\/\/www.tendenzeshabbychic.it\/fr\/wp-json\/wp\/v2\/media?parent=197168"}],"wp:term":[{"taxonomy":"pwb-brand","embeddable":true,"href":"https:\/\/www.tendenzeshabbychic.it\/fr\/wp-json\/wp\/v2\/pwb-brand?post=197168"},{"taxonomy":"product_brand","embeddable":true,"href":"https:\/\/www.tendenzeshabbychic.it\/fr\/wp-json\/wp\/v2\/product_brand?post=197168"},{"taxonomy":"product_cat","embeddable":true,"href":"https:\/\/www.tendenzeshabbychic.it\/fr\/wp-json\/wp\/v2\/product_cat?post=197168"},{"taxonomy":"product_tag","embeddable":true,"href":"https:\/\/www.tendenzeshabbychic.it\/fr\/wp-json\/wp\/v2\/product_tag?post=197168"}],"curies":[{"name":"wp","href":"https:\/\/api.w.org\/{rel}","templated":true}]}}