{"id":197164,"date":"2025-08-01T10:00:51","date_gmt":"2025-08-01T09:00:51","guid":{"rendered":"https:\/\/www.tendenzeshabbychic.it\/prodotto\/mathilde-m-belle-lavande-set-de-platres-parfumes\/"},"modified":"2025-08-01T10:00:51","modified_gmt":"2025-08-01T09:00:51","slug":"mathilde-m-belle-lavande-set-de-platres-parfumes","status":"publish","type":"product","link":"https:\/\/www.tendenzeshabbychic.it\/fr\/produit\/mathilde-m-belle-lavande-set-de-platres-parfumes\/","title":{"rendered":"Mathilde M. Belle Lavande Set de pl\u00e2tres parfum\u00e9s"},"content":{"rendered":"<p>Le coffret parfum\u00e9 Belle Lavande de Mathilde M est une \u00e9l\u00e9gante proposition d\u00e9corative et olfactive pour la maison. A l&rsquo;int\u00e9rieur, cinq d\u00e9cors raffin\u00e9s en pl\u00e2tre blanc avec ruban lilas diffusent un parfum frais et relaxant de lavande, d&rsquo;amande et de bois. <\/p>\n<p>Chaque d\u00e9coration a une forme unique et raffin\u00e9e : un c\u0153ur sculpt\u00e9, une rose en relief, une cage, un bouquet de lavande et des ailes d&rsquo;ange finement sculpt\u00e9es. Le contenant, en carton rigide, est d\u00e9cor\u00e9 de rayures et de ramages dans les tons cr\u00e8me et lavande, et est \u00e9galement parfait pour la pr\u00e9sentation. Id\u00e9al pour les armoires, les tiroirs ou comme id\u00e9e de cadeau raffin\u00e9 et romantique.  <\/p>\n<ul>\n<li>5 d\u00e9corations \u00e0 la craie avec des motifs uniques et d\u00e9taill\u00e9s<\/li>\n<li>Parfum enveloppant Belle Lavande<\/li>\n<li>N\u0153uds en tissu gros grain lilas pour une touche de f\u00e9minit\u00e9<\/li>\n<li>Bo\u00eete d\u00e9corative r\u00e9utilisable<\/li>\n<li>Id\u00e9al pour les pi\u00e8ces, les armoires et les tiroirs<\/li>\n<\/ul>\n","protected":false},"excerpt":{"rendered":"<p>D\u00e9licate bo\u00eete ronde d\u00e9cor\u00e9e d&rsquo;un motif floral dans les tons lavande et cr\u00e8me, contenant 5 \u00e9l\u00e9gantes d\u00e9corations parfum\u00e9es en pl\u00e2tre avec un ruban en tissu lilas. Les d\u00e9tails grav\u00e9s repr\u00e9sentent des fleurs, des c\u0153urs, des cages et des ailes d&rsquo;ange, avec une finition mate et une texture raffin\u00e9e. Senteur Belle Lavande.  <\/p>\n<p>\u00d8 13,5 x H 8,5 cm<\/p>\n<div class=\"row row-solid\"  id=\"row-349641528\">\n\n\n\t<div id=\"col-1071278586\" class=\"col small-12 large-12\"  >\n\t\t\t\t<div class=\"col-inner\"  >\n\t\t\t\n\t\t\t\n\n\n\t<a class=\"plain\" href=\"https:\/\/www.tendenzeshabbychic.it\/fr\/Etiquette-produit\/belle-lavande-fr\/\" >\t<div class=\"icon-box featured-box icon-box-center text-center\"  >\n\t\t\t\t<div class=\"icon-box-text last-reset\">\n\t\t\t<h5 class=\"uppercase\">Belle lavande<\/h5>\t\t\t\t\t\t\n\n<p>D\u00e9licate et sensuelle, Belle Lavande enveloppe la maison de douceur. Envo\u00fbtant avec des fleurs de lavande et de d\u00e9licieuses notes d'amande rehauss\u00e9es par le patchouli<br>\net bois de santal dans un beau mariage floral-bois\u00e9.<\/p>\n\n\t\t<\/div>\n\t<\/div>\n\t<\/a>\n\t\n\n\t\t<\/div>\n\t\t\t\t\t<\/div>\n\n\t\n\n\t<div id=\"col-1446467184\" class=\"col small-12 large-12\"  >\n\t\t\t\t<div class=\"col-inner\"  >\n\t\t\t\n\t\t\t\n\n\n\t\t<div class=\"icon-box featured-box icon-box-left text-left\"  >\n\t\t\t\t\t<div class=\"icon-box-img\" style=\"width: 60px\">\n\t\t\t\t<div class=\"icon\">\n\t\t\t\t\t<div class=\"icon-inner\" style=\"color:rgb(173, 218, 242);\">\n\t\t\t\t\t\t<?xml version=\"1.0\" encoding=\"utf-8\"?><!-- Uploaded to: SVG Repo, www.svgrepo.com, Generator: SVG Repo Mixer Tools -->\r\n<svg fill=\"#000000\" width=\"800px\" height=\"800px\" viewBox=\"0 0 32 32\" xmlns=\"http:\/\/www.w3.org\/2000\/svg\">\r\n    <circle cx=\"16\" cy=\"16\" r=\"16\"\/>\r\n<\/svg>\t\t\t\t\t<\/div>\n\t\t\t\t<\/div>\n\t\t\t<\/div>\n\t\t\t\t<div class=\"icon-box-text last-reset\">\n\t\t\t\t\t\t\t\t\t\n\n\t<div id=\"text-4180003999\" class=\"text\">\n\t\t\n\n<h3>Notes de t\u00eate<\/h3>\n<p>Jasmin<\/p>\n\t\t\n<style>\n#text-4180003999 {\n  line-height: 1;\n}\n<\/style>\n\t<\/div>\n\t\n\n\t\t<\/div>\n\t<\/div>\n\t\n\t\n\n\t\t<div class=\"icon-box featured-box icon-box-left text-left\"  >\n\t\t\t\t\t<div class=\"icon-box-img\" style=\"width: 60px\">\n\t\t\t\t<div class=\"icon\">\n\t\t\t\t\t<div class=\"icon-inner\" style=\"color:#addaf2;\">\n\t\t\t\t\t\t<?xml version=\"1.0\" encoding=\"utf-8\"?><!-- Uploaded to: SVG Repo, www.svgrepo.com, Generator: SVG Repo Mixer Tools -->\r\n<svg width=\"800px\" height=\"800px\" viewBox=\"0 0 24 24\" fill=\"none\" xmlns=\"http:\/\/www.w3.org\/2000\/svg\">\r\n<path d=\"M2 9.1371C2 14 6.01943 16.5914 8.96173 18.9109C10 19.7294 11 20.5 12 20.5C13 20.5 14 19.7294 15.0383 18.9109C17.9806 16.5914 22 14 22 9.1371C22 4.27416 16.4998 0.825464 12 5.50063C7.50016 0.825464 2 4.27416 2 9.1371Z\" fill=\"#1C274C\"\/>\r\n<\/svg>\t\t\t\t\t<\/div>\n\t\t\t\t<\/div>\n\t\t\t<\/div>\n\t\t\t\t<div class=\"icon-box-text last-reset\">\n\t\t\t\t\t\t\t\t\t\n\n\t<div id=\"text-1422861800\" class=\"text\">\n\t\t\n\n<h3>Notes de coeur<\/h3>\n<p>Lavande et Amande<\/p>\n\t\t\n<style>\n#text-1422861800 {\n  line-height: 1;\n}\n<\/style>\n\t<\/div>\n\t\n\n\t\t<\/div>\n\t<\/div>\n\t\n\t\n\n\t\t<div class=\"icon-box featured-box icon-box-left text-left\"  >\n\t\t\t\t\t<div class=\"icon-box-img\" style=\"width: 60px\">\n\t\t\t\t<div class=\"icon\">\n\t\t\t\t\t<div class=\"icon-inner\" style=\"color:#addaf2;\">\n\t\t\t\t\t\t<?xml version=\"1.0\" encoding=\"UTF-8\" standalone=\"no\"?>\r\n<!-- Uploaded to: SVG Repo, www.svgrepo.com, Generator: SVG Repo Mixer Tools -->\r\n<svg width=\"800px\" height=\"800px\" viewBox=\"0 -12 32 32\" version=\"1.1\" xmlns=\"http:\/\/www.w3.org\/2000\/svg\" xmlns:xlink=\"http:\/\/www.w3.org\/1999\/xlink\" xmlns:sketch=\"http:\/\/www.bohemiancoding.com\/sketch\/ns\">\r\n    \r\n    <title>minus<\/title>\r\n    <desc>Created with Sketch Beta.<\/desc>\r\n    <defs>\r\n\r\n<\/defs>\r\n    <g id=\"Page-1\" stroke=\"none\" stroke-width=\"1\" fill=\"none\" fill-rule=\"evenodd\" sketch:type=\"MSPage\">\r\n        <g id=\"Icon-Set-Filled\" sketch:type=\"MSLayerGroup\" transform=\"translate(-414.000000, -1049.000000)\" fill=\"#000000\">\r\n            <path d=\"M442,1049 L418,1049 C415.791,1049 414,1050.79 414,1053 C414,1055.21 415.791,1057 418,1057 L442,1057 C444.209,1057 446,1055.21 446,1053 C446,1050.79 444.209,1049 442,1049\" id=\"minus\" sketch:type=\"MSShapeGroup\">\r\n\r\n<\/path>\r\n        <\/g>\r\n    <\/g>\r\n<\/svg>\t\t\t\t\t<\/div>\n\t\t\t\t<\/div>\n\t\t\t<\/div>\n\t\t\t\t<div class=\"icon-box-text last-reset\">\n\t\t\t\t\t\t\t\t\t\n\n\t<div id=\"text-649550560\" class=\"text\">\n\t\t\n\n<h3>Notes de fond<\/h3>\n<p>Patchouli et bois de santal<\/p>\n\t\t\n<style>\n#text-649550560 {\n  line-height: 1;\n}\n<\/style>\n\t<\/div>\n\t\n\n\t\t<\/div>\n\t<\/div>\n\t\n\t\n\n\t\t<\/div>\n\t\t\t\t\t<\/div>\n\n\t\n\n\t<div id=\"col-1778059008\" class=\"col small-12 large-12\"  >\n\t\t\t\t<div class=\"col-inner text-center\"  >\n\t\t\t\n\t\t\t\n\n<p style=\"text-align: center;\"><span style=\"font-size: 120%;\"><em>D\u00e9couvrez tous les produits essence Belle Lavande<\/em><\/span><\/p>\n<a href=\"https:\/\/www.tendenzeshabbychic.it\/fr\/Etiquette-produit\/belle-lavande-fr\/\" class=\"button white is-gloss box-shadow-2\" >\n\t\t<span>DE BEAUX LAVAGES<\/span>\n\t<\/a>\n\n\n\n\t\t<\/div>\n\t\t\t\t\t<\/div>\n\n\t\n\n<\/div>\n","protected":false},"featured_media":195901,"comment_status":"open","ping_status":"closed","template":"","meta":{"_joinchat":[]},"pwb-brand":[2089],"product_brand":[],"product_cat":[1521,1515],"product_tag":[2678,2283],"class_list":{"0":"post-197164","1":"product","2":"type-product","3":"status-publish","4":"has-post-thumbnail","6":"pwb-brand-mathilde-m-es","7":"product_cat-craies-parfumees","8":"product_cat-parfumeurs","9":"product_tag-belle-lavande-es","10":"product_tag-idea-de-regalo","12":"first","13":"outofstock","14":"taxable","15":"shipping-taxable","16":"purchasable","17":"product-type-simple"},"brands":[{"id":1562,"name":"Mathilde M.","slug":"mathilde-m-fr"}],"_links":{"self":[{"href":"https:\/\/www.tendenzeshabbychic.it\/fr\/wp-json\/wp\/v2\/product\/197164","targetHints":{"allow":["GET"]}}],"collection":[{"href":"https:\/\/www.tendenzeshabbychic.it\/fr\/wp-json\/wp\/v2\/product"}],"about":[{"href":"https:\/\/www.tendenzeshabbychic.it\/fr\/wp-json\/wp\/v2\/types\/product"}],"replies":[{"embeddable":true,"href":"https:\/\/www.tendenzeshabbychic.it\/fr\/wp-json\/wp\/v2\/comments?post=197164"}],"wp:featuredmedia":[{"embeddable":true,"href":"https:\/\/www.tendenzeshabbychic.it\/fr\/wp-json\/wp\/v2\/media\/195901"}],"wp:attachment":[{"href":"https:\/\/www.tendenzeshabbychic.it\/fr\/wp-json\/wp\/v2\/media?parent=197164"}],"wp:term":[{"taxonomy":"pwb-brand","embeddable":true,"href":"https:\/\/www.tendenzeshabbychic.it\/fr\/wp-json\/wp\/v2\/pwb-brand?post=197164"},{"taxonomy":"product_brand","embeddable":true,"href":"https:\/\/www.tendenzeshabbychic.it\/fr\/wp-json\/wp\/v2\/product_brand?post=197164"},{"taxonomy":"product_cat","embeddable":true,"href":"https:\/\/www.tendenzeshabbychic.it\/fr\/wp-json\/wp\/v2\/product_cat?post=197164"},{"taxonomy":"product_tag","embeddable":true,"href":"https:\/\/www.tendenzeshabbychic.it\/fr\/wp-json\/wp\/v2\/product_tag?post=197164"}],"curies":[{"name":"wp","href":"https:\/\/api.w.org\/{rel}","templated":true}]}}