{"id":197153,"date":"2025-08-01T11:10:51","date_gmt":"2025-08-01T10:10:51","guid":{"rendered":"https:\/\/www.tendenzeshabbychic.it\/prodotto\/mathilde-m-tissu-parfum-75-ml-secret-de-santal\/"},"modified":"2026-05-12T17:52:10","modified_gmt":"2026-05-12T15:52:10","slug":"mathilde-m-tissu-parfum-75-ml-secret-de-santal","status":"publish","type":"product","link":"https:\/\/www.tendenzeshabbychic.it\/fr\/produit\/mathilde-m-tissu-parfum-75-ml-secret-de-santal\/","title":{"rendered":"Mathilde M. Tissu Parfum 75 ml &#8211; Secret de Santal"},"content":{"rendered":"<p>Le parfum tissu <em>Secret de Santal<\/em> de Mathilde M transporte l&rsquo;imagination dans les salons secrets et romantiques d&rsquo;un boudoir fran\u00e7ais, o\u00f9 les parfums racontent des histoires chuchot\u00e9es. Le flacon en verre cannel\u00e9, orn\u00e9 d&rsquo;un bouchon transparent travaill\u00e9 en relief, apporte une touche d&rsquo;\u00e9l\u00e9gance \u00e0 la maison, devenant lui-m\u00eame un objet de d\u00e9coration. <\/p>\n<p>La fragrance s&rsquo;ouvre sur des notes p\u00e9tillantes de bergamote et de poivre, se poursuit dans un c\u0153ur floral de jasmin et se referme sur un fond riche et sensuel de vanille, de bois de santal et de patchouli. Con\u00e7u pour rafra\u00eechir et parfumer d\u00e9licatement les tissus tels que les rideaux, les oreillers, les draps ou les plaids, gr\u00e2ce \u00e0 sa formulation douce et non tachante. <\/p>\n<ul>\n<li>Design \u00e9l\u00e9gant et classique en verre travaill\u00e9<\/li>\n<li>Parfum chaud et sensuel avec du bois de santal et de la vanille<\/li>\n<li>Ne laisse pas de traces sur les tissus<\/li>\n<li>Appartient \u00e0 la collection raffin\u00e9e <em>Les Intemporelles<\/em><\/li>\n<li>Parfait pour les environnements sophistiqu\u00e9s et intimes<\/li>\n<\/ul>\n","protected":false},"excerpt":{"rendered":"<p>Un \u00e9l\u00e9gant parfum textile enferm\u00e9 dans un flacon en verre transparent avec des gravures verticales et un bouchon \u00e0 effet cristal. <em>Secret de Santal<\/em> est une fragrance enveloppante et sensuelle de la collection <em>Les Intemporelles<\/em>, alliant la douceur du bois de santal \u00e0 des touches florales et \u00e9pic\u00e9es et \u00e0 un fond cr\u00e9meux de vanille et de patchouli.<\/p>\n<p>\ud83d\udccf \u00f8 5 x H 13 cm<\/p>\n<div class=\"row row-solid\"  id=\"row-146378730\">\n\n\n\t<div id=\"col-1656277410\" class=\"col small-12 large-12\"  >\n\t\t\t\t<div class=\"col-inner\"  >\n\t\t\t\n\t\t\t\n\n\n\t\t<div class=\"icon-box featured-box icon-box-center text-center\"  >\n\t\t\t\t<div class=\"icon-box-text last-reset\">\n\t\t\t<h5 class=\"uppercase\">Secret de Santal<\/h5>\t\t\t\t\t\t\n\n\t<div id=\"text-956530148\" class=\"text\">\n\t\t\n\nT\u00e9moins d'intrigues, de romances et autres secrets intimes, les plus belles tapisseries ornent les murs des boudoirs. Une porte entrouverte laisse \u00e9chapper un doux parfum\nde ces lieux r\u00e9serv\u00e9s : des notes voluptueuses de bois de santal doux se m\u00ealent aux accents floraux d'un bouquet. Un parfum exquis, un mariage qui se termine sur des notes cr\u00e9meuses et vanill\u00e9es \u00e9manant d'\u00e9lixirs de beaut\u00e9.\nComme un murmure, au doux secret et au parfum envo\u00fbtant...\n\t\t\n<style>\n#text-956530148 {\n  line-height: 1.75;\n}\n<\/style>\n\t<\/div>\n\t\n\n\t\t<\/div>\n\t<\/div>\n\t\n\t\n\n\t\t<\/div>\n\t\t\t\t\t<\/div>\n\n\t\n\n\t<div id=\"col-1010015329\" class=\"col small-12 large-12\"  >\n\t\t\t\t<div class=\"col-inner\"  >\n\t\t\t\n\t\t\t\n\n\n\t\t<div class=\"icon-box featured-box icon-box-left text-left\"  >\n\t\t\t\t\t<div class=\"icon-box-img\" style=\"width: 60px\">\n\t\t\t\t<div class=\"icon\">\n\t\t\t\t\t<div class=\"icon-inner\" style=\"color:rgb(230, 166, 129);\">\n\t\t\t\t\t\t<?xml version=\"1.0\" encoding=\"utf-8\"?><!-- Uploaded to: SVG Repo, www.svgrepo.com, Generator: SVG Repo Mixer Tools -->\r\n<svg fill=\"#000000\" width=\"800px\" height=\"800px\" viewBox=\"0 0 32 32\" xmlns=\"http:\/\/www.w3.org\/2000\/svg\">\r\n    <circle cx=\"16\" cy=\"16\" r=\"16\"\/>\r\n<\/svg>\t\t\t\t\t<\/div>\n\t\t\t\t<\/div>\n\t\t\t<\/div>\n\t\t\t\t<div class=\"icon-box-text last-reset\">\n\t\t\t\t\t\t\t\t\t\n\n\t<div id=\"text-3264252000\" class=\"text\">\n\t\t\n\n<h3>Notes de t\u00eate<\/h3>\n<p>Bergamote et Poivre<\/p>\n\t\t\n<style>\n#text-3264252000 {\n  line-height: 1;\n}\n<\/style>\n\t<\/div>\n\t\n\n\t\t<\/div>\n\t<\/div>\n\t\n\t\n\n\t\t<div class=\"icon-box featured-box icon-box-left text-left\"  >\n\t\t\t\t\t<div class=\"icon-box-img\" style=\"width: 60px\">\n\t\t\t\t<div class=\"icon\">\n\t\t\t\t\t<div class=\"icon-inner\" style=\"color:#e6a681;\">\n\t\t\t\t\t\t<?xml version=\"1.0\" encoding=\"utf-8\"?><!-- Uploaded to: SVG Repo, www.svgrepo.com, Generator: SVG Repo Mixer Tools -->\r\n<svg width=\"800px\" height=\"800px\" viewBox=\"0 0 24 24\" fill=\"none\" xmlns=\"http:\/\/www.w3.org\/2000\/svg\">\r\n<path d=\"M2 9.1371C2 14 6.01943 16.5914 8.96173 18.9109C10 19.7294 11 20.5 12 20.5C13 20.5 14 19.7294 15.0383 18.9109C17.9806 16.5914 22 14 22 9.1371C22 4.27416 16.4998 0.825464 12 5.50063C7.50016 0.825464 2 4.27416 2 9.1371Z\" fill=\"#1C274C\"\/>\r\n<\/svg>\t\t\t\t\t<\/div>\n\t\t\t\t<\/div>\n\t\t\t<\/div>\n\t\t\t\t<div class=\"icon-box-text last-reset\">\n\t\t\t\t\t\t\t\t\t\n\n\t<div id=\"text-2337224539\" class=\"text\">\n\t\t\n\n<h3>Notes de coeur<\/h3>\n<p>Jasmin<\/p>\n\t\t\n<style>\n#text-2337224539 {\n  line-height: 1;\n}\n<\/style>\n\t<\/div>\n\t\n\n\t\t<\/div>\n\t<\/div>\n\t\n\t\n\n\t\t<div class=\"icon-box featured-box icon-box-left text-left\"  >\n\t\t\t\t\t<div class=\"icon-box-img\" style=\"width: 60px\">\n\t\t\t\t<div class=\"icon\">\n\t\t\t\t\t<div class=\"icon-inner\" style=\"color:#e6a681;\">\n\t\t\t\t\t\t<?xml version=\"1.0\" encoding=\"UTF-8\" standalone=\"no\"?>\r\n<!-- Uploaded to: SVG Repo, www.svgrepo.com, Generator: SVG Repo Mixer Tools -->\r\n<svg width=\"800px\" height=\"800px\" viewBox=\"0 -12 32 32\" version=\"1.1\" xmlns=\"http:\/\/www.w3.org\/2000\/svg\" xmlns:xlink=\"http:\/\/www.w3.org\/1999\/xlink\" xmlns:sketch=\"http:\/\/www.bohemiancoding.com\/sketch\/ns\">\r\n    \r\n    <title>minus<\/title>\r\n    <desc>Created with Sketch Beta.<\/desc>\r\n    <defs>\r\n\r\n<\/defs>\r\n    <g id=\"Page-1\" stroke=\"none\" stroke-width=\"1\" fill=\"none\" fill-rule=\"evenodd\" sketch:type=\"MSPage\">\r\n        <g id=\"Icon-Set-Filled\" sketch:type=\"MSLayerGroup\" transform=\"translate(-414.000000, -1049.000000)\" fill=\"#000000\">\r\n            <path d=\"M442,1049 L418,1049 C415.791,1049 414,1050.79 414,1053 C414,1055.21 415.791,1057 418,1057 L442,1057 C444.209,1057 446,1055.21 446,1053 C446,1050.79 444.209,1049 442,1049\" id=\"minus\" sketch:type=\"MSShapeGroup\">\r\n\r\n<\/path>\r\n        <\/g>\r\n    <\/g>\r\n<\/svg>\t\t\t\t\t<\/div>\n\t\t\t\t<\/div>\n\t\t\t<\/div>\n\t\t\t\t<div class=\"icon-box-text last-reset\">\n\t\t\t\t\t\t\t\t\t\n\n\t<div id=\"text-2354739803\" class=\"text\">\n\t\t\n\n<h3>Notes de fond<\/h3>\n<p>Vanille, bois de santal et patchouli<\/p>\n\t\t\n<style>\n#text-2354739803 {\n  line-height: 1;\n}\n<\/style>\n\t<\/div>\n\t\n\n\t\t<\/div>\n\t<\/div>\n\t\n\t\n\n\t\t<\/div>\n\t\t\t\t\t<\/div>\n\n\t\n\n\t<div id=\"col-1951488356\" class=\"col small-12 large-12\"  >\n\t\t\t\t<div class=\"col-inner text-center\"  >\n\t\t\t\n\t\t\t\n\n<p style=\"text-align: center;\"><span style=\"font-size: 120%;\"><em>D\u00e9couvrez tous les produits essences Secret de Santal<\/em><\/span><\/p>\n<a href=\"https:\/\/www.tendenzeshabbychic.it\/fr\/Etiquette-produit\/secret-de-santal-fr\/\" class=\"button white is-gloss box-shadow-2\" >\n\t\t<span>SECRET DE SANTAL<\/span>\n\t<\/a>\n\n\n\n\t\t<\/div>\n\t\t\t\t\t<\/div>\n\n\t\n\n<\/div>\n","protected":false},"featured_media":195841,"comment_status":"open","ping_status":"closed","template":"","meta":{"_joinchat":[]},"pwb-brand":[621],"product_brand":[],"product_cat":[1520,1515],"product_tag":[871],"class_list":{"0":"post-197153","1":"product","2":"type-product","3":"status-publish","4":"has-post-thumbnail","6":"pwb-brand-mathilde-m","7":"product_cat-parfums-pour-tissus","8":"product_cat-parfumeurs","9":"product_tag-secret-de-santal","11":"first","12":"instock","13":"taxable","14":"shipping-taxable","15":"purchasable","16":"product-type-simple"},"brands":[{"id":1562,"name":"Mathilde M.","slug":"mathilde-m-fr"}],"_links":{"self":[{"href":"https:\/\/www.tendenzeshabbychic.it\/fr\/wp-json\/wp\/v2\/product\/197153","targetHints":{"allow":["GET"]}}],"collection":[{"href":"https:\/\/www.tendenzeshabbychic.it\/fr\/wp-json\/wp\/v2\/product"}],"about":[{"href":"https:\/\/www.tendenzeshabbychic.it\/fr\/wp-json\/wp\/v2\/types\/product"}],"replies":[{"embeddable":true,"href":"https:\/\/www.tendenzeshabbychic.it\/fr\/wp-json\/wp\/v2\/comments?post=197153"}],"wp:featuredmedia":[{"embeddable":true,"href":"https:\/\/www.tendenzeshabbychic.it\/fr\/wp-json\/wp\/v2\/media\/195841"}],"wp:attachment":[{"href":"https:\/\/www.tendenzeshabbychic.it\/fr\/wp-json\/wp\/v2\/media?parent=197153"}],"wp:term":[{"taxonomy":"pwb-brand","embeddable":true,"href":"https:\/\/www.tendenzeshabbychic.it\/fr\/wp-json\/wp\/v2\/pwb-brand?post=197153"},{"taxonomy":"product_brand","embeddable":true,"href":"https:\/\/www.tendenzeshabbychic.it\/fr\/wp-json\/wp\/v2\/product_brand?post=197153"},{"taxonomy":"product_cat","embeddable":true,"href":"https:\/\/www.tendenzeshabbychic.it\/fr\/wp-json\/wp\/v2\/product_cat?post=197153"},{"taxonomy":"product_tag","embeddable":true,"href":"https:\/\/www.tendenzeshabbychic.it\/fr\/wp-json\/wp\/v2\/product_tag?post=197153"}],"curies":[{"name":"wp","href":"https:\/\/api.w.org\/{rel}","templated":true}]}}