{"id":197151,"date":"2026-02-11T08:00:05","date_gmt":"2026-02-11T07:00:05","guid":{"rendered":"https:\/\/www.tendenzeshabbychic.it\/prodotto\/mathilde-m-parfum-de-tissu-75-ml-fleur-doranger\/"},"modified":"2025-08-01T11:03:05","modified_gmt":"2025-08-01T10:03:05","slug":"mathilde-m-parfum-de-tissu-75-ml-fleur-doranger","status":"publish","type":"product","link":"https:\/\/www.tendenzeshabbychic.it\/fr\/produit\/mathilde-m-parfum-de-tissu-75-ml-fleur-doranger\/","title":{"rendered":"Mathilde M Parfum de Tissu 75 ml &#8211; Fleur d&rsquo;Oranger"},"content":{"rendered":"<p>Le parfum pour tissu <em>Fleur d&rsquo;Oranger<\/em> de Mathilde M est une v\u00e9ritable ode aux jardins m\u00e9diterran\u00e9ens en fleurs. Pr\u00e9sent\u00e9 dans un flacon en verre finement travaill\u00e9 avec des d\u00e9tails cannel\u00e9s et un bouchon \u00e0 effet cristal, ce spray de 75 ml enrichit le linge de maison avec \u00e9l\u00e9gance et sophistication. <\/p>\n<p>La fragrance, qui fait partie de la collection <em>Les Intemporelles<\/em>, s&rsquo;ouvre sur la douceur rayonnante de la fleur d&rsquo;oranger. Le c\u0153ur r\u00e9v\u00e8le un m\u00e9lange de muscs blancs, de ciste et d&rsquo;accents \u00e9pic\u00e9s qui donnent structure et profondeur, tandis que le fond se referme sur le bois de c\u00e8dre et l&rsquo;ambre pour un effet ensoleill\u00e9 et enveloppant. <\/p>\n<p>Id\u00e9al pour les rideaux, les coussins, le linge de lit ou les tissus d&rsquo;ameublement, gr\u00e2ce \u00e0 sa formule douce et sans halo.<\/p>\n<p><strong>Points forts :<\/strong><\/p>\n<ul>\n<li>Bouteille en verre travaill\u00e9, d\u00e9corative et raffin\u00e9e<\/li>\n<li>Parfum floral et ensoleill\u00e9 avec une base ambr\u00e9e<\/li>\n<li>Formule douce, ne tache pas les tissus<\/li>\n<li>Nouveau dans la ligne <em>Les Intemporelles<\/em><\/li>\n<li>Id\u00e9al pour rafra\u00eechir le linge avec \u00e9l\u00e9gance<\/li>\n<\/ul>\n","protected":false},"excerpt":{"rendered":"<p>Un parfum pour le textile dans un \u00e9l\u00e9gant flacon en verre transparent travaill\u00e9, avec un bouchon molet\u00e9 effet cristal et une \u00e9tiquette dor\u00e9e raffin\u00e9e. <em>Fleur d&rsquo;Oranger<\/em>, nouveaut\u00e9 de la collection <em>Les Intemporelles<\/em>, lib\u00e8re des notes florales et hesp\u00e9rid\u00e9es qui se m\u00ealent \u00e0 un c\u0153ur musqu\u00e9 et \u00e9pic\u00e9, laissant un sillage enveloppant d&rsquo;ambre et de c\u00e8dre.<\/p>\n<p>\ud83d\udccf \u00f8 5 x H 13 cm<\/p>\n<div class=\"row row-solid\"  id=\"row-1322642016\">\n\n\n\t<div id=\"col-672611835\" class=\"col small-12 large-12\"  >\n\t\t\t\t<div class=\"col-inner\"  >\n\t\t\t\n\t\t\t\n\n\n\t\t<div class=\"icon-box featured-box icon-box-center text-center\"  >\n\t\t\t\t<div class=\"icon-box-text last-reset\">\n\t\t\t<h5 class=\"uppercase\">Fleur d&apos;Oranger<\/h5>\t\t\t\t\t\t\n\n<p style=\"text-align: center;\">Plongez dans une ambiance ensoleill\u00e9e, un jardin m\u00e9diterran\u00e9en. O\u00f9 les brises chaudes transportent les ar\u00f4mes envo\u00fbtants des fleurs d\u2019oranger. Dans son sillage, des notes croquantes d'agrumes se m\u00e9langent aux accents chauds de bois de c\u00e8dre pour se fondre dans un accord ambr\u00e9 envo\u00fbtant.<\/p>\n<p style=\"text-align: center;\">Un parfum floral ensoleill\u00e9 et d\u00e9licieusement r\u00e9gressif, un hymne \u00e0 la beaut\u00e9 intemporelle plus embl\u00e9matique que les fleurs blanches.<\/p>\n<p>Le nouveau parfum de l'\u00e9t\u00e9 2024<\/p>\n\n\t\t<\/div>\n\t<\/div>\n\t\n\t\n\n\t\t<\/div>\n\t\t\t\t\t<\/div>\n\n\t\n\n\t<div id=\"col-1939116623\" class=\"col small-12 large-12\"  >\n\t\t\t\t<div class=\"col-inner\"  >\n\t\t\t\n\t\t\t\n\n\n\t\t<div class=\"icon-box featured-box icon-box-left text-left\"  >\n\t\t\t\t\t<div class=\"icon-box-img\" style=\"width: 60px\">\n\t\t\t\t<div class=\"icon\">\n\t\t\t\t\t<div class=\"icon-inner\" style=\"color:rgb(189, 129, 32);\">\n\t\t\t\t\t\t<?xml version=\"1.0\" encoding=\"utf-8\"?><!-- Uploaded to: SVG Repo, www.svgrepo.com, Generator: SVG Repo Mixer Tools -->\r\n<svg fill=\"#000000\" width=\"800px\" height=\"800px\" viewBox=\"0 0 32 32\" xmlns=\"http:\/\/www.w3.org\/2000\/svg\">\r\n    <circle cx=\"16\" cy=\"16\" r=\"16\"\/>\r\n<\/svg>\t\t\t\t\t<\/div>\n\t\t\t\t<\/div>\n\t\t\t<\/div>\n\t\t\t\t<div class=\"icon-box-text last-reset\">\n\t\t\t\t\t\t\t\t\t\n\n\t<div id=\"text-3866233514\" class=\"text\">\n\t\t\n\n<h3>Notes de t\u00eate<\/h3>\n<p>Fleurs oranges<\/p>\n\t\t\n<style>\n#text-3866233514 {\n  line-height: 1;\n}\n<\/style>\n\t<\/div>\n\t\n\n\t\t<\/div>\n\t<\/div>\n\t\n\t\n\n\t\t<div class=\"icon-box featured-box icon-box-left text-left\"  >\n\t\t\t\t\t<div class=\"icon-box-img\" style=\"width: 60px\">\n\t\t\t\t<div class=\"icon\">\n\t\t\t\t\t<div class=\"icon-inner\" style=\"color:#bd8120;\">\n\t\t\t\t\t\t<?xml version=\"1.0\" encoding=\"utf-8\"?><!-- Uploaded to: SVG Repo, www.svgrepo.com, Generator: SVG Repo Mixer Tools -->\r\n<svg width=\"800px\" height=\"800px\" viewBox=\"0 0 24 24\" fill=\"none\" xmlns=\"http:\/\/www.w3.org\/2000\/svg\">\r\n<path d=\"M2 9.1371C2 14 6.01943 16.5914 8.96173 18.9109C10 19.7294 11 20.5 12 20.5C13 20.5 14 19.7294 15.0383 18.9109C17.9806 16.5914 22 14 22 9.1371C22 4.27416 16.4998 0.825464 12 5.50063C7.50016 0.825464 2 4.27416 2 9.1371Z\" fill=\"#1C274C\"\/>\r\n<\/svg>\t\t\t\t\t<\/div>\n\t\t\t\t<\/div>\n\t\t\t<\/div>\n\t\t\t\t<div class=\"icon-box-text last-reset\">\n\t\t\t\t\t\t\t\t\t\n\n\t<div id=\"text-2989615887\" class=\"text\">\n\t\t\n\n<h3>Notes de coeur<\/h3>\n<p>Musc blanc, ciste et \u00e9pices<\/p>\n\t\t\n<style>\n#text-2989615887 {\n  line-height: 1;\n}\n<\/style>\n\t<\/div>\n\t\n\n\t\t<\/div>\n\t<\/div>\n\t\n\t\n\n\t\t<div class=\"icon-box featured-box icon-box-left text-left\"  >\n\t\t\t\t\t<div class=\"icon-box-img\" style=\"width: 60px\">\n\t\t\t\t<div class=\"icon\">\n\t\t\t\t\t<div class=\"icon-inner\" style=\"color:#bd8120;\">\n\t\t\t\t\t\t<?xml version=\"1.0\" encoding=\"UTF-8\" standalone=\"no\"?>\r\n<!-- Uploaded to: SVG Repo, www.svgrepo.com, Generator: SVG Repo Mixer Tools -->\r\n<svg width=\"800px\" height=\"800px\" viewBox=\"0 -12 32 32\" version=\"1.1\" xmlns=\"http:\/\/www.w3.org\/2000\/svg\" xmlns:xlink=\"http:\/\/www.w3.org\/1999\/xlink\" xmlns:sketch=\"http:\/\/www.bohemiancoding.com\/sketch\/ns\">\r\n    \r\n    <title>minus<\/title>\r\n    <desc>Created with Sketch Beta.<\/desc>\r\n    <defs>\r\n\r\n<\/defs>\r\n    <g id=\"Page-1\" stroke=\"none\" stroke-width=\"1\" fill=\"none\" fill-rule=\"evenodd\" sketch:type=\"MSPage\">\r\n        <g id=\"Icon-Set-Filled\" sketch:type=\"MSLayerGroup\" transform=\"translate(-414.000000, -1049.000000)\" fill=\"#000000\">\r\n            <path d=\"M442,1049 L418,1049 C415.791,1049 414,1050.79 414,1053 C414,1055.21 415.791,1057 418,1057 L442,1057 C444.209,1057 446,1055.21 446,1053 C446,1050.79 444.209,1049 442,1049\" id=\"minus\" sketch:type=\"MSShapeGroup\">\r\n\r\n<\/path>\r\n        <\/g>\r\n    <\/g>\r\n<\/svg>\t\t\t\t\t<\/div>\n\t\t\t\t<\/div>\n\t\t\t<\/div>\n\t\t\t\t<div class=\"icon-box-text last-reset\">\n\t\t\t\t\t\t\t\t\t\n\n\t<div id=\"text-2000601489\" class=\"text\">\n\t\t\n\n<h3>Notes de fond<\/h3>\n<p>C\u00e8dre et Ambre<\/p>\n\t\t\n<style>\n#text-2000601489 {\n  line-height: 1;\n}\n<\/style>\n\t<\/div>\n\t\n\n\t\t<\/div>\n\t<\/div>\n\t\n\t\n\n\t\t<\/div>\n\t\t\t\t\t<\/div>\n\n\t\n\n\t<div id=\"col-1807749807\" class=\"col small-12 large-12\"  >\n\t\t\t\t<div class=\"col-inner text-center\"  >\n\t\t\t\n\t\t\t\n\n<p style=\"text-align: center;\"><span style=\"font-size: 120%;\"><em>D\u00e9couvrez tous les produits essences Fleur d'Oranger<\/em><\/span><\/p>\n<a href=\"https:\/\/www.tendenzeshabbychic.it\/fr\/Etiquette-produit\/fleur-de-oranger-fr\/\" class=\"button white is-gloss box-shadow-2\" >\n\t\t<span>FLEUR D&apos;ORANGER<\/span>\n\t<\/a>\n\n\n\n\t\t<\/div>\n\t\t\t\t\t<\/div>\n\n\t\n\n<\/div>\n","protected":false},"featured_media":195835,"comment_status":"open","ping_status":"closed","template":"","meta":{"_joinchat":[]},"pwb-brand":[621],"product_brand":[],"product_cat":[1520,1515],"product_tag":[2668],"class_list":{"0":"post-197151","1":"product","2":"type-product","3":"status-publish","4":"has-post-thumbnail","6":"pwb-brand-mathilde-m","7":"product_cat-parfums-pour-tissus","8":"product_cat-parfumeurs","9":"product_tag-fleur-de-oranger","11":"first","12":"instock","13":"taxable","14":"shipping-taxable","15":"purchasable","16":"product-type-simple"},"brands":[{"id":1562,"name":"Mathilde M.","slug":"mathilde-m-fr"}],"_links":{"self":[{"href":"https:\/\/www.tendenzeshabbychic.it\/fr\/wp-json\/wp\/v2\/product\/197151","targetHints":{"allow":["GET"]}}],"collection":[{"href":"https:\/\/www.tendenzeshabbychic.it\/fr\/wp-json\/wp\/v2\/product"}],"about":[{"href":"https:\/\/www.tendenzeshabbychic.it\/fr\/wp-json\/wp\/v2\/types\/product"}],"replies":[{"embeddable":true,"href":"https:\/\/www.tendenzeshabbychic.it\/fr\/wp-json\/wp\/v2\/comments?post=197151"}],"wp:featuredmedia":[{"embeddable":true,"href":"https:\/\/www.tendenzeshabbychic.it\/fr\/wp-json\/wp\/v2\/media\/195835"}],"wp:attachment":[{"href":"https:\/\/www.tendenzeshabbychic.it\/fr\/wp-json\/wp\/v2\/media?parent=197151"}],"wp:term":[{"taxonomy":"pwb-brand","embeddable":true,"href":"https:\/\/www.tendenzeshabbychic.it\/fr\/wp-json\/wp\/v2\/pwb-brand?post=197151"},{"taxonomy":"product_brand","embeddable":true,"href":"https:\/\/www.tendenzeshabbychic.it\/fr\/wp-json\/wp\/v2\/product_brand?post=197151"},{"taxonomy":"product_cat","embeddable":true,"href":"https:\/\/www.tendenzeshabbychic.it\/fr\/wp-json\/wp\/v2\/product_cat?post=197151"},{"taxonomy":"product_tag","embeddable":true,"href":"https:\/\/www.tendenzeshabbychic.it\/fr\/wp-json\/wp\/v2\/product_tag?post=197151"}],"curies":[{"name":"wp","href":"https:\/\/api.w.org\/{rel}","templated":true}]}}