{"id":197142,"date":"2025-08-01T11:01:30","date_gmt":"2025-08-01T10:01:30","guid":{"rendered":"https:\/\/www.tendenzeshabbychic.it\/prodotto\/mathilde-m-delicate-verveine-parfum-tissu-75-ml-les-intemporelles\/"},"modified":"2025-08-01T11:01:30","modified_gmt":"2025-08-01T10:01:30","slug":"mathilde-m-delicate-verveine-parfum-tissu-75-ml-les-intemporelles","status":"publish","type":"product","link":"https:\/\/www.tendenzeshabbychic.it\/fr\/produit\/mathilde-m-delicate-verveine-parfum-tissu-75-ml-les-intemporelles\/","title":{"rendered":"Mathilde M D\u00e9licate Verveine Parfum Tissu 75 ml &#8211; Les Intemporelles"},"content":{"rendered":"<p>D\u00e9licate Verveine de Mathilde M est le parfum de tissu id\u00e9al pour celles qui aiment les fragrances fra\u00eeches, naturelles et lumineuses. Issue de la collection <em>Les Intemporelles<\/em>, cette essence apporte un souffle de puret\u00e9 et d&rsquo;\u00e9nergie aux textiles d&rsquo;int\u00e9rieur. <\/p>\n<p>Contenu dans un \u00e9l\u00e9gant flacon en verre transparent travaill\u00e9 avec des reliefs verticaux et ferm\u00e9 par un bouchon molet\u00e9 transparent, c&rsquo;est un v\u00e9ritable objet de d\u00e9coration \u00e0 la fran\u00e7aise. La fragrance s&rsquo;ouvre sur des notes effervescentes de citron et de menthe douce, qui se m\u00ealent en c\u0153ur \u00e0 la verveine et au th\u00e9, avant de se poser sur un fond d\u00e9licat de fleurs blanches et de musc. <\/p>\n<p>La formule, \u00e0 faible teneur en alcool, est con\u00e7ue pour ne pas laisser de traces sur les tissus. Elle est id\u00e9ale pour rafra\u00eechir le linge de lit, les rideaux, les coussins ou les v\u00eatements rang\u00e9s dans les armoires. <\/p>\n<p><strong>Points forts :<\/strong><\/p>\n<ul>\n<li>Parfum \u00e9nergisant et frais : citron, verveine, fleurs blanches<\/li>\n<li>Ne tache pas, parfait pour tous les types de tissus<\/li>\n<li>Flacon d\u00e9coratif raffin\u00e9 en verre travaill\u00e9<\/li>\n<li>Id\u00e9al pour les environnements printaniers et estivaux<\/li>\n<li>Collection Les Intemporelles : classe et \u00e9l\u00e9gance au quotidien<\/li>\n<\/ul>\n","protected":false},"excerpt":{"rendered":"<p>Un parfum frais et raffin\u00e9 pour le textile dans un flacon en verre travaill\u00e9 transparent avec un bouchon molet\u00e9. D\u00e9licate Verveine est une fragrance p\u00e9tillante et lumineuse, alliant la vivacit\u00e9 du citron et de la menthe douce \u00e0 la d\u00e9licatesse de la verveine ensoleill\u00e9e, rehauss\u00e9e de fleurs blanches et de musc. <\/p>\n<p>\ud83d\udccf \u00f8 5 x H 13 cm<\/p>\n<div class=\"row row-solid\"  id=\"row-19814654\">\n\n\n\t<div id=\"col-853329531\" class=\"col small-12 large-12\"  >\n\t\t\t\t<div class=\"col-inner\"  >\n\t\t\t\n\t\t\t\n\n\n\t\t<div class=\"icon-box featured-box icon-box-center text-center\"  >\n\t\t\t\t<div class=\"icon-box-text last-reset\">\n\t\t\t<h5 class=\"uppercase\">D\u00e9licate Verveine<\/h5>\t\t\t\t\t\t\n\n<p>Explosion de fra\u00eecheur, Delicate Verveine est un m\u00e9lange raffin\u00e9 de vivacit\u00e9 citronn\u00e9e et de menthe douce. Un parfum p\u00e9tillant<br>\ndes notes de verveine solaire, sublim\u00e9es par des notes de fleurs blanches.<\/p>\n\n\t\t<\/div>\n\t<\/div>\n\t\n\t\n\n\t\t<\/div>\n\t\t\t\t\t<\/div>\n\n\t\n\n\t<div id=\"col-17903137\" class=\"col small-12 large-12\"  >\n\t\t\t\t<div class=\"col-inner\"  >\n\t\t\t\n\t\t\t\n\n\n\t\t<div class=\"icon-box featured-box icon-box-left text-left\"  >\n\t\t\t\t\t<div class=\"icon-box-img\" style=\"width: 60px\">\n\t\t\t\t<div class=\"icon\">\n\t\t\t\t\t<div class=\"icon-inner\" style=\"color:rgb(211, 216, 215);\">\n\t\t\t\t\t\t<?xml version=\"1.0\" encoding=\"utf-8\"?><!-- Uploaded to: SVG Repo, www.svgrepo.com, Generator: SVG Repo Mixer Tools -->\r\n<svg fill=\"#000000\" width=\"800px\" height=\"800px\" viewBox=\"0 0 32 32\" xmlns=\"http:\/\/www.w3.org\/2000\/svg\">\r\n    <circle cx=\"16\" cy=\"16\" r=\"16\"\/>\r\n<\/svg>\t\t\t\t\t<\/div>\n\t\t\t\t<\/div>\n\t\t\t<\/div>\n\t\t\t\t<div class=\"icon-box-text last-reset\">\n\t\t\t\t\t\t\t\t\t\n\n\t<div id=\"text-879857410\" class=\"text\">\n\t\t\n\n<h3>Notes de t\u00eate<\/h3>\n<p>Citron et Menthe<\/p>\n\t\t\n<style>\n#text-879857410 {\n  line-height: 1;\n}\n<\/style>\n\t<\/div>\n\t\n\n\t\t<\/div>\n\t<\/div>\n\t\n\t\n\n\t\t<div class=\"icon-box featured-box icon-box-left text-left\"  >\n\t\t\t\t\t<div class=\"icon-box-img\" style=\"width: 60px\">\n\t\t\t\t<div class=\"icon\">\n\t\t\t\t\t<div class=\"icon-inner\" style=\"color:#d3d8d7;\">\n\t\t\t\t\t\t<?xml version=\"1.0\" encoding=\"utf-8\"?><!-- Uploaded to: SVG Repo, www.svgrepo.com, Generator: SVG Repo Mixer Tools -->\r\n<svg width=\"800px\" height=\"800px\" viewBox=\"0 0 24 24\" fill=\"none\" xmlns=\"http:\/\/www.w3.org\/2000\/svg\">\r\n<path d=\"M2 9.1371C2 14 6.01943 16.5914 8.96173 18.9109C10 19.7294 11 20.5 12 20.5C13 20.5 14 19.7294 15.0383 18.9109C17.9806 16.5914 22 14 22 9.1371C22 4.27416 16.4998 0.825464 12 5.50063C7.50016 0.825464 2 4.27416 2 9.1371Z\" fill=\"#1C274C\"\/>\r\n<\/svg>\t\t\t\t\t<\/div>\n\t\t\t\t<\/div>\n\t\t\t<\/div>\n\t\t\t\t<div class=\"icon-box-text last-reset\">\n\t\t\t\t\t\t\t\t\t\n\n\t<div id=\"text-1249198722\" class=\"text\">\n\t\t\n\n<h3>Notes de coeur<\/h3>\n<p>Verveine et Th\u00e9<\/p>\n\t\t\n<style>\n#text-1249198722 {\n  line-height: 1;\n}\n<\/style>\n\t<\/div>\n\t\n\n\t\t<\/div>\n\t<\/div>\n\t\n\t\n\n\t\t<div class=\"icon-box featured-box icon-box-left text-left\"  >\n\t\t\t\t\t<div class=\"icon-box-img\" style=\"width: 60px\">\n\t\t\t\t<div class=\"icon\">\n\t\t\t\t\t<div class=\"icon-inner\" style=\"color:#d3d8d7;\">\n\t\t\t\t\t\t<?xml version=\"1.0\" encoding=\"UTF-8\" standalone=\"no\"?>\r\n<!-- Uploaded to: SVG Repo, www.svgrepo.com, Generator: SVG Repo Mixer Tools -->\r\n<svg width=\"800px\" height=\"800px\" viewBox=\"0 -12 32 32\" version=\"1.1\" xmlns=\"http:\/\/www.w3.org\/2000\/svg\" xmlns:xlink=\"http:\/\/www.w3.org\/1999\/xlink\" xmlns:sketch=\"http:\/\/www.bohemiancoding.com\/sketch\/ns\">\r\n    \r\n    <title>minus<\/title>\r\n    <desc>Created with Sketch Beta.<\/desc>\r\n    <defs>\r\n\r\n<\/defs>\r\n    <g id=\"Page-1\" stroke=\"none\" stroke-width=\"1\" fill=\"none\" fill-rule=\"evenodd\" sketch:type=\"MSPage\">\r\n        <g id=\"Icon-Set-Filled\" sketch:type=\"MSLayerGroup\" transform=\"translate(-414.000000, -1049.000000)\" fill=\"#000000\">\r\n            <path d=\"M442,1049 L418,1049 C415.791,1049 414,1050.79 414,1053 C414,1055.21 415.791,1057 418,1057 L442,1057 C444.209,1057 446,1055.21 446,1053 C446,1050.79 444.209,1049 442,1049\" id=\"minus\" sketch:type=\"MSShapeGroup\">\r\n\r\n<\/path>\r\n        <\/g>\r\n    <\/g>\r\n<\/svg>\t\t\t\t\t<\/div>\n\t\t\t\t<\/div>\n\t\t\t<\/div>\n\t\t\t\t<div class=\"icon-box-text last-reset\">\n\t\t\t\t\t\t\t\t\t\n\n\t<div id=\"text-1976334120\" class=\"text\">\n\t\t\n\n<h3>Notes de fond<\/h3>\n<p>Fleurs blanches et mousse<\/p>\n\t\t\n<style>\n#text-1976334120 {\n  line-height: 1;\n}\n<\/style>\n\t<\/div>\n\t\n\n\t\t<\/div>\n\t<\/div>\n\t\n\t\n\n\t\t<\/div>\n\t\t\t\t\t<\/div>\n\n\t\n\n\t<div id=\"col-1095318300\" class=\"col small-12 large-12\"  >\n\t\t\t\t<div class=\"col-inner text-center\"  >\n\t\t\t\n\t\t\t\n\n<p style=\"text-align: center;\"><span style=\"font-size: 120%;\"><em>D\u00e9couvrez tous les produits \u00e0 l'essence D\u00e9licate Verveine<\/em><\/span><\/p>\n<a href=\"https:\/\/www.tendenzeshabbychic.it\/fr\/Etiquette-produit\/delicate-verveine-fr\/\" class=\"button white is-gloss box-shadow-2\" >\n\t\t<span>D\u00c9LICATE VERVEINE<\/span>\n\t<\/a>\n\n\n\n\t\t<\/div>\n\t\t\t\t\t<\/div>\n\n\t\n\n<\/div>\n","protected":false},"featured_media":195655,"comment_status":"open","ping_status":"closed","template":"","meta":{"_joinchat":[]},"pwb-brand":[1562],"product_brand":[],"product_cat":[1520,1515],"product_tag":[2679],"class_list":{"0":"post-197142","1":"product","2":"type-product","3":"status-publish","4":"has-post-thumbnail","6":"pwb-brand-mathilde-m-fr","7":"product_cat-parfums-pour-tissus","8":"product_cat-parfumeurs","9":"product_tag-delicate-verveine-fr","11":"first","12":"instock","13":"taxable","14":"shipping-taxable","15":"purchasable","16":"product-type-simple"},"brands":[{"id":1562,"name":"Mathilde M.","slug":"mathilde-m-fr"}],"_links":{"self":[{"href":"https:\/\/www.tendenzeshabbychic.it\/fr\/wp-json\/wp\/v2\/product\/197142","targetHints":{"allow":["GET"]}}],"collection":[{"href":"https:\/\/www.tendenzeshabbychic.it\/fr\/wp-json\/wp\/v2\/product"}],"about":[{"href":"https:\/\/www.tendenzeshabbychic.it\/fr\/wp-json\/wp\/v2\/types\/product"}],"replies":[{"embeddable":true,"href":"https:\/\/www.tendenzeshabbychic.it\/fr\/wp-json\/wp\/v2\/comments?post=197142"}],"wp:featuredmedia":[{"embeddable":true,"href":"https:\/\/www.tendenzeshabbychic.it\/fr\/wp-json\/wp\/v2\/media\/195655"}],"wp:attachment":[{"href":"https:\/\/www.tendenzeshabbychic.it\/fr\/wp-json\/wp\/v2\/media?parent=197142"}],"wp:term":[{"taxonomy":"pwb-brand","embeddable":true,"href":"https:\/\/www.tendenzeshabbychic.it\/fr\/wp-json\/wp\/v2\/pwb-brand?post=197142"},{"taxonomy":"product_brand","embeddable":true,"href":"https:\/\/www.tendenzeshabbychic.it\/fr\/wp-json\/wp\/v2\/product_brand?post=197142"},{"taxonomy":"product_cat","embeddable":true,"href":"https:\/\/www.tendenzeshabbychic.it\/fr\/wp-json\/wp\/v2\/product_cat?post=197142"},{"taxonomy":"product_tag","embeddable":true,"href":"https:\/\/www.tendenzeshabbychic.it\/fr\/wp-json\/wp\/v2\/product_tag?post=197142"}],"curies":[{"name":"wp","href":"https:\/\/api.w.org\/{rel}","templated":true}]}}