{"id":197140,"date":"2025-08-01T11:01:48","date_gmt":"2025-08-01T10:01:48","guid":{"rendered":"https:\/\/www.tendenzeshabbychic.it\/prodotto\/mathilde-m-parfum-tissus-bouquet-precieux-75-ml-les-intemporelles\/"},"modified":"2025-08-01T11:01:48","modified_gmt":"2025-08-01T10:01:48","slug":"mathilde-m-parfum-tissus-bouquet-precieux-75-ml-les-intemporelles","status":"publish","type":"product","link":"https:\/\/www.tendenzeshabbychic.it\/fr\/produit\/mathilde-m-parfum-tissus-bouquet-precieux-75-ml-les-intemporelles\/","title":{"rendered":"Mathilde M Parfum Tissus Bouquet Pr\u00e9cieux 75 ml &#8211; Les Intemporelles"},"content":{"rendered":"<p>Le parfum pour tissu <em>Bouquet Pr\u00e9cieux<\/em> de Mathilde M est une cr\u00e9ation \u00e9l\u00e9gante de la collection <em>Les Intemporelles<\/em>, con\u00e7ue pour apporter une touche de f\u00e9minit\u00e9 sophistiqu\u00e9e aux draps, coussins, plaids et rideaux. Pr\u00e9sent\u00e9 dans un flacon en verre transparent finement travaill\u00e9 avec des reliefs verticaux et ferm\u00e9 par un bouchon molet\u00e9 transparent \u00e0 l&rsquo;esprit r\u00e9tro, ce parfum est aussi un objet de d\u00e9coration raffin\u00e9. <\/p>\n<p>Ce parfum est une c\u00e9l\u00e9bration de la fleur blanche : le jasmin frais se m\u00eale \u00e0 l&rsquo;opulente tub\u00e9reuse, tandis que des notes douces de bois de santal et de vanille enveloppent le tout d&rsquo;une \u00e9treinte sensuelle et rassurante. La formule \u00e0 faible teneur en alcool est douce pour les tissus et ne laisse pas de taches. <\/p>\n<ul>\n<li>Parfum lumineux et pr\u00e9cieux : tub\u00e9reuse, jasmin, vanille et bois de santal.<\/li>\n<li>Formule douce, id\u00e9ale pour tous les types de tissus<\/li>\n<li>Bouteille en verre r\u00e9utilisable au design \u00e9l\u00e9gant<\/li>\n<li>Parfait pour parfumer avec style toutes les pi\u00e8ces de la maison<\/li>\n<li>Collection Les Intemporelles : un charme intemporel<\/li>\n<\/ul>\n","protected":false},"excerpt":{"rendered":"<p>Parfum raffin\u00e9 pour le textile dans un flacon en verre travaill\u00e9 avec un bouchon molet\u00e9 transparent. Bouquet Pr\u00e9cieux est une \u00e9l\u00e9gante symphonie florale de tub\u00e9reuse et de jasmin, rehauss\u00e9e par des notes chaudes de bois de santal et de vanille. Une fragrance lumineuse et f\u00e9minine, id\u00e9ale pour le linge de maison et les tissus d&rsquo;ameublement.  <\/p>\n<p>\ud83d\udccf \u00f8 5 x H 13 cm<\/p>\n<div class=\"row row-solid\"  id=\"row-1039970027\">\n\n\n\t<div id=\"col-913164329\" class=\"col small-12 large-12\"  >\n\t\t\t\t<div class=\"col-inner\"  >\n\t\t\t\n\t\t\t\n\n\n\t<a class=\"plain\" href=\"https:\/\/www.tendenzeshabbychic.it\/fr\/Etiquette-produit\/antoniette-fr\/\" >\t<div class=\"icon-box featured-box icon-box-center text-center\"  >\n\t\t\t\t<div class=\"icon-box-text last-reset\">\n\t\t\t<h5 class=\"uppercase\">Bouquet Pr\u00e9cieux<\/h5>\t\t\t\t\t\t\n\n<p style=\"text-align: center;\">Une fragrance \u00e9l\u00e9gante et lumineuse, m\u00e9lange de jasmin exquis et de somptueuse tub\u00e9reuse, envelopp\u00e9e de douces notes de bois de santal et de vanille. Un pr\u00e9cieux bouquet de fleurs blanches.<\/p>\n\n\n\t\t<\/div>\n\t<\/div>\n\t<\/a>\n\t\n\n\t\t<\/div>\n\t\t\t\t\t<\/div>\n\n\t\n\n\t<div id=\"col-1638076601\" class=\"col small-12 large-12\"  >\n\t\t\t\t<div class=\"col-inner\"  >\n\t\t\t\n\t\t\t\n\n\n\t\t<div class=\"icon-box featured-box icon-box-left text-left\"  >\n\t\t\t\t\t<div class=\"icon-box-img\" style=\"width: 60px\">\n\t\t\t\t<div class=\"icon\">\n\t\t\t\t\t<div class=\"icon-inner\" style=\"color:rgb(231, 200, 200);\">\n\t\t\t\t\t\t<?xml version=\"1.0\" encoding=\"utf-8\"?><!-- Uploaded to: SVG Repo, www.svgrepo.com, Generator: SVG Repo Mixer Tools -->\r\n<svg fill=\"#000000\" width=\"800px\" height=\"800px\" viewBox=\"0 0 32 32\" xmlns=\"http:\/\/www.w3.org\/2000\/svg\">\r\n    <circle cx=\"16\" cy=\"16\" r=\"16\"\/>\r\n<\/svg>\t\t\t\t\t<\/div>\n\t\t\t\t<\/div>\n\t\t\t<\/div>\n\t\t\t\t<div class=\"icon-box-text last-reset\">\n\t\t\t\t\t\t\t\t\t\n\n\t<div id=\"text-2066876920\" class=\"text\">\n\t\t\n\n<h3>Notes de t\u00eate<\/h3>\n<p>Fleurs oranges<\/p>\n\n\t\t\n<style>\n#text-2066876920 {\n  line-height: 1;\n}\n<\/style>\n\t<\/div>\n\t\n\n\t\t<\/div>\n\t<\/div>\n\t\n\t\n\n\t\t<div class=\"icon-box featured-box icon-box-left text-left\"  >\n\t\t\t\t\t<div class=\"icon-box-img\" style=\"width: 60px\">\n\t\t\t\t<div class=\"icon\">\n\t\t\t\t\t<div class=\"icon-inner\" style=\"color:rgb(231, 200, 200);\">\n\t\t\t\t\t\t<?xml version=\"1.0\" encoding=\"utf-8\"?><!-- Uploaded to: SVG Repo, www.svgrepo.com, Generator: SVG Repo Mixer Tools -->\r\n<svg width=\"800px\" height=\"800px\" viewBox=\"0 0 24 24\" fill=\"none\" xmlns=\"http:\/\/www.w3.org\/2000\/svg\">\r\n<path d=\"M2 9.1371C2 14 6.01943 16.5914 8.96173 18.9109C10 19.7294 11 20.5 12 20.5C13 20.5 14 19.7294 15.0383 18.9109C17.9806 16.5914 22 14 22 9.1371C22 4.27416 16.4998 0.825464 12 5.50063C7.50016 0.825464 2 4.27416 2 9.1371Z\" fill=\"#1C274C\"\/>\r\n<\/svg>\t\t\t\t\t<\/div>\n\t\t\t\t<\/div>\n\t\t\t<\/div>\n\t\t\t\t<div class=\"icon-box-text last-reset\">\n\t\t\t\t\t\t\t\t\t\n\n\t<div id=\"text-3264148058\" class=\"text\">\n\t\t\n\n<h3>Notes de coeur<\/h3>\n<p>Jasmin et Tub\u00e9reuse<\/p>\n\n\t\t\n<style>\n#text-3264148058 {\n  line-height: 1;\n}\n<\/style>\n\t<\/div>\n\t\n\n\t\t<\/div>\n\t<\/div>\n\t\n\t\n\n\t\t<div class=\"icon-box featured-box icon-box-left text-left\"  >\n\t\t\t\t\t<div class=\"icon-box-img\" style=\"width: 60px\">\n\t\t\t\t<div class=\"icon\">\n\t\t\t\t\t<div class=\"icon-inner\" style=\"color:rgb(231, 200, 200);\">\n\t\t\t\t\t\t<?xml version=\"1.0\" encoding=\"UTF-8\" standalone=\"no\"?>\r\n<!-- Uploaded to: SVG Repo, www.svgrepo.com, Generator: SVG Repo Mixer Tools -->\r\n<svg width=\"800px\" height=\"800px\" viewBox=\"0 -12 32 32\" version=\"1.1\" xmlns=\"http:\/\/www.w3.org\/2000\/svg\" xmlns:xlink=\"http:\/\/www.w3.org\/1999\/xlink\" xmlns:sketch=\"http:\/\/www.bohemiancoding.com\/sketch\/ns\">\r\n    \r\n    <title>minus<\/title>\r\n    <desc>Created with Sketch Beta.<\/desc>\r\n    <defs>\r\n\r\n<\/defs>\r\n    <g id=\"Page-1\" stroke=\"none\" stroke-width=\"1\" fill=\"none\" fill-rule=\"evenodd\" sketch:type=\"MSPage\">\r\n        <g id=\"Icon-Set-Filled\" sketch:type=\"MSLayerGroup\" transform=\"translate(-414.000000, -1049.000000)\" fill=\"#000000\">\r\n            <path d=\"M442,1049 L418,1049 C415.791,1049 414,1050.79 414,1053 C414,1055.21 415.791,1057 418,1057 L442,1057 C444.209,1057 446,1055.21 446,1053 C446,1050.79 444.209,1049 442,1049\" id=\"minus\" sketch:type=\"MSShapeGroup\">\r\n\r\n<\/path>\r\n        <\/g>\r\n    <\/g>\r\n<\/svg>\t\t\t\t\t<\/div>\n\t\t\t\t<\/div>\n\t\t\t<\/div>\n\t\t\t\t<div class=\"icon-box-text last-reset\">\n\t\t\t\t\t\t\t\t\t\n\n\t<div id=\"text-1282683070\" class=\"text\">\n\t\t\n\n<h3>Notes de fond<\/h3>\n<p>Iris, bois de santal et vanille<\/p>\n\n\t\t\n<style>\n#text-1282683070 {\n  line-height: 1;\n}\n<\/style>\n\t<\/div>\n\t\n\n\t\t<\/div>\n\t<\/div>\n\t\n\t\n\n\t\t<\/div>\n\t\t\t\t\t<\/div>\n\n\t\n\n\t<div id=\"col-496175494\" class=\"col small-12 large-12\"  >\n\t\t\t\t<div class=\"col-inner text-center\"  >\n\t\t\t\n\t\t\t\n\n<p style=\"text-align: center;\"><span style=\"font-size: 120%;\"><em>D\u00e9couvrez tous les produits de l'essence Bouquet Pr\u00e9cieux<\/em><\/span><\/p>\n\n<a href=\"https:\/\/www.tendenzeshabbychic.it\/fr\/Etiquette-produit\/bouquet-precieux-fr\/\" class=\"button white is-gloss box-shadow-3\" >\n\t\t<span>Bouquet Pr\u00e9cieux<\/span>\n\t<\/a>\n\n\n\n\t\t<\/div>\n\t\t\t\t\t<\/div>\n\n\t\n\n<\/div>\n","protected":false},"featured_media":195650,"comment_status":"open","ping_status":"closed","template":"","meta":{"_joinchat":[]},"pwb-brand":[621],"product_brand":[],"product_cat":[1520,1515],"product_tag":[692],"class_list":{"0":"post-197140","1":"product","2":"type-product","3":"status-publish","4":"has-post-thumbnail","6":"pwb-brand-mathilde-m","7":"product_cat-parfums-pour-tissus","8":"product_cat-parfumeurs","9":"product_tag-bouquet-precieux","11":"first","12":"instock","13":"taxable","14":"shipping-taxable","15":"purchasable","16":"product-type-simple"},"brands":[{"id":1562,"name":"Mathilde M.","slug":"mathilde-m-fr"}],"_links":{"self":[{"href":"https:\/\/www.tendenzeshabbychic.it\/fr\/wp-json\/wp\/v2\/product\/197140","targetHints":{"allow":["GET"]}}],"collection":[{"href":"https:\/\/www.tendenzeshabbychic.it\/fr\/wp-json\/wp\/v2\/product"}],"about":[{"href":"https:\/\/www.tendenzeshabbychic.it\/fr\/wp-json\/wp\/v2\/types\/product"}],"replies":[{"embeddable":true,"href":"https:\/\/www.tendenzeshabbychic.it\/fr\/wp-json\/wp\/v2\/comments?post=197140"}],"wp:featuredmedia":[{"embeddable":true,"href":"https:\/\/www.tendenzeshabbychic.it\/fr\/wp-json\/wp\/v2\/media\/195650"}],"wp:attachment":[{"href":"https:\/\/www.tendenzeshabbychic.it\/fr\/wp-json\/wp\/v2\/media?parent=197140"}],"wp:term":[{"taxonomy":"pwb-brand","embeddable":true,"href":"https:\/\/www.tendenzeshabbychic.it\/fr\/wp-json\/wp\/v2\/pwb-brand?post=197140"},{"taxonomy":"product_brand","embeddable":true,"href":"https:\/\/www.tendenzeshabbychic.it\/fr\/wp-json\/wp\/v2\/product_brand?post=197140"},{"taxonomy":"product_cat","embeddable":true,"href":"https:\/\/www.tendenzeshabbychic.it\/fr\/wp-json\/wp\/v2\/product_cat?post=197140"},{"taxonomy":"product_tag","embeddable":true,"href":"https:\/\/www.tendenzeshabbychic.it\/fr\/wp-json\/wp\/v2\/product_tag?post=197140"}],"curies":[{"name":"wp","href":"https:\/\/api.w.org\/{rel}","templated":true}]}}